{"id":92312,"date":"2019-07-11T13:57:04","date_gmt":"2019-07-11T13:57:04","guid":{"rendered":"https:\/\/www.3p-gmbh.de\/produkt\/encuadernadoras-adhesivas-schmedt-praecoll-lumbeckfan\/"},"modified":"2019-07-11T13:57:04","modified_gmt":"2019-07-11T13:57:04","slug":"lazo-adhesivo-para-ventilador-lumbeck","status":"publish","type":"product","link":"https:\/\/www.3p-gmbh.de\/es\/produkt\/lazo-adhesivo-para-ventilador-lumbeck\/","title":{"rendered":"Encuadernadoras adhesivas Schmedt Pr\u00e4Coll LumbeckFan"},"content":{"rendered":"<p>Lumbecken &#8211; Encuadernaci\u00f3n adhesiva en abanico con dispositivo de encuadernaci\u00f3n adhesiva Pr\u00e4Coll de Schmedt<\/p>\n<ul>\n<li>con encoladora integrada, placa vibratoria y maderas redondas<\/li>\n<li>con 6 abrazaderas secas (abrazaderas r\u00e1pidas)<\/li>\n<li>m\u00e1x. Grosor del bloque del libro: aprox. 80 mm<\/li>\n<li>m\u00e1x. Altura del bloque: 345 mm<\/li>\n<li>230 V<\/li>\n<\/ul>\n","protected":false},"excerpt":{"rendered":"<p>Lumbecken &#8211; Encuadernaci\u00f3n adhesiva en abanico con dispositivo de encuadernaci\u00f3n adhesiva Pr\u00e4Coll de Schmedt con encoladora integrada, placa vibratoria y maderas redondas con 6 abrazaderas secas (abrazaderas r\u00e1pidas) m\u00e1x. Grosor del bloque del libro: aprox. 80 mm m\u00e1x. Altura del bloque: 345 mm 230 V<\/p>\n","protected":false},"featured_media":92317,"template":"","meta":[],"product_brand":[],"product_cat":[2894],"product_tag":[],"class_list":{"0":"post-92312","1":"product","2":"type-product","3":"status-publish","4":"has-post-thumbnail","6":"product_cat-surtido-encuadernacion","7":"pa_hersteller-schmedt","8":"pa_typ-praecoll","10":"first","11":"instock","12":"sold-individually","13":"taxable","14":"shipping-taxable","15":"purchasable","16":"product-type-simple"},"jetpack_sharing_enabled":true,"_links":{"self":[{"href":"https:\/\/www.3p-gmbh.de\/es\/wp-json\/wp\/v2\/product\/92312","targetHints":{"allow":["GET"]}}],"collection":[{"href":"https:\/\/www.3p-gmbh.de\/es\/wp-json\/wp\/v2\/product"}],"about":[{"href":"https:\/\/www.3p-gmbh.de\/es\/wp-json\/wp\/v2\/types\/product"}],"wp:featuredmedia":[{"embeddable":true,"href":"https:\/\/www.3p-gmbh.de\/es\/wp-json\/wp\/v2\/media\/92317"}],"wp:attachment":[{"href":"https:\/\/www.3p-gmbh.de\/es\/wp-json\/wp\/v2\/media?parent=92312"}],"wp:term":[{"taxonomy":"product_brand","embeddable":true,"href":"https:\/\/www.3p-gmbh.de\/es\/wp-json\/wp\/v2\/product_brand?post=92312"},{"taxonomy":"product_cat","embeddable":true,"href":"https:\/\/www.3p-gmbh.de\/es\/wp-json\/wp\/v2\/product_cat?post=92312"},{"taxonomy":"product_tag","embeddable":true,"href":"https:\/\/www.3p-gmbh.de\/es\/wp-json\/wp\/v2\/product_tag?post=92312"}],"curies":[{"name":"wp","href":"https:\/\/api.w.org\/{rel}","templated":true}]}}