{"id":92287,"date":"2019-07-11T13:57:04","date_gmt":"2019-07-11T13:57:04","guid":{"rendered":"https:\/\/www.3p-gmbh.de\/produkt\/taladradora-de-papel-constantin-hang-114-4\/"},"modified":"2019-07-11T13:57:04","modified_gmt":"2019-07-11T13:57:04","slug":"taladro-de-papel","status":"publish","type":"product","link":"https:\/\/www.3p-gmbh.de\/es\/produkt\/taladro-de-papel\/","title":{"rendered":"Taladradora de papel Constantin Hang 114-4"},"content":{"rendered":"<ul>\n<li>con tabla de tablaturas<\/li>\n<li>con pasos de velocidad de elevaci\u00f3n de la mesa<\/li>\n<li>Cuatro cabezales de perforaci\u00f3n instalados, posibilidad de ampliar a cinco<\/li>\n<li>Rango de perforaci\u00f3n 3 &#8211; 10 mm (opcionalmente 14 mm)<\/li>\n<li>Distancia de perforaci\u00f3n ajustable<\/li>\n<li>M\u00e1quina m\u00f3vil sobre rodillos<\/li>\n<\/ul>\n","protected":false},"excerpt":{"rendered":"<p>con tabla de tablaturas con pasos de velocidad de elevaci\u00f3n de la mesa Cuatro cabezales de perforaci\u00f3n instalados, posibilidad de ampliar a cinco Rango de perforaci\u00f3n 3 &#8211; 10 mm (opcionalmente 14 mm) Distancia de perforaci\u00f3n ajustable M\u00e1quina m\u00f3vil sobre rodillos<\/p>\n","protected":false},"featured_media":67732,"template":"","meta":[],"product_brand":[],"product_cat":[2956],"product_tag":[],"class_list":{"0":"post-92287","1":"product","2":"type-product","3":"status-publish","4":"has-post-thumbnail","6":"product_cat-taladros-de-papel","7":"pa_baujahr-165","8":"pa_hersteller-constantin-hang","9":"pa_typ-114-4","11":"first","12":"instock","13":"sold-individually","14":"taxable","15":"shipping-taxable","16":"purchasable","17":"product-type-simple"},"jetpack_sharing_enabled":true,"_links":{"self":[{"href":"https:\/\/www.3p-gmbh.de\/es\/wp-json\/wp\/v2\/product\/92287","targetHints":{"allow":["GET"]}}],"collection":[{"href":"https:\/\/www.3p-gmbh.de\/es\/wp-json\/wp\/v2\/product"}],"about":[{"href":"https:\/\/www.3p-gmbh.de\/es\/wp-json\/wp\/v2\/types\/product"}],"wp:featuredmedia":[{"embeddable":true,"href":"https:\/\/www.3p-gmbh.de\/es\/wp-json\/wp\/v2\/media\/67732"}],"wp:attachment":[{"href":"https:\/\/www.3p-gmbh.de\/es\/wp-json\/wp\/v2\/media?parent=92287"}],"wp:term":[{"taxonomy":"product_brand","embeddable":true,"href":"https:\/\/www.3p-gmbh.de\/es\/wp-json\/wp\/v2\/product_brand?post=92287"},{"taxonomy":"product_cat","embeddable":true,"href":"https:\/\/www.3p-gmbh.de\/es\/wp-json\/wp\/v2\/product_cat?post=92287"},{"taxonomy":"product_tag","embeddable":true,"href":"https:\/\/www.3p-gmbh.de\/es\/wp-json\/wp\/v2\/product_tag?post=92287"}],"curies":[{"name":"wp","href":"https:\/\/api.w.org\/{rel}","templated":true}]}}