{"id":92268,"date":"2019-07-11T13:57:04","date_gmt":"2019-07-11T13:57:04","guid":{"rendered":"https:\/\/www.3p-gmbh.de\/produkt\/recortadora-de-tres-cuchillas-splek-hydromat-de-sperr-lechner\/"},"modified":"2019-07-11T13:57:04","modified_gmt":"2019-07-11T13:57:04","slug":"maquina-expendedora-de-tres-cuchillos","status":"publish","type":"product","link":"https:\/\/www.3p-gmbh.de\/es\/produkt\/maquina-expendedora-de-tres-cuchillos\/","title":{"rendered":"Recortadora de tres cuchillas Splek Hydromat de Sperr &amp; Lechner"},"content":{"rendered":"<ul>\n<li>Recortadora de tres cuchillas con opci\u00f3n de recorte por los 4 lados<\/li>\n<li>A\u00f1o de fabricaci\u00f3n 1999<\/li>\n<li>pocas horas de funcionamiento<\/li>\n<li>Rango de formato m\u00e1x. 460&#215;350 mm, m\u00edn. 70&#215;50 mm<\/li>\n<li>Altura de apilado: m\u00e1x. 120 mm<\/li>\n<li>Rendimiento: hasta 25 ciclos\/min.<\/li>\n<\/ul>\n","protected":false},"excerpt":{"rendered":"<p>Recortadora de tres cuchillas con opci\u00f3n de recorte por los 4 lados A\u00f1o de fabricaci\u00f3n 1999 pocas horas de funcionamiento Rango de formato m\u00e1x. 460&#215;350 mm, m\u00edn. 70&#215;50 mm Altura de apilado: m\u00e1x. 120 mm Rendimiento: hasta 25 ciclos\/min.<\/p>\n","protected":false},"featured_media":70978,"template":"","meta":[],"product_brand":[],"product_cat":[3018],"product_tag":[],"class_list":{"0":"post-92268","1":"product","2":"type-product","3":"status-publish","4":"has-post-thumbnail","6":"product_cat-maquinas-de-corte-es","7":"pa_baujahr-158","8":"pa_hersteller-sperr-lechner","9":"pa_typ-splek-hydromat","11":"first","12":"instock","13":"sold-individually","14":"taxable","15":"shipping-taxable","16":"purchasable","17":"product-type-simple"},"jetpack_sharing_enabled":true,"_links":{"self":[{"href":"https:\/\/www.3p-gmbh.de\/es\/wp-json\/wp\/v2\/product\/92268","targetHints":{"allow":["GET"]}}],"collection":[{"href":"https:\/\/www.3p-gmbh.de\/es\/wp-json\/wp\/v2\/product"}],"about":[{"href":"https:\/\/www.3p-gmbh.de\/es\/wp-json\/wp\/v2\/types\/product"}],"wp:featuredmedia":[{"embeddable":true,"href":"https:\/\/www.3p-gmbh.de\/es\/wp-json\/wp\/v2\/media\/70978"}],"wp:attachment":[{"href":"https:\/\/www.3p-gmbh.de\/es\/wp-json\/wp\/v2\/media?parent=92268"}],"wp:term":[{"taxonomy":"product_brand","embeddable":true,"href":"https:\/\/www.3p-gmbh.de\/es\/wp-json\/wp\/v2\/product_brand?post=92268"},{"taxonomy":"product_cat","embeddable":true,"href":"https:\/\/www.3p-gmbh.de\/es\/wp-json\/wp\/v2\/product_cat?post=92268"},{"taxonomy":"product_tag","embeddable":true,"href":"https:\/\/www.3p-gmbh.de\/es\/wp-json\/wp\/v2\/product_tag?post=92268"}],"curies":[{"name":"wp","href":"https:\/\/api.w.org\/{rel}","templated":true}]}}