{"id":92259,"date":"2019-07-11T13:57:04","date_gmt":"2019-07-11T13:57:04","guid":{"rendered":"https:\/\/www.3p-gmbh.de\/produkt\/perforadora-y-encuadernadora-renz-combi-s\/"},"modified":"2019-07-11T13:57:04","modified_gmt":"2019-07-11T13:57:04","slug":"encuadernadora-punzonadora-de-plastico","status":"publish","type":"product","link":"https:\/\/www.3p-gmbh.de\/es\/produkt\/encuadernadora-punzonadora-de-plastico\/","title":{"rendered":"Perforadora y encuadernadora Renz Combi S"},"content":{"rendered":"<ul>\n<li>Encuadernadora de pl\u00e1stico DIN A4<\/li>\n<li>Capacidad 500 hojas<\/li>\n<li>Anchura de trabajo: A4 (340 mm)<\/li>\n<li>Capacidad de encuadernaci\u00f3n: 500 hojas<\/li>\n<li>Capacidad de perforaci\u00f3n: 25 hojas<\/li>\n<li>Paso: paso US para 21 anillas (m\u00e1x. 24 anillas)<\/li>\n<li>m\u00e1x. Di\u00e1metro del lomo de la encuadernadora: 50 mm<\/li>\n<li>Tope lateral del papel: variable<\/li>\n<li>Palancas de punzonado desembragables individualmente<\/li>\n<li>distancia entre bordes ajustable<\/li>\n<li>Dispositivo de medici\u00f3n de documentos<\/li>\n<li>Contenedor de residuos de perforaci\u00f3n<\/li>\n<li>adici\u00f3n posterior<\/li>\n<li>Es posible intercambiar y eliminar p\u00e1ginas<\/li>\n<\/ul>\n","protected":false},"excerpt":{"rendered":"<p>Encuadernadora de pl\u00e1stico DIN A4 Capacidad 500 hojas Anchura de trabajo: A4 (340 mm) Capacidad de encuadernaci\u00f3n: 500 hojas Capacidad de perforaci\u00f3n: 25 hojas Paso: paso US para 21 anillas (m\u00e1x. 24 anillas) m\u00e1x. Di\u00e1metro del lomo de la encuadernadora: 50 mm Tope lateral del papel: variable Palancas de punzonado desembragables individualmente distancia entre bordes [&hellip;]<\/p>\n","protected":false},"featured_media":67657,"template":"","meta":[],"product_brand":[],"product_cat":[2854],"product_tag":[],"class_list":{"0":"post-92259","1":"product","2":"type-product","3":"status-publish","4":"has-post-thumbnail","6":"product_cat-encuadernadoras-de-alambre","7":"pa_baujahr-137","8":"pa_hersteller-christian-renz","9":"pa_typ-combi-s","11":"first","12":"instock","13":"sold-individually","14":"taxable","15":"shipping-taxable","16":"purchasable","17":"product-type-simple"},"jetpack_sharing_enabled":true,"_links":{"self":[{"href":"https:\/\/www.3p-gmbh.de\/es\/wp-json\/wp\/v2\/product\/92259","targetHints":{"allow":["GET"]}}],"collection":[{"href":"https:\/\/www.3p-gmbh.de\/es\/wp-json\/wp\/v2\/product"}],"about":[{"href":"https:\/\/www.3p-gmbh.de\/es\/wp-json\/wp\/v2\/types\/product"}],"wp:featuredmedia":[{"embeddable":true,"href":"https:\/\/www.3p-gmbh.de\/es\/wp-json\/wp\/v2\/media\/67657"}],"wp:attachment":[{"href":"https:\/\/www.3p-gmbh.de\/es\/wp-json\/wp\/v2\/media?parent=92259"}],"wp:term":[{"taxonomy":"product_brand","embeddable":true,"href":"https:\/\/www.3p-gmbh.de\/es\/wp-json\/wp\/v2\/product_brand?post=92259"},{"taxonomy":"product_cat","embeddable":true,"href":"https:\/\/www.3p-gmbh.de\/es\/wp-json\/wp\/v2\/product_cat?post=92259"},{"taxonomy":"product_tag","embeddable":true,"href":"https:\/\/www.3p-gmbh.de\/es\/wp-json\/wp\/v2\/product_tag?post=92259"}],"curies":[{"name":"wp","href":"https:\/\/api.w.org\/{rel}","templated":true}]}}