{"id":92253,"date":"2019-07-11T13:57:16","date_gmt":"2019-07-11T13:57:16","guid":{"rendered":"https:\/\/www.3p-gmbh.de\/produkt\/elevador-de-pales-evert-butler-1200\/"},"modified":"2019-07-11T13:57:16","modified_gmt":"2019-07-11T13:57:16","slug":"elevador-de-pales-3","status":"publish","type":"product","link":"https:\/\/www.3p-gmbh.de\/es\/produkt\/elevador-de-pales-3\/","title":{"rendered":"Elevador de pal\u00e9s Evert Butler 1200"},"content":{"rendered":"<ul>\n<li>Mantiene las paletas a la altura \u00f3ptima de trabajo<\/li>\n<li>La elevaci\u00f3n y el descenso se realizan mediante pulsadores<\/li>\n<li>Las ruedas facilitan el transporte al lugar de trabajo<\/li>\n<li>Longitud de horquilla 1100 mm, adecuada para europalets est\u00e1ndar<\/li>\n<li>Peso propio: 330 kg<\/li>\n<li>Capacidad de carga: 1200 kg<\/li>\n<li>Altura de elevaci\u00f3n: 1000 mm<\/li>\n<li>Alimentaci\u00f3n: 380 V<\/li>\n<\/ul>\n","protected":false},"excerpt":{"rendered":"<p>Mantiene las paletas a la altura \u00f3ptima de trabajo La elevaci\u00f3n y el descenso se realizan mediante pulsadores Las ruedas facilitan el transporte al lugar de trabajo Longitud de horquilla 1100 mm, adecuada para europalets est\u00e1ndar Peso propio: 330 kg Capacidad de carga: 1200 kg Altura de elevaci\u00f3n: 1000 mm Alimentaci\u00f3n: 380 V<\/p>\n","protected":false},"featured_media":68011,"template":"","meta":[],"product_brand":[],"product_cat":[2975],"product_tag":[],"class_list":{"0":"post-92253","1":"product","2":"type-product","3":"status-publish","4":"has-post-thumbnail","6":"product_cat-elevadores-y-apiladores","7":"pa_baujahr-266","8":"pa_hersteller-evert","9":"pa_typ-butler-1200","11":"first","12":"instock","13":"sold-individually","14":"taxable","15":"shipping-taxable","16":"purchasable","17":"product-type-simple"},"jetpack_sharing_enabled":true,"_links":{"self":[{"href":"https:\/\/www.3p-gmbh.de\/es\/wp-json\/wp\/v2\/product\/92253","targetHints":{"allow":["GET"]}}],"collection":[{"href":"https:\/\/www.3p-gmbh.de\/es\/wp-json\/wp\/v2\/product"}],"about":[{"href":"https:\/\/www.3p-gmbh.de\/es\/wp-json\/wp\/v2\/types\/product"}],"wp:featuredmedia":[{"embeddable":true,"href":"https:\/\/www.3p-gmbh.de\/es\/wp-json\/wp\/v2\/media\/68011"}],"wp:attachment":[{"href":"https:\/\/www.3p-gmbh.de\/es\/wp-json\/wp\/v2\/media?parent=92253"}],"wp:term":[{"taxonomy":"product_brand","embeddable":true,"href":"https:\/\/www.3p-gmbh.de\/es\/wp-json\/wp\/v2\/product_brand?post=92253"},{"taxonomy":"product_cat","embeddable":true,"href":"https:\/\/www.3p-gmbh.de\/es\/wp-json\/wp\/v2\/product_cat?post=92253"},{"taxonomy":"product_tag","embeddable":true,"href":"https:\/\/www.3p-gmbh.de\/es\/wp-json\/wp\/v2\/product_tag?post=92253"}],"curies":[{"name":"wp","href":"https:\/\/api.w.org\/{rel}","templated":true}]}}