{"id":92233,"date":"2019-07-11T13:57:16","date_gmt":"2019-07-11T13:57:16","guid":{"rendered":"https:\/\/www.3p-gmbh.de\/produkt\/prensa-de-rejilla-rolong-de-gantenbein\/"},"modified":"2019-07-11T13:57:16","modified_gmt":"2019-07-11T13:57:16","slug":"frotador-prensa-rolong-von-gantenbein","status":"publish","type":"product","link":"https:\/\/www.3p-gmbh.de\/es\/produkt\/frotador-prensa-rolong-von-gantenbein\/","title":{"rendered":"Prensa de rejilla Rolong de Gantenbein"},"content":{"rendered":"<p>Encuadernaci\u00f3n, tratamiento del lomo, Ableimen, surtido, tiradas cortas, encuadernaci\u00f3n art\u00edstica, encuadernaci\u00f3n perfecta, tapa dura&#8230;<\/p>\n","protected":false},"excerpt":{"rendered":"<p>Encuadernaci\u00f3n, tratamiento del lomo, Ableimen, surtido, tiradas cortas, encuadernaci\u00f3n art\u00edstica, encuadernaci\u00f3n perfecta, tapa dura&#8230;<\/p>\n","protected":false},"featured_media":67972,"template":"","meta":[],"product_brand":[],"product_cat":[2894],"product_tag":[],"class_list":{"0":"post-92233","1":"product","2":"type-product","3":"status-publish","4":"has-post-thumbnail","6":"product_cat-surtido-encuadernacion","7":"pa_hersteller-rolong","9":"first","10":"instock","11":"sold-individually","12":"taxable","13":"shipping-taxable","14":"purchasable","15":"product-type-simple"},"jetpack_sharing_enabled":true,"_links":{"self":[{"href":"https:\/\/www.3p-gmbh.de\/es\/wp-json\/wp\/v2\/product\/92233","targetHints":{"allow":["GET"]}}],"collection":[{"href":"https:\/\/www.3p-gmbh.de\/es\/wp-json\/wp\/v2\/product"}],"about":[{"href":"https:\/\/www.3p-gmbh.de\/es\/wp-json\/wp\/v2\/types\/product"}],"wp:featuredmedia":[{"embeddable":true,"href":"https:\/\/www.3p-gmbh.de\/es\/wp-json\/wp\/v2\/media\/67972"}],"wp:attachment":[{"href":"https:\/\/www.3p-gmbh.de\/es\/wp-json\/wp\/v2\/media?parent=92233"}],"wp:term":[{"taxonomy":"product_brand","embeddable":true,"href":"https:\/\/www.3p-gmbh.de\/es\/wp-json\/wp\/v2\/product_brand?post=92233"},{"taxonomy":"product_cat","embeddable":true,"href":"https:\/\/www.3p-gmbh.de\/es\/wp-json\/wp\/v2\/product_cat?post=92233"},{"taxonomy":"product_tag","embeddable":true,"href":"https:\/\/www.3p-gmbh.de\/es\/wp-json\/wp\/v2\/product_tag?post=92233"}],"curies":[{"name":"wp","href":"https:\/\/api.w.org\/{rel}","templated":true}]}}