{"id":92232,"date":"2019-07-11T13:57:16","date_gmt":"2019-07-11T13:57:16","guid":{"rendered":"https:\/\/www.3p-gmbh.de\/produkt\/constantin-hang-lok-103-autom-engrasadora\/"},"modified":"2019-07-11T13:57:16","modified_gmt":"2019-07-11T13:57:16","slug":"maquina-automatica-oes","status":"publish","type":"product","link":"https:\/\/www.3p-gmbh.de\/es\/produkt\/maquina-automatica-oes\/","title":{"rendered":"Constantin Hang LOK-103 autom. Engrasadora"},"content":{"rendered":"<p>La m\u00e1quina se utiliza para insertar ojetes en material preperforado como cart\u00f3n, cartulina, pl\u00e1sticos, etc.<\/p>\n<ul>\n<li>con accionamiento por motor freno sin mantenimiento<\/li>\n<li>Alimentaci\u00f3n autom\u00e1tica de ojetes a la herramienta superior<\/li>\n<li>La presi\u00f3n de los ojales puede ajustarse en funci\u00f3n del grosor del material<\/li>\n<li>La m\u00e1quina se puede convertir a otro tama\u00f1o de ojal en pocos minutos (opcional)<\/li>\n<li>Activado por interruptor de pedal el\u00e9ctrico<\/li>\n<\/ul>\n","protected":false},"excerpt":{"rendered":"<p>La m\u00e1quina se utiliza para insertar ojetes en material preperforado como cart\u00f3n, cartulina, pl\u00e1sticos, etc. con accionamiento por motor freno sin mantenimiento Alimentaci\u00f3n autom\u00e1tica de ojetes a la herramienta superior La presi\u00f3n de los ojales puede ajustarse en funci\u00f3n del grosor del material La m\u00e1quina se puede convertir a otro tama\u00f1o de ojal en pocos [&hellip;]<\/p>\n","protected":false},"featured_media":67960,"template":"","meta":[],"product_brand":[],"product_cat":[3058],"product_tag":[],"class_list":{"0":"post-92232","1":"product","2":"type-product","3":"status-publish","4":"has-post-thumbnail","6":"product_cat-engrasadoras","7":"pa_hersteller-constantin-hang","8":"pa_typ-lok-103","10":"first","11":"instock","12":"sold-individually","13":"taxable","14":"shipping-taxable","15":"purchasable","16":"product-type-simple"},"jetpack_sharing_enabled":true,"_links":{"self":[{"href":"https:\/\/www.3p-gmbh.de\/es\/wp-json\/wp\/v2\/product\/92232","targetHints":{"allow":["GET"]}}],"collection":[{"href":"https:\/\/www.3p-gmbh.de\/es\/wp-json\/wp\/v2\/product"}],"about":[{"href":"https:\/\/www.3p-gmbh.de\/es\/wp-json\/wp\/v2\/types\/product"}],"wp:featuredmedia":[{"embeddable":true,"href":"https:\/\/www.3p-gmbh.de\/es\/wp-json\/wp\/v2\/media\/67960"}],"wp:attachment":[{"href":"https:\/\/www.3p-gmbh.de\/es\/wp-json\/wp\/v2\/media?parent=92232"}],"wp:term":[{"taxonomy":"product_brand","embeddable":true,"href":"https:\/\/www.3p-gmbh.de\/es\/wp-json\/wp\/v2\/product_brand?post=92232"},{"taxonomy":"product_cat","embeddable":true,"href":"https:\/\/www.3p-gmbh.de\/es\/wp-json\/wp\/v2\/product_cat?post=92232"},{"taxonomy":"product_tag","embeddable":true,"href":"https:\/\/www.3p-gmbh.de\/es\/wp-json\/wp\/v2\/product_tag?post=92232"}],"curies":[{"name":"wp","href":"https:\/\/api.w.org\/{rel}","templated":true}]}}