{"id":92224,"date":"2019-07-11T13:57:16","date_gmt":"2019-07-11T13:57:16","guid":{"rendered":"https:\/\/www.3p-gmbh.de\/produkt\/horizon-bq-470-pegamento-caliente-con-cuatro-pinzas\/"},"modified":"2019-07-11T13:57:16","modified_gmt":"2019-07-11T13:57:16","slug":"aglutinante-adhesivo-termofusible-de-cuatro-puntas","status":"publish","type":"product","link":"https:\/\/www.3p-gmbh.de\/es\/produkt\/aglutinante-adhesivo-termofusible-de-cuatro-puntas\/","title":{"rendered":"Horizon BQ 470 Pegamento caliente con cuatro pinzas"},"content":{"rendered":"<ul>\n<li>Pegamento tipo EVA (hotmelt) con tambor de 20 kg de masa fundida<\/li>\n<li>Toque y trabaje con la memoria de trabajos 100 posiciones de memoria<\/li>\n<li>Encolado lateral<\/li>\n<li>Pliegue cu\u00e1druple<\/li>\n<li>Campana extractora incl. Extracci\u00f3n de virutas<\/li>\n<li>Anchura del bloque del libro: m\u00edn. 105 mm, m\u00e1x. 320 mm<\/li>\n<li>Altura del bloque de libros: m\u00edn. 145 mm, m\u00e1x. 320 mm<\/li>\n<li>Grosor del dorso: 2-50 mm<\/li>\n<li>Formato de la cubierta: min. 225 x 135 mm, m\u00e1x. 660 x 320 mm<\/li>\n<li>Grosor de la cubierta: 80-350 g\/m\u00b2.<\/li>\n<li>Potencia: m\u00e1x. 1000 ciclos\/h<\/li>\n<\/ul>\n","protected":false},"excerpt":{"rendered":"<p>Pegamento tipo EVA (hotmelt) con tambor de 20 kg de masa fundida Toque y trabaje con la memoria de trabajos 100 posiciones de memoria Encolado lateral Pliegue cu\u00e1druple Campana extractora incl. Extracci\u00f3n de virutas Anchura del bloque del libro: m\u00edn. 105 mm, m\u00e1x. 320 mm Altura del bloque de libros: m\u00edn. 145 mm, m\u00e1x. 320 [&hellip;]<\/p>\n","protected":false},"featured_media":70963,"template":"","meta":[],"product_brand":[],"product_cat":[2954],"product_tag":[],"class_list":{"0":"post-92224","1":"product","2":"type-product","3":"status-publish","4":"has-post-thumbnail","6":"product_cat-aglutinante-adhesivo","7":"pa_baujahr-143","8":"pa_hersteller-horizon","9":"pa_typ-bq-470-eva","11":"first","12":"instock","13":"sold-individually","14":"taxable","15":"shipping-taxable","16":"purchasable","17":"product-type-simple"},"jetpack_sharing_enabled":true,"_links":{"self":[{"href":"https:\/\/www.3p-gmbh.de\/es\/wp-json\/wp\/v2\/product\/92224","targetHints":{"allow":["GET"]}}],"collection":[{"href":"https:\/\/www.3p-gmbh.de\/es\/wp-json\/wp\/v2\/product"}],"about":[{"href":"https:\/\/www.3p-gmbh.de\/es\/wp-json\/wp\/v2\/types\/product"}],"wp:featuredmedia":[{"embeddable":true,"href":"https:\/\/www.3p-gmbh.de\/es\/wp-json\/wp\/v2\/media\/70963"}],"wp:attachment":[{"href":"https:\/\/www.3p-gmbh.de\/es\/wp-json\/wp\/v2\/media?parent=92224"}],"wp:term":[{"taxonomy":"product_brand","embeddable":true,"href":"https:\/\/www.3p-gmbh.de\/es\/wp-json\/wp\/v2\/product_brand?post=92224"},{"taxonomy":"product_cat","embeddable":true,"href":"https:\/\/www.3p-gmbh.de\/es\/wp-json\/wp\/v2\/product_cat?post=92224"},{"taxonomy":"product_tag","embeddable":true,"href":"https:\/\/www.3p-gmbh.de\/es\/wp-json\/wp\/v2\/product_tag?post=92224"}],"curies":[{"name":"wp","href":"https:\/\/api.w.org\/{rel}","templated":true}]}}