{"id":92215,"date":"2019-07-11T13:57:16","date_gmt":"2019-07-11T13:57:16","guid":{"rendered":"https:\/\/www.3p-gmbh.de\/produkt\/encoladora-de-bloques-muero-4-x-5000-a-3-wt-revisada-en-perfecto-estado\/"},"modified":"2019-07-11T13:57:16","modified_gmt":"2019-07-11T13:57:16","slug":"encoladora-de-bloques-2","status":"publish","type":"product","link":"https:\/\/www.3p-gmbh.de\/es\/produkt\/encoladora-de-bloques-2\/","title":{"rendered":"Encoladora de bloques M\u00fcro 4 x 5000 A 3 WT &#8211; revisada en perfecto estado"},"content":{"rendered":"<p><strong>Encoladora de bloques M\u00fcro 4 x 5000 A3 WT 2<\/strong><br \/>\n<strong>en perfecto estado<\/strong><\/p>\n<p>para la producci\u00f3n en serie de juegos de formularios, folletos, cat\u00e1logos, tarjetas de pesaje, calendarios,<br \/>\nBlocs de notas en blocs, blocs de emergencia, blocs de recibos, blocs de escritura y cubos de notas.<\/p>\n<p>4 prensas con una altura de apilado de 50 cm cada una sobre una placa base giratoria, por lo tanto gran capacidad de recogida y funcionamiento continuo.<br \/>\nApilado preciso y r\u00e1pido en posici\u00f3n inclinada de las prensas.<br \/>\nSecado r\u00e1pido con 2 sopladores de aire caliente. Mientras se carga una prensa, el material de encuadernaci\u00f3n ya se est\u00e1 secando y enfriando en las otras prensas.<\/p>\n<p>Presi\u00f3n de prensado variable: importante para el encolado autosellante de juegos de formularios, as\u00ed como para el fresado de ranuras de folletos y tarjetas de pesaje.<\/p>\n<p>Altura de apilado: 52,5 cm<br \/>\nAnchura de la prensa: 52,5 cm<br \/>\nProfundidad de la prensa: 32 cm<br \/>\nEspacio necesario en acci\u00f3n: 1,8 x 1,8 m<br \/>\nPeso:aprox. 102 kg<br \/>\nCarga conectada: 230 V, 1100\/2150 W<\/p>\n<p><strong>1 estaci\u00f3n de secado por aire caliente con 2 soplantes WT con aire fr\u00edo, etapas de 1100 W y 2150 W<\/strong><br \/>\n<strong>1 deflector de calor para un secado uniforme<\/strong><\/p>\n","protected":false},"excerpt":{"rendered":"<p>Encoladora de bloques M\u00fcro 4 x 5000 A3 WT 2 en perfecto estado para la producci\u00f3n en serie de juegos de formularios, folletos, cat\u00e1logos, tarjetas de pesaje, calendarios, Blocs de notas en blocs, blocs de emergencia, blocs de recibos, blocs de escritura y cubos de notas. 4 prensas con una altura de apilado de 50 [&hellip;]<\/p>\n","protected":false},"featured_media":80721,"template":"","meta":[],"product_brand":[],"product_cat":[2894],"product_tag":[],"class_list":{"0":"post-92215","1":"product","2":"type-product","3":"status-publish","4":"has-post-thumbnail","6":"product_cat-surtido-encuadernacion","7":"pa_baujahr-140","8":"pa_hersteller-muero","9":"pa_typ-muero-4-x-5000-a-3-wt","11":"first","12":"instock","13":"sold-individually","14":"taxable","15":"shipping-taxable","16":"purchasable","17":"product-type-simple"},"jetpack_sharing_enabled":true,"_links":{"self":[{"href":"https:\/\/www.3p-gmbh.de\/es\/wp-json\/wp\/v2\/product\/92215","targetHints":{"allow":["GET"]}}],"collection":[{"href":"https:\/\/www.3p-gmbh.de\/es\/wp-json\/wp\/v2\/product"}],"about":[{"href":"https:\/\/www.3p-gmbh.de\/es\/wp-json\/wp\/v2\/types\/product"}],"wp:featuredmedia":[{"embeddable":true,"href":"https:\/\/www.3p-gmbh.de\/es\/wp-json\/wp\/v2\/media\/80721"}],"wp:attachment":[{"href":"https:\/\/www.3p-gmbh.de\/es\/wp-json\/wp\/v2\/media?parent=92215"}],"wp:term":[{"taxonomy":"product_brand","embeddable":true,"href":"https:\/\/www.3p-gmbh.de\/es\/wp-json\/wp\/v2\/product_brand?post=92215"},{"taxonomy":"product_cat","embeddable":true,"href":"https:\/\/www.3p-gmbh.de\/es\/wp-json\/wp\/v2\/product_cat?post=92215"},{"taxonomy":"product_tag","embeddable":true,"href":"https:\/\/www.3p-gmbh.de\/es\/wp-json\/wp\/v2\/product_tag?post=92215"}],"curies":[{"name":"wp","href":"https:\/\/api.w.org\/{rel}","templated":true}]}}