{"id":92214,"date":"2019-07-11T13:57:16","date_gmt":"2019-07-11T13:57:16","guid":{"rendered":"https:\/\/www.3p-gmbh.de\/produkt\/brehmer-39-3-4-2-maquina-de-coser-semiautomatica-de-hilo-de-bloque-de-libro\/"},"modified":"2019-07-11T13:57:16","modified_gmt":"2019-07-11T13:57:16","slug":"cosedora-semiautomatica-de-libros-con-bloqueo-de-hilo","status":"publish","type":"product","link":"https:\/\/www.3p-gmbh.de\/es\/produkt\/cosedora-semiautomatica-de-libros-con-bloqueo-de-hilo\/","title":{"rendered":"Brehmer 39 3\/4-2 m\u00e1quina de coser semiautom\u00e1tica de hilo de bloque de libro"},"content":{"rendered":"<ul>\n<li>A\u00f1o de fabricaci\u00f3n 1951<\/li>\n<li>totalmente funcional<\/li>\n<li>Formato 120x70mm &#8211; 280x440mm<\/li>\n<li>7 Cabezales de cosido<\/li>\n<li>Vibraci\u00f3n m\u00e1x. 70 grapas\/min.<\/li>\n<\/ul>\n","protected":false},"excerpt":{"rendered":"<p>A\u00f1o de fabricaci\u00f3n 1951 totalmente funcional Formato 120x70mm &#8211; 280x440mm 7 Cabezales de cosido Vibraci\u00f3n m\u00e1x. 70 grapas\/min.<\/p>\n","protected":false},"featured_media":67924,"template":"","meta":[],"product_brand":[],"product_cat":[3088],"product_tag":[],"class_list":{"0":"post-92214","1":"product","2":"type-product","3":"status-publish","4":"has-post-thumbnail","6":"product_cat-maquinas-de-coser-de-hilo","7":"pa_baujahr-1113","8":"pa_hersteller-brehmer-buchbindereimaschinen","9":"pa_typ-39-3-4-2","11":"first","12":"instock","13":"sold-individually","14":"taxable","15":"shipping-taxable","16":"purchasable","17":"product-type-simple"},"jetpack_sharing_enabled":true,"_links":{"self":[{"href":"https:\/\/www.3p-gmbh.de\/es\/wp-json\/wp\/v2\/product\/92214","targetHints":{"allow":["GET"]}}],"collection":[{"href":"https:\/\/www.3p-gmbh.de\/es\/wp-json\/wp\/v2\/product"}],"about":[{"href":"https:\/\/www.3p-gmbh.de\/es\/wp-json\/wp\/v2\/types\/product"}],"wp:featuredmedia":[{"embeddable":true,"href":"https:\/\/www.3p-gmbh.de\/es\/wp-json\/wp\/v2\/media\/67924"}],"wp:attachment":[{"href":"https:\/\/www.3p-gmbh.de\/es\/wp-json\/wp\/v2\/media?parent=92214"}],"wp:term":[{"taxonomy":"product_brand","embeddable":true,"href":"https:\/\/www.3p-gmbh.de\/es\/wp-json\/wp\/v2\/product_brand?post=92214"},{"taxonomy":"product_cat","embeddable":true,"href":"https:\/\/www.3p-gmbh.de\/es\/wp-json\/wp\/v2\/product_cat?post=92214"},{"taxonomy":"product_tag","embeddable":true,"href":"https:\/\/www.3p-gmbh.de\/es\/wp-json\/wp\/v2\/product_tag?post=92214"}],"curies":[{"name":"wp","href":"https:\/\/api.w.org\/{rel}","templated":true}]}}