{"id":92213,"date":"2019-07-11T13:57:16","date_gmt":"2019-07-11T13:57:16","guid":{"rendered":"https:\/\/www.3p-gmbh.de\/produkt\/encuadernadora-de-calendarios-renz-autobind-500\/"},"modified":"2019-07-11T13:57:16","modified_gmt":"2019-07-11T13:57:16","slug":"encuadernadora-de-calendarios","status":"publish","type":"product","link":"https:\/\/www.3p-gmbh.de\/es\/produkt\/encuadernadora-de-calendarios\/","title":{"rendered":"Encuadernadora de calendarios Renz Autobind 500"},"content":{"rendered":"<ul>\n<li>Espiralizadora y cerradora con alimentaci\u00f3n de perchas y punzonadora Renz Super 700<\/li>\n<li>Encuadernadora industrial semiautom\u00e1tica de alta velocidad para encuadernaci\u00f3n de bloques, calendarios y saltos RENZ RING WIRE\u00ae.<\/li>\n<li>Gran flexibilidad de formatos y productividad<\/li>\n<li>Salida de copias encuadernadas por hora m\u00e1x. 1.200 (a 80 g\/m\u00b2, seg\u00fan el producto)<\/li>\n<li>Pantalla t\u00e1ctil para cambiar r\u00e1pidamente de formato<\/li>\n<li>Encuaderna hasta 230 hojas<\/li>\n<li>Anchura de trabajo 500 m<\/li>\n<li>Alimentaci\u00f3n horizontal del papel para un trabajo preciso y ergon\u00f3mico<\/li>\n<li>Mesa de encuadernaci\u00f3n autom\u00e1tica<\/li>\n<li>Sistema de perchas para calendarios KAS<\/li>\n<\/ul>\n","protected":false},"excerpt":{"rendered":"<p>Espiralizadora y cerradora con alimentaci\u00f3n de perchas y punzonadora Renz Super 700 Encuadernadora industrial semiautom\u00e1tica de alta velocidad para encuadernaci\u00f3n de bloques, calendarios y saltos RENZ RING WIRE\u00ae. Gran flexibilidad de formatos y productividad Salida de copias encuadernadas por hora m\u00e1x. 1.200 (a 80 g\/m\u00b2, seg\u00fan el producto) Pantalla t\u00e1ctil para cambiar r\u00e1pidamente de formato [&hellip;]<\/p>\n","protected":false},"featured_media":67900,"template":"","meta":[],"product_brand":[],"product_cat":[2854],"product_tag":[],"class_list":{"0":"post-92213","1":"product","2":"type-product","3":"status-publish","4":"has-post-thumbnail","6":"product_cat-encuadernadoras-de-alambre","7":"pa_baujahr-127","8":"pa_hersteller-renz","9":"pa_typ-autobind-500","11":"first","12":"instock","13":"sold-individually","14":"taxable","15":"shipping-taxable","16":"purchasable","17":"product-type-simple"},"jetpack_sharing_enabled":true,"_links":{"self":[{"href":"https:\/\/www.3p-gmbh.de\/es\/wp-json\/wp\/v2\/product\/92213","targetHints":{"allow":["GET"]}}],"collection":[{"href":"https:\/\/www.3p-gmbh.de\/es\/wp-json\/wp\/v2\/product"}],"about":[{"href":"https:\/\/www.3p-gmbh.de\/es\/wp-json\/wp\/v2\/types\/product"}],"wp:featuredmedia":[{"embeddable":true,"href":"https:\/\/www.3p-gmbh.de\/es\/wp-json\/wp\/v2\/media\/67900"}],"wp:attachment":[{"href":"https:\/\/www.3p-gmbh.de\/es\/wp-json\/wp\/v2\/media?parent=92213"}],"wp:term":[{"taxonomy":"product_brand","embeddable":true,"href":"https:\/\/www.3p-gmbh.de\/es\/wp-json\/wp\/v2\/product_brand?post=92213"},{"taxonomy":"product_cat","embeddable":true,"href":"https:\/\/www.3p-gmbh.de\/es\/wp-json\/wp\/v2\/product_cat?post=92213"},{"taxonomy":"product_tag","embeddable":true,"href":"https:\/\/www.3p-gmbh.de\/es\/wp-json\/wp\/v2\/product_tag?post=92213"}],"curies":[{"name":"wp","href":"https:\/\/api.w.org\/{rel}","templated":true}]}}