{"id":92198,"date":"2019-07-11T13:57:16","date_gmt":"2019-07-11T13:57:16","guid":{"rendered":"https:\/\/www.3p-gmbh.de\/produkt\/encuadernadora-perfecta-heidelberg-eurobind-eb-600-de-un-solo-cierre\/"},"modified":"2019-07-11T13:57:16","modified_gmt":"2019-07-11T13:57:16","slug":"lazo-pegamento-2","status":"publish","type":"product","link":"https:\/\/www.3p-gmbh.de\/es\/produkt\/lazo-pegamento-2\/","title":{"rendered":"Encuadernadora perfecta Heidelberg Eurobind EB-600 de un solo cierre"},"content":{"rendered":"<ul>\n<li>para adhesivo termofusible<\/li>\n<li>Extracci\u00f3n de vapores de cola<\/li>\n<li>Solapas y herramientas de hendido<\/li>\n<li>Control de doble hoja de sobres<\/li>\n<li>Pantalla t\u00e1ctil con ajuste sencillo mediante iconos, temporizador de precalentamiento, para encolado de lomo y lateral, contador de copias, an\u00e1lisis de errores, etc.<\/li>\n<li>Alicates neum\u00e1ticos de apertura y cierre<\/li>\n<li>Ajuste autom\u00e1tico de la apertura de la tenaza en funci\u00f3n del grosor del bloque, del disco de encolado lateral en funci\u00f3n del grosor del bloque, del hendido posterior en funci\u00f3n del grosor del bloque y de la profundidad del hendido.<\/li>\n<li>Posicionamiento de la gu\u00eda trasera del sobre en funci\u00f3n de la anchura del sobre<\/li>\n<li>Profundidad de fresado ajustable 0-3 mm<\/li>\n<li>Estaci\u00f3n de mecanizado posterior con una herramienta combinada con fresas de polvo<\/li>\n<li>Cuchilla de entallar ajustable en altura y cepillo anular<\/li>\n<li>Cubeta de adhesivo termofusible con dos rodillos de aplicaci\u00f3n y rasqueta de cola y unidad de encolado lateral integrada con discos inclinados (producci\u00f3n posible sin cola lateral)<\/li>\n<li>Alimentador de tapas con unidad de hendido doble integrada (posibilidad de hendido decorativo)<\/li>\n<li>Prensado autom\u00e1tico de sobres<\/li>\n<li>Entrega por cinta con apilador de un compartimento<\/li>\n<li>Velocidad: 600 ciclos<\/li>\n<li>Altura del bloque de libros: 120 mm &#8211; 440 mm<\/li>\n<li>Anchura del bloque de libros: 120 mm &#8211; 320 mm<\/li>\n<li>Grosor del bloque: 2 mm &#8211; 50 mm<\/li>\n<li>Gramajes: 60-170 g\/m2<\/li>\n<li>Anchura de la tapa: 242 mm &#8211; 710 mm<\/li>\n<li>Altura de la tapa: 120 mm &#8211; 440 mm<\/li>\n<li>Gramaje de la cubierta: 120 mm &#8211; 300 g\/m2<\/li>\n<li>Profundidad de fresado : 0 -3 mm<\/li>\n<\/ul>\n","protected":false},"excerpt":{"rendered":"<p>para adhesivo termofusible Extracci\u00f3n de vapores de cola Solapas y herramientas de hendido Control de doble hoja de sobres Pantalla t\u00e1ctil con ajuste sencillo mediante iconos, temporizador de precalentamiento, para encolado de lomo y lateral, contador de copias, an\u00e1lisis de errores, etc. Alicates neum\u00e1ticos de apertura y cierre Ajuste autom\u00e1tico de la apertura de la [&hellip;]<\/p>\n","protected":false},"featured_media":67873,"template":"","meta":[],"product_brand":[],"product_cat":[2954],"product_tag":[],"class_list":{"0":"post-92198","1":"product","2":"type-product","3":"status-publish","4":"has-post-thumbnail","6":"product_cat-aglutinante-adhesivo","7":"pa_baujahr-326","8":"pa_hersteller-heidelberg","9":"pa_typ-eurobind-600-eb-600","11":"first","12":"instock","13":"sold-individually","14":"taxable","15":"shipping-taxable","16":"purchasable","17":"product-type-simple"},"jetpack_sharing_enabled":true,"_links":{"self":[{"href":"https:\/\/www.3p-gmbh.de\/es\/wp-json\/wp\/v2\/product\/92198","targetHints":{"allow":["GET"]}}],"collection":[{"href":"https:\/\/www.3p-gmbh.de\/es\/wp-json\/wp\/v2\/product"}],"about":[{"href":"https:\/\/www.3p-gmbh.de\/es\/wp-json\/wp\/v2\/types\/product"}],"wp:featuredmedia":[{"embeddable":true,"href":"https:\/\/www.3p-gmbh.de\/es\/wp-json\/wp\/v2\/media\/67873"}],"wp:attachment":[{"href":"https:\/\/www.3p-gmbh.de\/es\/wp-json\/wp\/v2\/media?parent=92198"}],"wp:term":[{"taxonomy":"product_brand","embeddable":true,"href":"https:\/\/www.3p-gmbh.de\/es\/wp-json\/wp\/v2\/product_brand?post=92198"},{"taxonomy":"product_cat","embeddable":true,"href":"https:\/\/www.3p-gmbh.de\/es\/wp-json\/wp\/v2\/product_cat?post=92198"},{"taxonomy":"product_tag","embeddable":true,"href":"https:\/\/www.3p-gmbh.de\/es\/wp-json\/wp\/v2\/product_tag?post=92198"}],"curies":[{"name":"wp","href":"https:\/\/api.w.org\/{rel}","templated":true}]}}