{"id":92192,"date":"2019-07-11T13:57:16","date_gmt":"2019-07-11T13:57:16","guid":{"rendered":"https:\/\/www.3p-gmbh.de\/produkt\/redondeadora-de-lomos-karl-traenklein-brm-500\/"},"modified":"2019-07-11T13:57:16","modified_gmt":"2019-07-11T13:57:16","slug":"redondeadora-de-libros","status":"publish","type":"product","link":"https:\/\/www.3p-gmbh.de\/es\/produkt\/redondeadora-de-libros\/","title":{"rendered":"Redondeadora de lomos Karl Tr\u00e4nklein BRM 500"},"content":{"rendered":"<p>La m\u00e1quina permite redondear con rapidez y forma bloques de libros cosidos con hilo y perfectamente encuadernados. El ajuste r\u00e1pido del grosor de cada libro seg\u00fan la escala mediante el volante hace que la m\u00e1quina resulte econ\u00f3mica incluso para tiradas cortas y muy cortas. Dispone de un freno de pie para detener la m\u00e1quina r\u00e1pidamente al cambiar de formato. Otras ventajas de la m\u00e1quina redondeadora de lomos de libros son su reducido tama\u00f1o, su construcci\u00f3n estable y su funcionamiento silencioso.<\/p>\n<ul>\n<li>Anchura de trabajo m\u00e1x. 540 mm<\/li>\n<li>Grosor del libro 0 &#8211; 100 mm<\/li>\n<li>Producci\u00f3n 400 &#8211; 600 bloques\/hora<\/li>\n<li>Accesorios 2 mesas de almacenaje<\/li>\n<li>Espacio necesario 120 x 100 x 120 cm<\/li>\n<li>Peso aprox. 390 kg<\/li>\n<\/ul>\n","protected":false},"excerpt":{"rendered":"<p>La m\u00e1quina permite redondear con rapidez y forma bloques de libros cosidos con hilo y perfectamente encuadernados. El ajuste r\u00e1pido del grosor de cada libro seg\u00fan la escala mediante el volante hace que la m\u00e1quina resulte econ\u00f3mica incluso para tiradas cortas y muy cortas. Dispone de un freno de pie para detener la m\u00e1quina r\u00e1pidamente [&hellip;]<\/p>\n","protected":false},"featured_media":67858,"template":"","meta":[],"product_brand":[],"product_cat":[2894],"product_tag":[],"class_list":{"0":"post-92192","1":"product","2":"type-product","3":"status-publish","4":"has-post-thumbnail","6":"product_cat-surtido-encuadernacion","7":"pa_baujahr-357","8":"pa_hersteller-karl-traenklein","9":"pa_typ-brm-500","11":"first","12":"instock","13":"sold-individually","14":"taxable","15":"shipping-taxable","16":"purchasable","17":"product-type-simple"},"jetpack_sharing_enabled":true,"_links":{"self":[{"href":"https:\/\/www.3p-gmbh.de\/es\/wp-json\/wp\/v2\/product\/92192","targetHints":{"allow":["GET"]}}],"collection":[{"href":"https:\/\/www.3p-gmbh.de\/es\/wp-json\/wp\/v2\/product"}],"about":[{"href":"https:\/\/www.3p-gmbh.de\/es\/wp-json\/wp\/v2\/types\/product"}],"wp:featuredmedia":[{"embeddable":true,"href":"https:\/\/www.3p-gmbh.de\/es\/wp-json\/wp\/v2\/media\/67858"}],"wp:attachment":[{"href":"https:\/\/www.3p-gmbh.de\/es\/wp-json\/wp\/v2\/media?parent=92192"}],"wp:term":[{"taxonomy":"product_brand","embeddable":true,"href":"https:\/\/www.3p-gmbh.de\/es\/wp-json\/wp\/v2\/product_brand?post=92192"},{"taxonomy":"product_cat","embeddable":true,"href":"https:\/\/www.3p-gmbh.de\/es\/wp-json\/wp\/v2\/product_cat?post=92192"},{"taxonomy":"product_tag","embeddable":true,"href":"https:\/\/www.3p-gmbh.de\/es\/wp-json\/wp\/v2\/product_tag?post=92192"}],"curies":[{"name":"wp","href":"https:\/\/api.w.org\/{rel}","templated":true}]}}