{"id":92177,"date":"2019-07-11T13:57:24","date_gmt":"2019-07-11T13:57:24","guid":{"rendered":"https:\/\/www.3p-gmbh.de\/produkt\/prensa-encoladora-de-bloques-muero-5000-a3-wt\/"},"modified":"2019-07-11T13:57:24","modified_gmt":"2019-07-11T13:57:24","slug":"prensa-de-cola-de-bloque","status":"publish","type":"product","link":"https:\/\/www.3p-gmbh.de\/es\/produkt\/prensa-de-cola-de-bloque\/","title":{"rendered":"Prensa encoladora de bloques M\u00fcro 5000 A3 WT"},"content":{"rendered":"<p>Esta prensa de cola en bloque tiene una base m\u00f3vil, secado por soplado de aire caliente, deflector de calor para un secado uniforme e inserto de prensa para pilas peque\u00f1as. La ventaja de la prensa A3 radica en la mayor capacidad de almacenamiento para pilas A 3 y, especialmente, para el encolado 2 en 1 de juegos de formularios o folletos DIN A 5. El secado 2 en 1 reduce a\u00fan m\u00e1s los tiempos de producci\u00f3n. Con el modelo 5000 A 3 WT tiene la ventaja del bastidor inferior m\u00f3vil y del secado por ventilador de aire caliente. Tras el encolado y la posible ojeada del lomo de la encuadernadora, se abre la tapa del bastidor inferior y el secado por aire caliente se conecta autom\u00e1ticamente mediante un interruptor de fin de carrera. Para que el secado se produzca de manera uniforme en la parte superior e inferior, la l\u00e1mina calefactora se coloca en la parte superior.<\/p>\n<ul>\n<li>Altura de apilado: 52,5 cm<\/li>\n<li>Anchura de la prensa: 52,5 cm<\/li>\n<li>Profundidad de la prensa: 32 cm<\/li>\n<li>Espacio necesario: 0,9 m x 1,2 m<\/li>\n<li>Carga conectada: 400 V<\/li>\n<li>Peso: aprox. 46 kg<\/li>\n<\/ul>\n","protected":false},"excerpt":{"rendered":"<p>Esta prensa de cola en bloque tiene una base m\u00f3vil, secado por soplado de aire caliente, deflector de calor para un secado uniforme e inserto de prensa para pilas peque\u00f1as. La ventaja de la prensa A3 radica en la mayor capacidad de almacenamiento para pilas A 3 y, especialmente, para el encolado 2 en 1 [&hellip;]<\/p>\n","protected":false},"featured_media":68119,"template":"","meta":[],"product_brand":[],"product_cat":[2894],"product_tag":[],"class_list":{"0":"post-92177","1":"product","2":"type-product","3":"status-publish","4":"has-post-thumbnail","6":"product_cat-surtido-encuadernacion","7":"pa_baujahr-153","8":"pa_hersteller-muero","9":"pa_typ-5000-a3-wt","11":"first","12":"instock","13":"sold-individually","14":"taxable","15":"shipping-taxable","16":"purchasable","17":"product-type-simple"},"jetpack_sharing_enabled":true,"_links":{"self":[{"href":"https:\/\/www.3p-gmbh.de\/es\/wp-json\/wp\/v2\/product\/92177","targetHints":{"allow":["GET"]}}],"collection":[{"href":"https:\/\/www.3p-gmbh.de\/es\/wp-json\/wp\/v2\/product"}],"about":[{"href":"https:\/\/www.3p-gmbh.de\/es\/wp-json\/wp\/v2\/types\/product"}],"wp:featuredmedia":[{"embeddable":true,"href":"https:\/\/www.3p-gmbh.de\/es\/wp-json\/wp\/v2\/media\/68119"}],"wp:attachment":[{"href":"https:\/\/www.3p-gmbh.de\/es\/wp-json\/wp\/v2\/media?parent=92177"}],"wp:term":[{"taxonomy":"product_brand","embeddable":true,"href":"https:\/\/www.3p-gmbh.de\/es\/wp-json\/wp\/v2\/product_brand?post=92177"},{"taxonomy":"product_cat","embeddable":true,"href":"https:\/\/www.3p-gmbh.de\/es\/wp-json\/wp\/v2\/product_cat?post=92177"},{"taxonomy":"product_tag","embeddable":true,"href":"https:\/\/www.3p-gmbh.de\/es\/wp-json\/wp\/v2\/product_tag?post=92177"}],"curies":[{"name":"wp","href":"https:\/\/api.w.org\/{rel}","templated":true}]}}