{"id":92175,"date":"2019-07-11T13:57:24","date_gmt":"2019-07-11T13:57:24","guid":{"rendered":"https:\/\/www.3p-gmbh.de\/produkt\/mesa-vibratoria-muero-office\/"},"modified":"2019-07-11T13:57:24","modified_gmt":"2019-07-11T13:57:24","slug":"ruetteltisch","status":"publish","type":"product","link":"https:\/\/www.3p-gmbh.de\/es\/produkt\/ruetteltisch\/","title":{"rendered":"Mesa vibratoria M\u00fcro\/Office"},"content":{"rendered":"<ul>\n<li>Para el alisado vertical de hojas impresas de peque\u00f1o formato, juegos de formularios o bloques, as\u00ed como folletos, antes del encolado<\/li>\n<li>Superficie vibratoria aprox. 55 x 35 cm<\/li>\n<li>Vibraci\u00f3n regulable sin escalonamientos<\/li>\n<li>Carga m\u00e1xima 25 kg<\/li>\n<li>220 voltios<\/li>\n<\/ul>\n<p>Otros \u00e1mbitos de aplicaci\u00f3n en la industria:<br \/>\nCompactaci\u00f3n de granulados o resinas de moldeo, control de calidad de componentes electr\u00f3nicos o mec\u00e1nicos.<\/p>\n<p>Los contenedores o dispositivos de sujeci\u00f3n pueden atornillarse o sujetarse al panel de madera multiplexado.<\/p>\n","protected":false},"excerpt":{"rendered":"<p>Para el alisado vertical de hojas impresas de peque\u00f1o formato, juegos de formularios o bloques, as\u00ed como folletos, antes del encolado Superficie vibratoria aprox. 55 x 35 cm Vibraci\u00f3n regulable sin escalonamientos Carga m\u00e1xima 25 kg 220 voltios Otros \u00e1mbitos de aplicaci\u00f3n en la industria: Compactaci\u00f3n de granulados o resinas de moldeo, control de calidad [&hellip;]<\/p>\n","protected":false},"featured_media":68125,"template":"","meta":[],"product_brand":[],"product_cat":[2894],"product_tag":[],"class_list":{"0":"post-92175","1":"product","2":"type-product","3":"status-publish","4":"has-post-thumbnail","6":"product_cat-surtido-encuadernacion","7":"pa_hersteller-muero-kuero","9":"first","10":"instock","11":"sold-individually","12":"taxable","13":"shipping-taxable","14":"purchasable","15":"product-type-simple"},"jetpack_sharing_enabled":true,"_links":{"self":[{"href":"https:\/\/www.3p-gmbh.de\/es\/wp-json\/wp\/v2\/product\/92175","targetHints":{"allow":["GET"]}}],"collection":[{"href":"https:\/\/www.3p-gmbh.de\/es\/wp-json\/wp\/v2\/product"}],"about":[{"href":"https:\/\/www.3p-gmbh.de\/es\/wp-json\/wp\/v2\/types\/product"}],"wp:featuredmedia":[{"embeddable":true,"href":"https:\/\/www.3p-gmbh.de\/es\/wp-json\/wp\/v2\/media\/68125"}],"wp:attachment":[{"href":"https:\/\/www.3p-gmbh.de\/es\/wp-json\/wp\/v2\/media?parent=92175"}],"wp:term":[{"taxonomy":"product_brand","embeddable":true,"href":"https:\/\/www.3p-gmbh.de\/es\/wp-json\/wp\/v2\/product_brand?post=92175"},{"taxonomy":"product_cat","embeddable":true,"href":"https:\/\/www.3p-gmbh.de\/es\/wp-json\/wp\/v2\/product_cat?post=92175"},{"taxonomy":"product_tag","embeddable":true,"href":"https:\/\/www.3p-gmbh.de\/es\/wp-json\/wp\/v2\/product_tag?post=92175"}],"curies":[{"name":"wp","href":"https:\/\/api.w.org\/{rel}","templated":true}]}}