{"id":92168,"date":"2019-07-11T13:57:24","date_gmt":"2019-07-11T13:57:24","guid":{"rendered":"https:\/\/www.3p-gmbh.de\/produkt\/eurotecnica-eurobind-436-encuadernadora-con-adhesivo-termofusible\/"},"modified":"2019-07-11T13:57:24","modified_gmt":"2019-07-11T13:57:24","slug":"adhesivo-termofusible-aglutinante","status":"publish","type":"product","link":"https:\/\/www.3p-gmbh.de\/es\/produkt\/adhesivo-termofusible-aglutinante\/","title":{"rendered":"Eurotecnica Eurobind 436 Encuadernadora con adhesivo termofusible"},"content":{"rendered":"<ul>\n<li>A\u00f1o de fabricaci\u00f3n 1999, 240000 fijaciones<\/li>\n<li>Producci\u00f3n 500 expl.\/h<\/li>\n<li>Longitud de la espalda: m\u00edn. 120 a m\u00e1x. 430 mm<\/li>\n<li>Espesor del bloque: m\u00edn. 2 a m\u00e1x. 60 mm<\/li>\n<li>con dispositivo de ranurado y fresado, las fresas pueden desconectarse, la profundidad de fresado es ajustable de 0 a 3 mm<\/li>\n<\/ul>\n<p>Funciones<\/p>\n<ul>\n<li>autom. Abrir y cerrar las pinzas<\/li>\n<li>Vibrador para estaci\u00f3n tensora<\/li>\n<li>Dispositivo de ranurado y fresado con extracci\u00f3n de virutas<\/li>\n<li>dos rodillos de aplicaci\u00f3n de cola<\/li>\n<li>encolado lateral activo<\/li>\n<li>Extracci\u00f3n de humos de cola<\/li>\n<li>Alimentador de sobres con varilla de succi\u00f3n<\/li>\n<li>Prensas transfer y transfer el\u00e9ctrico<\/li>\n<li>Regreso de Tong<\/li>\n<li>electr. Cinta de salida<\/li>\n<li>Contador de circulaci\u00f3n<\/li>\n<li>Temporizador de 24 horas<\/li>\n<li>Compresor<\/li>\n<\/ul>\n","protected":false},"excerpt":{"rendered":"<p>A\u00f1o de fabricaci\u00f3n 1999, 240000 fijaciones Producci\u00f3n 500 expl.\/h Longitud de la espalda: m\u00edn. 120 a m\u00e1x. 430 mm Espesor del bloque: m\u00edn. 2 a m\u00e1x. 60 mm con dispositivo de ranurado y fresado, las fresas pueden desconectarse, la profundidad de fresado es ajustable de 0 a 3 mm Funciones autom. Abrir y cerrar las [&hellip;]<\/p>\n","protected":false},"featured_media":68095,"template":"","meta":[],"product_brand":[],"product_cat":[2954],"product_tag":[],"class_list":{"0":"post-92168","1":"product","2":"type-product","3":"status-publish","4":"has-post-thumbnail","6":"product_cat-aglutinante-adhesivo","7":"pa_baujahr-158","8":"pa_hersteller-eurotecnica","9":"pa_typ-euro-bind-436-matic","11":"first","12":"instock","13":"sold-individually","14":"taxable","15":"shipping-taxable","16":"purchasable","17":"product-type-simple"},"jetpack_sharing_enabled":true,"_links":{"self":[{"href":"https:\/\/www.3p-gmbh.de\/es\/wp-json\/wp\/v2\/product\/92168","targetHints":{"allow":["GET"]}}],"collection":[{"href":"https:\/\/www.3p-gmbh.de\/es\/wp-json\/wp\/v2\/product"}],"about":[{"href":"https:\/\/www.3p-gmbh.de\/es\/wp-json\/wp\/v2\/types\/product"}],"wp:featuredmedia":[{"embeddable":true,"href":"https:\/\/www.3p-gmbh.de\/es\/wp-json\/wp\/v2\/media\/68095"}],"wp:attachment":[{"href":"https:\/\/www.3p-gmbh.de\/es\/wp-json\/wp\/v2\/media?parent=92168"}],"wp:term":[{"taxonomy":"product_brand","embeddable":true,"href":"https:\/\/www.3p-gmbh.de\/es\/wp-json\/wp\/v2\/product_brand?post=92168"},{"taxonomy":"product_cat","embeddable":true,"href":"https:\/\/www.3p-gmbh.de\/es\/wp-json\/wp\/v2\/product_cat?post=92168"},{"taxonomy":"product_tag","embeddable":true,"href":"https:\/\/www.3p-gmbh.de\/es\/wp-json\/wp\/v2\/product_tag?post=92168"}],"curies":[{"name":"wp","href":"https:\/\/api.w.org\/{rel}","templated":true}]}}