{"id":92162,"date":"2019-07-11T13:57:24","date_gmt":"2019-07-11T13:57:24","guid":{"rendered":"https:\/\/www.3p-gmbh.de\/produkt\/horizon-bq-270-encuadernadora-adhesiva-de-una-sola-pinza\/"},"modified":"2019-07-11T13:57:24","modified_gmt":"2019-07-11T13:57:24","slug":"atrapa-pegamento-tie-3","status":"publish","type":"product","link":"https:\/\/www.3p-gmbh.de\/es\/produkt\/atrapa-pegamento-tie-3\/","title":{"rendered":"Horizon BQ 270 Encuadernadora adhesiva de una sola pinza"},"content":{"rendered":"<ul>\n<li>Encuadernadora de cola caliente de 1 pinza totalmente autom\u00e1tica<\/li>\n<li>con calibrador de ajuste SI-270<\/li>\n<li>Entrega de cinta alta DV con control t\u00e1ctil y de trabajo<\/li>\n<li>A\u00f1o de fabricaci\u00f3n 2003<\/li>\n<li>aprox. 229.000 encuadernaciones<\/li>\n<li>encolado lateral activo<\/li>\n<li>alimentador autom\u00e1tico de cubiertas por succi\u00f3n y chorro de aire con hendido cu\u00e1druple y altura de la pila previa de 70 mm<\/li>\n<li>mech. Velocidad 500 ciclos\/h (en la pr\u00e1ctica aprox. 350-420 fijaciones\/h seg\u00fan el producto)<\/li>\n<li>Longitud de bloque de libro m\u00edn. 148 mm<\/li>\n<li>Longitud m\u00e1xima del bloque de libros 320 mm<\/li>\n<li>Anchura del bloque de libros m\u00edn. 105 mm<\/li>\n<li>Anchura m\u00e1xima del bloque de libros 320 mm<\/li>\n<li>Grosor del bloque de libro m\u00edn. 1 mm<\/li>\n<li>Espesor m\u00e1ximo del bloque de libros 50 mm<\/li>\n<li>Formato de portada m\u00edn. 135 x 240 mm<\/li>\n<li>Formato de portada m\u00e1x. 320 x 660 mm<\/li>\n<li>Grosor de la cubierta m\u00edn. 90 g\/m\u00b2.<\/li>\n<li>Espesor m\u00e1ximo de la cubierta 300 g\/m\u00b2.<\/li>\n<\/ul>\n","protected":false},"excerpt":{"rendered":"<p>Encuadernadora de cola caliente de 1 pinza totalmente autom\u00e1tica con calibrador de ajuste SI-270 Entrega de cinta alta DV con control t\u00e1ctil y de trabajo A\u00f1o de fabricaci\u00f3n 2003 aprox. 229.000 encuadernaciones encolado lateral activo alimentador autom\u00e1tico de cubiertas por succi\u00f3n y chorro de aire con hendido cu\u00e1druple y altura de la pila previa de [&hellip;]<\/p>\n","protected":false},"featured_media":68077,"template":"","meta":[],"product_brand":[],"product_cat":[2954],"product_tag":[],"class_list":{"0":"post-92162","1":"product","2":"type-product","3":"status-publish","4":"has-post-thumbnail","6":"product_cat-aglutinante-adhesivo","7":"pa_baujahr-182","8":"pa_hersteller-horizon","9":"pa_typ-bq-270-mit-hochauslage","11":"first","12":"instock","13":"sold-individually","14":"taxable","15":"shipping-taxable","16":"purchasable","17":"product-type-simple"},"jetpack_sharing_enabled":true,"_links":{"self":[{"href":"https:\/\/www.3p-gmbh.de\/es\/wp-json\/wp\/v2\/product\/92162","targetHints":{"allow":["GET"]}}],"collection":[{"href":"https:\/\/www.3p-gmbh.de\/es\/wp-json\/wp\/v2\/product"}],"about":[{"href":"https:\/\/www.3p-gmbh.de\/es\/wp-json\/wp\/v2\/types\/product"}],"wp:featuredmedia":[{"embeddable":true,"href":"https:\/\/www.3p-gmbh.de\/es\/wp-json\/wp\/v2\/media\/68077"}],"wp:attachment":[{"href":"https:\/\/www.3p-gmbh.de\/es\/wp-json\/wp\/v2\/media?parent=92162"}],"wp:term":[{"taxonomy":"product_brand","embeddable":true,"href":"https:\/\/www.3p-gmbh.de\/es\/wp-json\/wp\/v2\/product_brand?post=92162"},{"taxonomy":"product_cat","embeddable":true,"href":"https:\/\/www.3p-gmbh.de\/es\/wp-json\/wp\/v2\/product_cat?post=92162"},{"taxonomy":"product_tag","embeddable":true,"href":"https:\/\/www.3p-gmbh.de\/es\/wp-json\/wp\/v2\/product_tag?post=92162"}],"curies":[{"name":"wp","href":"https:\/\/api.w.org\/{rel}","templated":true}]}}