{"id":92160,"date":"2019-07-11T13:57:24","date_gmt":"2019-07-11T13:57:24","guid":{"rendered":"https:\/\/www.3p-gmbh.de\/produkt\/cabezales-de-costura-muller-martini\/"},"modified":"2019-07-11T13:57:24","modified_gmt":"2019-07-11T13:57:24","slug":"cabezas-grapadoras-2","status":"publish","type":"product","link":"https:\/\/www.3p-gmbh.de\/es\/produkt\/cabezas-grapadoras-2\/","title":{"rendered":"Cabezales de costura Muller Martini"},"content":{"rendered":"<ul>\n<li>4 cabezales de costura de ojetes de anillo M\u00fcller Martini (HKOe 0,8 mm), n\u00famero de art\u00edculo: 249.0050, se pueden utilizar en las cosedoras de silla M\u00fcller Martini (p. ej. Bravo, Prima, Amrys&#8230;)<\/li>\n<li>2 cabezales grapadores HK 75 0,6mm, n\u00famero de art\u00edculo 881.8070<\/li>\n<li>1 cabezal de cosido de ojales HKOe 0,8mm, n\u00famero de art\u00edculo 1550.0029<\/li>\n<li>2 cabezales de grapado HK 75 0,6mm<\/li>\n<li>2 cabezales de grapado HK 45<\/li>\n<li>2 cabezales de costura HK 55 para cosedoras Bravo, Presto, Prima&#8230;<\/li>\n<\/ul>\n","protected":false},"excerpt":{"rendered":"<p>4 cabezales de costura de ojetes de anillo M\u00fcller Martini (HKOe 0,8 mm), n\u00famero de art\u00edculo: 249.0050, se pueden utilizar en las cosedoras de silla M\u00fcller Martini (p. ej. Bravo, Prima, Amrys&#8230;) 2 cabezales grapadores HK 75 0,6mm, n\u00famero de art\u00edculo 881.8070 1 cabezal de cosido de ojales HKOe 0,8mm, n\u00famero de art\u00edculo 1550.0029 2 [&hellip;]<\/p>\n","protected":false},"featured_media":68059,"template":"","meta":[],"product_brand":[],"product_cat":[2905],"product_tag":[],"class_list":{"0":"post-92160","1":"product","2":"type-product","3":"status-publish","4":"has-post-thumbnail","6":"product_cat-engrapadora","7":"pa_baujahr-127","8":"pa_hersteller-mueller-martini","9":"pa_typ-hk-75-hkoe-hk-45-hk-55","11":"first","12":"instock","13":"sold-individually","14":"taxable","15":"shipping-taxable","16":"purchasable","17":"product-type-simple"},"jetpack_sharing_enabled":true,"_links":{"self":[{"href":"https:\/\/www.3p-gmbh.de\/es\/wp-json\/wp\/v2\/product\/92160","targetHints":{"allow":["GET"]}}],"collection":[{"href":"https:\/\/www.3p-gmbh.de\/es\/wp-json\/wp\/v2\/product"}],"about":[{"href":"https:\/\/www.3p-gmbh.de\/es\/wp-json\/wp\/v2\/types\/product"}],"wp:featuredmedia":[{"embeddable":true,"href":"https:\/\/www.3p-gmbh.de\/es\/wp-json\/wp\/v2\/media\/68059"}],"wp:attachment":[{"href":"https:\/\/www.3p-gmbh.de\/es\/wp-json\/wp\/v2\/media?parent=92160"}],"wp:term":[{"taxonomy":"product_brand","embeddable":true,"href":"https:\/\/www.3p-gmbh.de\/es\/wp-json\/wp\/v2\/product_brand?post=92160"},{"taxonomy":"product_cat","embeddable":true,"href":"https:\/\/www.3p-gmbh.de\/es\/wp-json\/wp\/v2\/product_cat?post=92160"},{"taxonomy":"product_tag","embeddable":true,"href":"https:\/\/www.3p-gmbh.de\/es\/wp-json\/wp\/v2\/product_tag?post=92160"}],"curies":[{"name":"wp","href":"https:\/\/api.w.org\/{rel}","templated":true}]}}