{"id":92152,"date":"2019-07-11T13:57:24","date_gmt":"2019-07-11T13:57:24","guid":{"rendered":"https:\/\/www.3p-gmbh.de\/produkt\/perforadora-y-punzonadora-renz-bomco-su\/"},"modified":"2019-07-11T13:57:24","modified_gmt":"2019-07-11T13:57:24","slug":"perforadora-y-punzonadora","status":"publish","type":"product","link":"https:\/\/www.3p-gmbh.de\/es\/produkt\/perforadora-y-punzonadora\/","title":{"rendered":"Perforadora y punzonadora Renz\/Bomco SU"},"content":{"rendered":"<ul>\n<li>  M\u00e1quina robusta dise\u00f1ada para un funcionamiento continuo para perforar y troquelar papel, cart\u00f3n y pl\u00e1sticos hasta una anchura de trabajo de 50 cm.<\/li>\n<li>380 voltios<\/li>\n<li>incl. Perforadora para encuadernaci\u00f3n de calendarios con orificio para el pulgar<\/li>\n<\/ul>\n","protected":false},"excerpt":{"rendered":"<p>M\u00e1quina robusta dise\u00f1ada para un funcionamiento continuo para perforar y troquelar papel, cart\u00f3n y pl\u00e1sticos hasta una anchura de trabajo de 50 cm. 380 voltios incl. Perforadora para encuadernaci\u00f3n de calendarios con orificio para el pulgar<\/p>\n","protected":false},"featured_media":68023,"template":"","meta":[],"product_brand":[],"product_cat":[2910],"product_tag":[],"class_list":{"0":"post-92152","1":"product","2":"type-product","3":"status-publish","4":"has-post-thumbnail","6":"product_cat-perforacion","7":"pa_hersteller-renz-bomco","8":"pa_typ-su","10":"first","11":"instock","12":"sold-individually","13":"taxable","14":"shipping-taxable","15":"purchasable","16":"product-type-simple"},"jetpack_sharing_enabled":true,"_links":{"self":[{"href":"https:\/\/www.3p-gmbh.de\/es\/wp-json\/wp\/v2\/product\/92152","targetHints":{"allow":["GET"]}}],"collection":[{"href":"https:\/\/www.3p-gmbh.de\/es\/wp-json\/wp\/v2\/product"}],"about":[{"href":"https:\/\/www.3p-gmbh.de\/es\/wp-json\/wp\/v2\/types\/product"}],"wp:featuredmedia":[{"embeddable":true,"href":"https:\/\/www.3p-gmbh.de\/es\/wp-json\/wp\/v2\/media\/68023"}],"wp:attachment":[{"href":"https:\/\/www.3p-gmbh.de\/es\/wp-json\/wp\/v2\/media?parent=92152"}],"wp:term":[{"taxonomy":"product_brand","embeddable":true,"href":"https:\/\/www.3p-gmbh.de\/es\/wp-json\/wp\/v2\/product_brand?post=92152"},{"taxonomy":"product_cat","embeddable":true,"href":"https:\/\/www.3p-gmbh.de\/es\/wp-json\/wp\/v2\/product_cat?post=92152"},{"taxonomy":"product_tag","embeddable":true,"href":"https:\/\/www.3p-gmbh.de\/es\/wp-json\/wp\/v2\/product_tag?post=92152"}],"curies":[{"name":"wp","href":"https:\/\/api.w.org\/{rel}","templated":true}]}}