{"id":92142,"date":"2019-07-11T13:57:24","date_gmt":"2019-07-11T13:57:24","guid":{"rendered":"https:\/\/www.3p-gmbh.de\/produkt\/encuadernadora-de-cola-fria-planax-perfect-binder-f-ii\/"},"modified":"2019-07-11T13:57:24","modified_gmt":"2019-07-11T13:57:24","slug":"encuadernadora-de-cola-fria","status":"publish","type":"product","link":"https:\/\/www.3p-gmbh.de\/es\/produkt\/encuadernadora-de-cola-fria\/","title":{"rendered":"Encuadernadora de cola fr\u00eda Planax Perfect Binder F II"},"content":{"rendered":"<p>Esta encuadernadora es adecuada para la producci\u00f3n de folletos de alta calidad con cubiertas continuas. Mediante el uso de la cola fr\u00eda de dispersi\u00f3n de fraguado r\u00e1pido Planax Rapid, tambi\u00e9n se pueden procesar de forma \u00f3ptima papeles offset de impresi\u00f3n art\u00edstica y terciopelo.<\/p>\n<ul>\n<li>flujo de trabajo autom\u00e1tico<\/li>\n<li>con estaci\u00f3n de ranurado y fresado<\/li>\n<li>Extracci\u00f3n de polvo de papel<\/li>\n<li>Estaci\u00f3n de prensado de dobladillos<\/li>\n<li>Bastidor inferior<\/li>\n<li>\u00c1ngulo de aparcamiento calefactable<\/li>\n<li>Longitud del bloque m\u00edn. 150 mm, m\u00e1x. 380 mm<\/li>\n<li>Anchura de bloque m\u00edn. 110, m\u00e1x. 350 mm<\/li>\n<li>Espesor del bloque 1-36 mm<\/li>\n<\/ul>\n","protected":false},"excerpt":{"rendered":"<p>Esta encuadernadora es adecuada para la producci\u00f3n de folletos de alta calidad con cubiertas continuas. Mediante el uso de la cola fr\u00eda de dispersi\u00f3n de fraguado r\u00e1pido Planax Rapid, tambi\u00e9n se pueden procesar de forma \u00f3ptima papeles offset de impresi\u00f3n art\u00edstica y terciopelo. flujo de trabajo autom\u00e1tico con estaci\u00f3n de ranurado y fresado Extracci\u00f3n de [&hellip;]<\/p>\n","protected":false},"featured_media":68020,"template":"","meta":[],"product_brand":[],"product_cat":[2894],"product_tag":[],"class_list":{"0":"post-92142","1":"product","2":"type-product","3":"status-publish","4":"has-post-thumbnail","6":"product_cat-surtido-encuadernacion","7":"pa_baujahr-153","8":"pa_hersteller-planatol","9":"pa_typ-planaxperfect-binder-f-ii-mit-trockenstation","11":"first","12":"instock","13":"sold-individually","14":"taxable","15":"shipping-taxable","16":"purchasable","17":"product-type-simple"},"jetpack_sharing_enabled":true,"_links":{"self":[{"href":"https:\/\/www.3p-gmbh.de\/es\/wp-json\/wp\/v2\/product\/92142","targetHints":{"allow":["GET"]}}],"collection":[{"href":"https:\/\/www.3p-gmbh.de\/es\/wp-json\/wp\/v2\/product"}],"about":[{"href":"https:\/\/www.3p-gmbh.de\/es\/wp-json\/wp\/v2\/types\/product"}],"wp:featuredmedia":[{"embeddable":true,"href":"https:\/\/www.3p-gmbh.de\/es\/wp-json\/wp\/v2\/media\/68020"}],"wp:attachment":[{"href":"https:\/\/www.3p-gmbh.de\/es\/wp-json\/wp\/v2\/media?parent=92142"}],"wp:term":[{"taxonomy":"product_brand","embeddable":true,"href":"https:\/\/www.3p-gmbh.de\/es\/wp-json\/wp\/v2\/product_brand?post=92142"},{"taxonomy":"product_cat","embeddable":true,"href":"https:\/\/www.3p-gmbh.de\/es\/wp-json\/wp\/v2\/product_cat?post=92142"},{"taxonomy":"product_tag","embeddable":true,"href":"https:\/\/www.3p-gmbh.de\/es\/wp-json\/wp\/v2\/product_tag?post=92142"}],"curies":[{"name":"wp","href":"https:\/\/api.w.org\/{rel}","templated":true}]}}