{"id":92134,"date":"2019-07-11T13:57:32","date_gmt":"2019-07-11T13:57:32","guid":{"rendered":"https:\/\/www.3p-gmbh.de\/produkt\/redondeadora-de-esquinas-doble-karl-traenklein-ek-d-100\/"},"modified":"2019-07-11T13:57:32","modified_gmt":"2019-07-11T13:57:32","slug":"empujador-rotativo-de-dos-esquinas","status":"publish","type":"product","link":"https:\/\/www.3p-gmbh.de\/es\/produkt\/empujador-rotativo-de-dos-esquinas\/","title":{"rendered":"Redondeadora de esquinas doble Karl Tr\u00e4nklein EK-D 100"},"content":{"rendered":"<p><strong>Empujador giratorio de doble esquina Karl Tr\u00e4nklein EK-D 100<\/strong><br \/>\n<strong>de 9-1997 &#8211;<\/strong><\/p>\n<p>Altura de apilado m\u00e1x. 100 mm<br \/>\nDistancia entre cuchillas ajustable 45-360mm,<br \/>\ncada cuchillo ajustable por separado,<br \/>\nTama\u00f1o de la mesa 500x205mm.<br \/>\nvarios sistemas<br \/>\n<strong>2 cuchillas superiores de 6 mm de radio<\/strong><br \/>\n380 voltios<br \/>\nDesbloqueo mediante interruptor de pedal<\/p>\n<p><strong>en estado de limpieza y completamente revisado en taller<\/strong><\/p>\n","protected":false},"excerpt":{"rendered":"<p>Empujador giratorio de doble esquina Karl Tr\u00e4nklein EK-D 100 de 9-1997 &#8211; Altura de apilado m\u00e1x. 100 mm Distancia entre cuchillas ajustable 45-360mm, cada cuchillo ajustable por separado, Tama\u00f1o de la mesa 500x205mm. varios sistemas 2 cuchillas superiores de 6 mm de radio 380 voltios Desbloqueo mediante interruptor de pedal en estado de limpieza y [&hellip;]<\/p>\n","protected":false},"featured_media":78460,"template":"","meta":[],"product_brand":[],"product_cat":[2894],"product_tag":[],"class_list":{"0":"post-92134","1":"product","2":"type-product","3":"status-publish","4":"has-post-thumbnail","6":"product_cat-surtido-encuadernacion","7":"pa_baujahr-123","8":"pa_hersteller-karl-traenklein","9":"pa_typ-ek-d-100","11":"first","12":"instock","13":"sold-individually","14":"taxable","15":"shipping-taxable","16":"purchasable","17":"product-type-simple"},"jetpack_sharing_enabled":true,"_links":{"self":[{"href":"https:\/\/www.3p-gmbh.de\/es\/wp-json\/wp\/v2\/product\/92134","targetHints":{"allow":["GET"]}}],"collection":[{"href":"https:\/\/www.3p-gmbh.de\/es\/wp-json\/wp\/v2\/product"}],"about":[{"href":"https:\/\/www.3p-gmbh.de\/es\/wp-json\/wp\/v2\/types\/product"}],"wp:featuredmedia":[{"embeddable":true,"href":"https:\/\/www.3p-gmbh.de\/es\/wp-json\/wp\/v2\/media\/78460"}],"wp:attachment":[{"href":"https:\/\/www.3p-gmbh.de\/es\/wp-json\/wp\/v2\/media?parent=92134"}],"wp:term":[{"taxonomy":"product_brand","embeddable":true,"href":"https:\/\/www.3p-gmbh.de\/es\/wp-json\/wp\/v2\/product_brand?post=92134"},{"taxonomy":"product_cat","embeddable":true,"href":"https:\/\/www.3p-gmbh.de\/es\/wp-json\/wp\/v2\/product_cat?post=92134"},{"taxonomy":"product_tag","embeddable":true,"href":"https:\/\/www.3p-gmbh.de\/es\/wp-json\/wp\/v2\/product_tag?post=92134"}],"curies":[{"name":"wp","href":"https:\/\/api.w.org\/{rel}","templated":true}]}}