{"id":92132,"date":"2019-07-11T13:57:32","date_gmt":"2019-07-11T13:57:32","guid":{"rendered":"https:\/\/www.3p-gmbh.de\/produkt\/encoladora-de-dos-rodillos-sumbel-herold-500\/"},"modified":"2019-07-11T13:57:32","modified_gmt":"2019-07-11T13:57:32","slug":"encoladora-de-dos-rodillos","status":"publish","type":"product","link":"https:\/\/www.3p-gmbh.de\/es\/produkt\/encoladora-de-dos-rodillos\/","title":{"rendered":"Encoladora de dos rodillos Sumbel Herold 500"},"content":{"rendered":"<ul>\n<li>M\u00e1quina encoladora para papel, cart\u00f3n, cartulina, cuero, etc.<\/li>\n<li>Accionamiento del motor 230 voltios 1 fase, con conmutaci\u00f3n escalonada<\/li>\n<li>Rodillos de lat\u00f3n inoxidable<\/li>\n<li>Piscina de plomo fr\u00edo, regulable en altura<\/li>\n<li>Anchura del rodillo: 500 mm<\/li>\n<li>Rascador<\/li>\n<\/ul>\n","protected":false},"excerpt":{"rendered":"<p>M\u00e1quina encoladora para papel, cart\u00f3n, cartulina, cuero, etc. Accionamiento del motor 230 voltios 1 fase, con conmutaci\u00f3n escalonada Rodillos de lat\u00f3n inoxidable Piscina de plomo fr\u00edo, regulable en altura Anchura del rodillo: 500 mm Rascador<\/p>\n","protected":false},"featured_media":68329,"template":"","meta":[],"product_brand":[],"product_cat":[2894],"product_tag":[],"class_list":{"0":"post-92132","1":"product","2":"type-product","3":"status-publish","4":"has-post-thumbnail","6":"product_cat-surtido-encuadernacion","7":"pa_baujahr-165","8":"pa_hersteller-sumbel","9":"pa_typ-herold-500","11":"first","12":"instock","13":"sold-individually","14":"taxable","15":"shipping-taxable","16":"purchasable","17":"product-type-simple"},"jetpack_sharing_enabled":true,"_links":{"self":[{"href":"https:\/\/www.3p-gmbh.de\/es\/wp-json\/wp\/v2\/product\/92132","targetHints":{"allow":["GET"]}}],"collection":[{"href":"https:\/\/www.3p-gmbh.de\/es\/wp-json\/wp\/v2\/product"}],"about":[{"href":"https:\/\/www.3p-gmbh.de\/es\/wp-json\/wp\/v2\/types\/product"}],"wp:featuredmedia":[{"embeddable":true,"href":"https:\/\/www.3p-gmbh.de\/es\/wp-json\/wp\/v2\/media\/68329"}],"wp:attachment":[{"href":"https:\/\/www.3p-gmbh.de\/es\/wp-json\/wp\/v2\/media?parent=92132"}],"wp:term":[{"taxonomy":"product_brand","embeddable":true,"href":"https:\/\/www.3p-gmbh.de\/es\/wp-json\/wp\/v2\/product_brand?post=92132"},{"taxonomy":"product_cat","embeddable":true,"href":"https:\/\/www.3p-gmbh.de\/es\/wp-json\/wp\/v2\/product_cat?post=92132"},{"taxonomy":"product_tag","embeddable":true,"href":"https:\/\/www.3p-gmbh.de\/es\/wp-json\/wp\/v2\/product_tag?post=92132"}],"curies":[{"name":"wp","href":"https:\/\/api.w.org\/{rel}","templated":true}]}}