{"id":92120,"date":"2019-07-11T13:57:32","date_gmt":"2019-07-11T13:57:32","guid":{"rendered":"https:\/\/www.3p-gmbh.de\/produkt\/enrollado-encolado-de-cantos-sumbel-perkeo-60-con-4-rascadores\/"},"modified":"2019-07-11T13:57:32","modified_gmt":"2019-07-11T13:57:32","slug":"cantoneras-enrollables","status":"publish","type":"product","link":"https:\/\/www.3p-gmbh.de\/es\/produkt\/cantoneras-enrollables\/","title":{"rendered":"Enrollado &#8211; encolado de cantos Sumbel Perkeo 60 con 4 rascadores"},"content":{"rendered":"<p><strong>Rebordeado Sumbel<br \/>\npara papel, cart\u00f3n, cuero, etc.<\/strong><\/p>\n<ul>\n<li>  Anchuras de trabajo ajustables a partir de 2 mm<\/li>\n<li>Motor 230 Volt 1 Ph.<\/li>\n<li>Rodillos superiores y cubetas de cola fr\u00eda de lat\u00f3n inoxidable<\/li>\n<li>Rodillo recogedor de acero inoxidable y dep\u00f3sito de cola fr\u00eda<\/li>\n<li>Dos limpiaparabrisas<\/li>\n<li>Peso aprox. 16 kg<\/li>\n<li>Anchura de los rodillos: 60 mm<\/li>\n<\/ul>\n","protected":false},"excerpt":{"rendered":"<p>Rebordeado Sumbel para papel, cart\u00f3n, cuero, etc. Anchuras de trabajo ajustables a partir de 2 mm Motor 230 Volt 1 Ph. Rodillos superiores y cubetas de cola fr\u00eda de lat\u00f3n inoxidable Rodillo recogedor de acero inoxidable y dep\u00f3sito de cola fr\u00eda Dos limpiaparabrisas Peso aprox. 16 kg Anchura de los rodillos: 60 mm<\/p>\n","protected":false},"featured_media":83612,"template":"","meta":[],"product_brand":[],"product_cat":[2894],"product_tag":[],"class_list":{"0":"post-92120","1":"product","2":"type-product","3":"status-publish","4":"has-post-thumbnail","6":"product_cat-surtido-encuadernacion","7":"pa_hersteller-sumbel","8":"pa_typ-perkeo-60","10":"first","11":"instock","12":"sold-individually","13":"taxable","14":"shipping-taxable","15":"purchasable","16":"product-type-simple"},"jetpack_sharing_enabled":true,"_links":{"self":[{"href":"https:\/\/www.3p-gmbh.de\/es\/wp-json\/wp\/v2\/product\/92120","targetHints":{"allow":["GET"]}}],"collection":[{"href":"https:\/\/www.3p-gmbh.de\/es\/wp-json\/wp\/v2\/product"}],"about":[{"href":"https:\/\/www.3p-gmbh.de\/es\/wp-json\/wp\/v2\/types\/product"}],"wp:featuredmedia":[{"embeddable":true,"href":"https:\/\/www.3p-gmbh.de\/es\/wp-json\/wp\/v2\/media\/83612"}],"wp:attachment":[{"href":"https:\/\/www.3p-gmbh.de\/es\/wp-json\/wp\/v2\/media?parent=92120"}],"wp:term":[{"taxonomy":"product_brand","embeddable":true,"href":"https:\/\/www.3p-gmbh.de\/es\/wp-json\/wp\/v2\/product_brand?post=92120"},{"taxonomy":"product_cat","embeddable":true,"href":"https:\/\/www.3p-gmbh.de\/es\/wp-json\/wp\/v2\/product_cat?post=92120"},{"taxonomy":"product_tag","embeddable":true,"href":"https:\/\/www.3p-gmbh.de\/es\/wp-json\/wp\/v2\/product_tag?post=92120"}],"curies":[{"name":"wp","href":"https:\/\/api.w.org\/{rel}","templated":true}]}}