{"id":92113,"date":"2019-07-11T13:57:32","date_gmt":"2019-07-11T13:57:32","guid":{"rendered":"https:\/\/www.3p-gmbh.de\/produkt\/encuadernadora-manual-de-cola-caliente-fastbind-r2\/"},"modified":"2019-07-11T13:57:32","modified_gmt":"2019-07-11T13:57:32","slug":"aglutinante-adhesivo-termofusible-manual","status":"publish","type":"product","link":"https:\/\/www.3p-gmbh.de\/es\/produkt\/aglutinante-adhesivo-termofusible-manual\/","title":{"rendered":"Encuadernadora manual de cola caliente Fastbind R2"},"content":{"rendered":"<p>ENCUADERNADORA COMPACTA FASTBIND R2 PRACTIC<br \/>\nLa flexibilidad y el control de la aplicaci\u00f3n manual de cola hacen que esta m\u00e1quina sea ideal para copister\u00edas o imprentas con vol\u00famenes de encuadernaci\u00f3n bajos o medios o que trabajen con papeles estucados, ya que se eliminan los tiempos de preparaci\u00f3n. R2 Practic es una encuadernadora perfecta f\u00e1cil de usar. Se puede utilizar r\u00e1pidamente, ya que no hay que prestar atenci\u00f3n a los distintos formatos ni al grosor de los libros. A pesar de su peque\u00f1o tama\u00f1o y coste, las caracter\u00edsticas de las opciones del sistema Fastbind permiten una total libertad de material.<\/p>\n<ul>\n<li>hasta 450 encolados\/hora<\/li>\n<li>hasta 180 libros\/hora<\/li>\n<li>con desbaste<\/li>\n<li>min. \/ m\u00e1x. Grosor de encuadernaci\u00f3n (mm) 0,1 a 50<\/li>\n<li>m\u00e1x. Formato de encuadernaci\u00f3n (mm) hasta 435 x 305<\/li>\n<li>m\u00e1x. Grosor del material de cubierta (g\/m\u00b2) hasta 400<\/li>\n<li>Tensi\u00f3n\/frecuencia\/m\u00e1x. Consumo 220-240 V\/50-60 Hz\/3 A<\/li>\n<\/ul>\n","protected":false},"excerpt":{"rendered":"<p>ENCUADERNADORA COMPACTA FASTBIND R2 PRACTIC La flexibilidad y el control de la aplicaci\u00f3n manual de cola hacen que esta m\u00e1quina sea ideal para copister\u00edas o imprentas con vol\u00famenes de encuadernaci\u00f3n bajos o medios o que trabajen con papeles estucados, ya que se eliminan los tiempos de preparaci\u00f3n. R2 Practic es una encuadernadora perfecta f\u00e1cil de [&hellip;]<\/p>\n","protected":false},"featured_media":68293,"template":"","meta":[],"product_brand":[],"product_cat":[2894],"product_tag":[],"class_list":{"0":"post-92113","1":"product","2":"type-product","3":"status-publish","4":"has-post-thumbnail","6":"product_cat-surtido-encuadernacion","7":"pa_baujahr-153","8":"pa_hersteller-fastbind","9":"pa_typ-r2-practic","11":"first","12":"instock","13":"sold-individually","14":"taxable","15":"shipping-taxable","16":"purchasable","17":"product-type-simple"},"jetpack_sharing_enabled":true,"_links":{"self":[{"href":"https:\/\/www.3p-gmbh.de\/es\/wp-json\/wp\/v2\/product\/92113","targetHints":{"allow":["GET"]}}],"collection":[{"href":"https:\/\/www.3p-gmbh.de\/es\/wp-json\/wp\/v2\/product"}],"about":[{"href":"https:\/\/www.3p-gmbh.de\/es\/wp-json\/wp\/v2\/types\/product"}],"wp:featuredmedia":[{"embeddable":true,"href":"https:\/\/www.3p-gmbh.de\/es\/wp-json\/wp\/v2\/media\/68293"}],"wp:attachment":[{"href":"https:\/\/www.3p-gmbh.de\/es\/wp-json\/wp\/v2\/media?parent=92113"}],"wp:term":[{"taxonomy":"product_brand","embeddable":true,"href":"https:\/\/www.3p-gmbh.de\/es\/wp-json\/wp\/v2\/product_brand?post=92113"},{"taxonomy":"product_cat","embeddable":true,"href":"https:\/\/www.3p-gmbh.de\/es\/wp-json\/wp\/v2\/product_cat?post=92113"},{"taxonomy":"product_tag","embeddable":true,"href":"https:\/\/www.3p-gmbh.de\/es\/wp-json\/wp\/v2\/product_tag?post=92113"}],"curies":[{"name":"wp","href":"https:\/\/api.w.org\/{rel}","templated":true}]}}