{"id":92086,"date":"2019-07-11T13:57:32","date_gmt":"2019-07-11T13:57:32","guid":{"rendered":"https:\/\/www.3p-gmbh.de\/produkt\/prensa-encoladora-de-bloques-muero-5000-a4-wt\/"},"modified":"2019-07-11T13:57:32","modified_gmt":"2019-07-11T13:57:32","slug":"bloque-pegamento-prensa-2","status":"publish","type":"product","link":"https:\/\/www.3p-gmbh.de\/es\/produkt\/bloque-pegamento-prensa-2\/","title":{"rendered":"Prensa encoladora de bloques M\u00fcro 5000 A4 WT"},"content":{"rendered":"<ul>\n<li>base m\u00f3vil<\/li>\n<li>Secado por soplado de aire caliente<\/li>\n<li>L\u00e1mina t\u00e9rmica para un secado uniforme e inserto de prensado para pilas m\u00e1s peque\u00f1as<\/li>\n<li>Capacidad de recogida para A 4 pilas<\/li>\n<li>Encolado de juegos de formularios o folletos DIN A 5<\/li>\n<li>Altura de apilado: 50 cm<\/li>\n<li>Anchura de la prensa: 35 cm<\/li>\n<li>Profundidad de la prensa: 32 cm<\/li>\n<\/ul>\n","protected":false},"excerpt":{"rendered":"<p>base m\u00f3vil Secado por soplado de aire caliente L\u00e1mina t\u00e9rmica para un secado uniforme e inserto de prensado para pilas m\u00e1s peque\u00f1as Capacidad de recogida para A 4 pilas Encolado de juegos de formularios o folletos DIN A 5 Altura de apilado: 50 cm Anchura de la prensa: 35 cm Profundidad de la prensa: 32 [&hellip;]<\/p>\n","protected":false},"featured_media":68254,"template":"","meta":[],"product_brand":[],"product_cat":[2894],"product_tag":[],"class_list":{"0":"post-92086","1":"product","2":"type-product","3":"status-publish","4":"has-post-thumbnail","6":"product_cat-surtido-encuadernacion","7":"pa_baujahr-326","8":"pa_hersteller-muero","9":"pa_typ-5000-a4-wt","11":"first","12":"instock","13":"sold-individually","14":"taxable","15":"shipping-taxable","16":"purchasable","17":"product-type-simple"},"jetpack_sharing_enabled":true,"_links":{"self":[{"href":"https:\/\/www.3p-gmbh.de\/es\/wp-json\/wp\/v2\/product\/92086","targetHints":{"allow":["GET"]}}],"collection":[{"href":"https:\/\/www.3p-gmbh.de\/es\/wp-json\/wp\/v2\/product"}],"about":[{"href":"https:\/\/www.3p-gmbh.de\/es\/wp-json\/wp\/v2\/types\/product"}],"wp:featuredmedia":[{"embeddable":true,"href":"https:\/\/www.3p-gmbh.de\/es\/wp-json\/wp\/v2\/media\/68254"}],"wp:attachment":[{"href":"https:\/\/www.3p-gmbh.de\/es\/wp-json\/wp\/v2\/media?parent=92086"}],"wp:term":[{"taxonomy":"product_brand","embeddable":true,"href":"https:\/\/www.3p-gmbh.de\/es\/wp-json\/wp\/v2\/product_brand?post=92086"},{"taxonomy":"product_cat","embeddable":true,"href":"https:\/\/www.3p-gmbh.de\/es\/wp-json\/wp\/v2\/product_cat?post=92086"},{"taxonomy":"product_tag","embeddable":true,"href":"https:\/\/www.3p-gmbh.de\/es\/wp-json\/wp\/v2\/product_tag?post=92086"}],"curies":[{"name":"wp","href":"https:\/\/api.w.org\/{rel}","templated":true}]}}