{"id":92079,"date":"2019-07-11T13:57:41","date_gmt":"2019-07-11T13:57:41","guid":{"rendered":"https:\/\/www.3p-gmbh.de\/produkt\/encuadernadora-de-4-pinzas-heidelberg-eurobind-eb-1300-pur\/"},"modified":"2019-07-11T13:57:41","modified_gmt":"2019-07-11T13:57:41","slug":"4-pinzas-pegamento-puro-atado","status":"publish","type":"product","link":"https:\/\/www.3p-gmbh.de\/es\/produkt\/4-pinzas-pegamento-puro-atado\/","title":{"rendered":"Encuadernadora de 4 pinzas Heidelberg Eurobind EB-1300 PUR"},"content":{"rendered":"<ul>\n<li>A\u00f1o de fabricaci\u00f3n 2012<\/li>\n<li>S\u00f3lo 850.000 encuadernaciones<\/li>\n<li>Rendimiento mec\u00e1nico 1.300 expl.\/h<\/li>\n<li>Anchura del bloque: 108 &#8211; 300 mm<\/li>\n<li>Altura del bloque: 145 &#8211; 360 mm<\/li>\n<li>Grosor del bloque: 2 &#8211; 45 mm<\/li>\n<li>Anchura del alimentador de tapas: 218 &#8211; 680 mm<\/li>\n<li>Altura del alimentador de tapas: 145 &#8211; 370 mm<\/li>\n<li>Gramaje: 120 &#8211; 300 g\/m\u00b2.<\/li>\n<li>Profundidad de corte: 0 &#8211; 3 mm<\/li>\n<li>Aplicador de boquilla natec PUR con premelter BS 250003 PUR<\/li>\n<\/ul>\n","protected":false},"excerpt":{"rendered":"<p>A\u00f1o de fabricaci\u00f3n 2012 S\u00f3lo 850.000 encuadernaciones Rendimiento mec\u00e1nico 1.300 expl.\/h Anchura del bloque: 108 &#8211; 300 mm Altura del bloque: 145 &#8211; 360 mm Grosor del bloque: 2 &#8211; 45 mm Anchura del alimentador de tapas: 218 &#8211; 680 mm Altura del alimentador de tapas: 145 &#8211; 370 mm Gramaje: 120 &#8211; 300 g\/m\u00b2. [&hellip;]<\/p>\n","protected":false},"featured_media":70918,"template":"","meta":[],"product_brand":[],"product_cat":[2954],"product_tag":[],"class_list":{"0":"post-92079","1":"product","2":"type-product","3":"status-publish","4":"has-post-thumbnail","6":"product_cat-aglutinante-adhesivo","7":"pa_baujahr-137","8":"pa_hersteller-heidelberg-stahl","9":"pa_typ-eurobind-eb-1300","11":"first","12":"instock","13":"sold-individually","14":"taxable","15":"shipping-taxable","16":"purchasable","17":"product-type-simple"},"jetpack_sharing_enabled":true,"_links":{"self":[{"href":"https:\/\/www.3p-gmbh.de\/es\/wp-json\/wp\/v2\/product\/92079","targetHints":{"allow":["GET"]}}],"collection":[{"href":"https:\/\/www.3p-gmbh.de\/es\/wp-json\/wp\/v2\/product"}],"about":[{"href":"https:\/\/www.3p-gmbh.de\/es\/wp-json\/wp\/v2\/types\/product"}],"wp:featuredmedia":[{"embeddable":true,"href":"https:\/\/www.3p-gmbh.de\/es\/wp-json\/wp\/v2\/media\/70918"}],"wp:attachment":[{"href":"https:\/\/www.3p-gmbh.de\/es\/wp-json\/wp\/v2\/media?parent=92079"}],"wp:term":[{"taxonomy":"product_brand","embeddable":true,"href":"https:\/\/www.3p-gmbh.de\/es\/wp-json\/wp\/v2\/product_brand?post=92079"},{"taxonomy":"product_cat","embeddable":true,"href":"https:\/\/www.3p-gmbh.de\/es\/wp-json\/wp\/v2\/product_cat?post=92079"},{"taxonomy":"product_tag","embeddable":true,"href":"https:\/\/www.3p-gmbh.de\/es\/wp-json\/wp\/v2\/product_tag?post=92079"}],"curies":[{"name":"wp","href":"https:\/\/api.w.org\/{rel}","templated":true}]}}