{"id":92072,"date":"2019-07-11T13:57:47","date_gmt":"2019-07-11T13:57:47","guid":{"rendered":"https:\/\/www.3p-gmbh.de\/produkt\/heidelberg-stahl-grapadora-de-lomo-st-100-2\/"},"modified":"2019-07-11T13:57:47","modified_gmt":"2019-07-11T13:57:47","slug":"engrapadora-4","status":"publish","type":"product","link":"https:\/\/www.3p-gmbh.de\/es\/produkt\/engrapadora-4\/","title":{"rendered":"Heidelberg \/ Stahl Grapadora de lomo ST 100.2"},"content":{"rendered":"<ul>\n<li>A\u00f1o de construcci\u00f3n 2008 s\u00f3lo aprox. 2500 horas de funcionamiento<\/li>\n<li>Rendimiento: 9.000 ciclos\/h<\/li>\n<li>Formato m\u00edn.: 89 x 120 mm o 92 x 126 mm (sin recortar)<\/li>\n<li>Formato m\u00e1ximo: 305 x 349 mm o 311 x 355 mm (sin recortar)<\/li>\n<li>1 x cargador de cubiertas UFA 100<\/li>\n<li>3 x Alimentador vertical doble DVA 100<\/li>\n<li>1 x opci\u00f3n de adici\u00f3n manual en el eslab\u00f3n de la cadena<\/li>\n<li>2 bombas de vac\u00edo a presi\u00f3n Becker KVT 3-60 y DVT 3-80<\/li>\n<li>1 Estaci\u00f3n de grapado 100,2<\/li>\n<li>2 x cabezales de cosido est\u00e1ndar Hohner NH 52\/8<\/li>\n<li>2 cabezas de amura Hohner de ojo anular 52\/8<\/li>\n<li>Guillotina con dispositivo de corte central para producci\u00f3n de dos en dos<\/li>\n<li>1 Tabla de marcado por transferencia<\/li>\n<li>1 entrega de cinta de tejas<\/li>\n<li>Apilador Rima KL 1112 tambi\u00e9n disponible como opci\u00f3n<\/li>\n<\/ul>\n","protected":false},"excerpt":{"rendered":"<p>A\u00f1o de construcci\u00f3n 2008 s\u00f3lo aprox. 2500 horas de funcionamiento Rendimiento: 9.000 ciclos\/h Formato m\u00edn.: 89 x 120 mm o 92 x 126 mm (sin recortar) Formato m\u00e1ximo: 305 x 349 mm o 311 x 355 mm (sin recortar) 1 x cargador de cubiertas UFA 100 3 x Alimentador vertical doble DVA 100 1 x [&hellip;]<\/p>\n","protected":false},"featured_media":68530,"template":"","meta":[],"product_brand":[],"product_cat":[2905],"product_tag":[],"class_list":{"0":"post-92072","1":"product","2":"type-product","3":"status-publish","4":"has-post-thumbnail","6":"product_cat-engrapadora","7":"pa_baujahr-326","8":"pa_hersteller-heidelberg-stahl","9":"pa_typ-stichmaster-st-100-2","11":"first","12":"instock","13":"sold-individually","14":"taxable","15":"shipping-taxable","16":"purchasable","17":"product-type-simple"},"jetpack_sharing_enabled":true,"_links":{"self":[{"href":"https:\/\/www.3p-gmbh.de\/es\/wp-json\/wp\/v2\/product\/92072","targetHints":{"allow":["GET"]}}],"collection":[{"href":"https:\/\/www.3p-gmbh.de\/es\/wp-json\/wp\/v2\/product"}],"about":[{"href":"https:\/\/www.3p-gmbh.de\/es\/wp-json\/wp\/v2\/types\/product"}],"wp:featuredmedia":[{"embeddable":true,"href":"https:\/\/www.3p-gmbh.de\/es\/wp-json\/wp\/v2\/media\/68530"}],"wp:attachment":[{"href":"https:\/\/www.3p-gmbh.de\/es\/wp-json\/wp\/v2\/media?parent=92072"}],"wp:term":[{"taxonomy":"product_brand","embeddable":true,"href":"https:\/\/www.3p-gmbh.de\/es\/wp-json\/wp\/v2\/product_brand?post=92072"},{"taxonomy":"product_cat","embeddable":true,"href":"https:\/\/www.3p-gmbh.de\/es\/wp-json\/wp\/v2\/product_cat?post=92072"},{"taxonomy":"product_tag","embeddable":true,"href":"https:\/\/www.3p-gmbh.de\/es\/wp-json\/wp\/v2\/product_tag?post=92072"}],"curies":[{"name":"wp","href":"https:\/\/api.w.org\/{rel}","templated":true}]}}