{"id":92068,"date":"2019-07-11T13:57:47","date_gmt":"2019-07-11T13:57:47","guid":{"rendered":"https:\/\/www.3p-gmbh.de\/produkt\/pegamento-de-muestra-heidelberg-steel\/"},"modified":"2019-07-11T13:57:47","modified_gmt":"2019-07-11T13:57:47","slug":"adhesivo-de-muestra","status":"publish","type":"product","link":"https:\/\/www.3p-gmbh.de\/es\/produkt\/adhesivo-de-muestra\/","title":{"rendered":"Pegamento de muestra Heidelberg\/Steel"},"content":{"rendered":"<ul>\n<li>Adhesivos de muestra WRV (de aplicaci\u00f3n frontal) y WKH (de aplicaci\u00f3n posterior) para su integraci\u00f3n en las grapadoras en caballete de acero ST 400 y ST 450<\/li>\n<li>hasta 14.000 bares<\/li>\n<li>para tarjetas, muestras, CD, DVD, folletos, tarjetas chip<\/li>\n<\/ul>\n","protected":false},"excerpt":{"rendered":"<p>Adhesivos de muestra WRV (de aplicaci\u00f3n frontal) y WKH (de aplicaci\u00f3n posterior) para su integraci\u00f3n en las grapadoras en caballete de acero ST 400 y ST 450 hasta 14.000 bares para tarjetas, muestras, CD, DVD, folletos, tarjetas chip<\/p>\n","protected":false},"featured_media":68488,"template":"","meta":[],"product_brand":[],"product_cat":[2905],"product_tag":[],"class_list":{"0":"post-92068","1":"product","2":"type-product","3":"status-publish","4":"has-post-thumbnail","6":"product_cat-engrapadora","7":"pa_baujahr-127","8":"pa_hersteller-heidelberg-stahl","9":"pa_typ-wpk-v","11":"first","12":"instock","13":"sold-individually","14":"taxable","15":"shipping-taxable","16":"purchasable","17":"product-type-simple"},"jetpack_sharing_enabled":true,"_links":{"self":[{"href":"https:\/\/www.3p-gmbh.de\/es\/wp-json\/wp\/v2\/product\/92068","targetHints":{"allow":["GET"]}}],"collection":[{"href":"https:\/\/www.3p-gmbh.de\/es\/wp-json\/wp\/v2\/product"}],"about":[{"href":"https:\/\/www.3p-gmbh.de\/es\/wp-json\/wp\/v2\/types\/product"}],"wp:featuredmedia":[{"embeddable":true,"href":"https:\/\/www.3p-gmbh.de\/es\/wp-json\/wp\/v2\/media\/68488"}],"wp:attachment":[{"href":"https:\/\/www.3p-gmbh.de\/es\/wp-json\/wp\/v2\/media?parent=92068"}],"wp:term":[{"taxonomy":"product_brand","embeddable":true,"href":"https:\/\/www.3p-gmbh.de\/es\/wp-json\/wp\/v2\/product_brand?post=92068"},{"taxonomy":"product_cat","embeddable":true,"href":"https:\/\/www.3p-gmbh.de\/es\/wp-json\/wp\/v2\/product_cat?post=92068"},{"taxonomy":"product_tag","embeddable":true,"href":"https:\/\/www.3p-gmbh.de\/es\/wp-json\/wp\/v2\/product_tag?post=92068"}],"curies":[{"name":"wp","href":"https:\/\/api.w.org\/{rel}","templated":true}]}}