{"id":92055,"date":"2019-07-11T13:57:47","date_gmt":"2019-07-11T13:57:47","guid":{"rendered":"https:\/\/www.3p-gmbh.de\/produkt\/grapadora-de-caballete-heidelberg-steel-stitchmaster-st-450\/"},"modified":"2019-07-11T13:57:47","modified_gmt":"2019-07-11T13:57:47","slug":"cosedora-a-caballete-3","status":"publish","type":"product","link":"https:\/\/www.3p-gmbh.de\/es\/produkt\/cosedora-a-caballete-3\/","title":{"rendered":"Grapadora de caballete Heidelberg Steel Stitchmaster ST 450"},"content":{"rendered":"<ul>\n<li>Pantalla grande<\/li>\n<li>8 Chasis de cadena con espada KUS<\/li>\n<li>4 alimentadores de pie DVU 450 con aire de soplado intermitente<\/li>\n<li>2 alimentadores horizontales DHU 450 con aire de soplado intermitente<\/li>\n<li>1 plegadora de tarjetas CHU 450 con segmentos de hendido<\/li>\n<li>Soplado de aire para campo vac\u00edo<\/li>\n<li>Soplar aire entre los inversores<\/li>\n<li>1 Grapadora HS 450<\/li>\n<li>Dispositivo de transporte de hilo de coser<\/li>\n<li>Portabobinas grande para alambre<\/li>\n<li>Falta la entrega de la hoja con el intervalo<\/li>\n<li>Control de anchura<\/li>\n<li>Dispositivo de cambio r\u00e1pido de cabezales de cosido<\/li>\n<li>1 Control de grapas desde abajo HKKU<\/li>\n<li>4 cabezales de grapado 45-N14-24<\/li>\n<li>Cabezales de costura de 4 anillas Hohner 50-L6<\/li>\n<li>1 Recortadora TR 450<\/li>\n<li>dispositivo universal de transporte de peque\u00f1o formato 64&#215;120<\/li>\n<li>Dispositivo de aire para dos cuchillas perforadoras<\/li>\n<li>Unidad de corte central<\/li>\n<li>Control de corte<\/li>\n<li>Unidad de corte tr\u00edo<\/li>\n<li>Mesa de marcado de transferencia ULMW con interruptor de exclusi\u00f3n<\/li>\n<li>Apiladora HD autom\u00e1tica<\/li>\n<li>Cinta de transporte 832 mm<\/li>\n<li>T\u00fanel 832 con gu\u00eda telesc\u00f3pica Telem<\/li>\n<li>Servo eyector<\/li>\n<li>mesa de toma m\u00f3vil 1200mm MT 1200<\/li>\n<li>Cinta transportadora de virutas<\/li>\n<\/ul>\n","protected":false},"excerpt":{"rendered":"<p>Pantalla grande 8 Chasis de cadena con espada KUS 4 alimentadores de pie DVU 450 con aire de soplado intermitente 2 alimentadores horizontales DHU 450 con aire de soplado intermitente 1 plegadora de tarjetas CHU 450 con segmentos de hendido Soplado de aire para campo vac\u00edo Soplar aire entre los inversores 1 Grapadora HS 450 [&hellip;]<\/p>\n","protected":false},"featured_media":68470,"template":"","meta":[],"product_brand":[],"product_cat":[2905],"product_tag":[],"class_list":{"0":"post-92055","1":"product","2":"type-product","3":"status-publish","4":"has-post-thumbnail","6":"product_cat-engrapadora","7":"pa_baujahr-140","8":"pa_hersteller-heidelberg-stahl","9":"pa_typ-stitchmaster-st-450","11":"first","12":"instock","13":"sold-individually","14":"taxable","15":"shipping-taxable","16":"purchasable","17":"product-type-simple"},"jetpack_sharing_enabled":true,"_links":{"self":[{"href":"https:\/\/www.3p-gmbh.de\/es\/wp-json\/wp\/v2\/product\/92055","targetHints":{"allow":["GET"]}}],"collection":[{"href":"https:\/\/www.3p-gmbh.de\/es\/wp-json\/wp\/v2\/product"}],"about":[{"href":"https:\/\/www.3p-gmbh.de\/es\/wp-json\/wp\/v2\/types\/product"}],"wp:featuredmedia":[{"embeddable":true,"href":"https:\/\/www.3p-gmbh.de\/es\/wp-json\/wp\/v2\/media\/68470"}],"wp:attachment":[{"href":"https:\/\/www.3p-gmbh.de\/es\/wp-json\/wp\/v2\/media?parent=92055"}],"wp:term":[{"taxonomy":"product_brand","embeddable":true,"href":"https:\/\/www.3p-gmbh.de\/es\/wp-json\/wp\/v2\/product_brand?post=92055"},{"taxonomy":"product_cat","embeddable":true,"href":"https:\/\/www.3p-gmbh.de\/es\/wp-json\/wp\/v2\/product_cat?post=92055"},{"taxonomy":"product_tag","embeddable":true,"href":"https:\/\/www.3p-gmbh.de\/es\/wp-json\/wp\/v2\/product_tag?post=92055"}],"curies":[{"name":"wp","href":"https:\/\/api.w.org\/{rel}","templated":true}]}}