{"id":92053,"date":"2019-07-11T13:57:47","date_gmt":"2019-07-11T13:57:47","guid":{"rendered":"https:\/\/www.3p-gmbh.de\/produkt\/cabezales-de-costura-heidelberg-hohner-52-8-s-l6-de-ojal-anular\/"},"modified":"2019-07-11T13:57:47","modified_gmt":"2019-07-11T13:57:47","slug":"ringoesenheftkoepfe","status":"publish","type":"product","link":"https:\/\/www.3p-gmbh.de\/es\/produkt\/ringoesenheftkoepfe\/","title":{"rendered":"Cabezales de costura Heidelberg\/Hohner 52-8 S L6 de ojal anular"},"content":{"rendered":"<p>Con sus juegos de piezas intercambiables opcionales para diferentes longitudes de grapas, di\u00e1metros de anillas y tipos de alambre, sigue siendo el cabezal de grapado m\u00e1s flexible y vers\u00e1til del mercado actual, apto para velocidades m\u00e1ximas de hasta 20.000 grapas\/hora.<\/p>\n<p>&#8211; Diversidad extrema de alimentos b\u00e1sicos<br \/>\n&#8211; Piezas intercambiables opcionales para ahorrar costes<br \/>\n&#8211; Ajuste central r\u00e1pido de la longitud del hilo y del grosor de la grapa<br \/>\n&#8211; con carcasa de aluminio<br \/>\n&#8211; Ajuste sencillo y sin herramientas de la longitud del cable<br \/>\n&#8211; Sujeci\u00f3n extremadamente estrecha y robusta<\/p>\n","protected":false},"excerpt":{"rendered":"<p>Con sus juegos de piezas intercambiables opcionales para diferentes longitudes de grapas, di\u00e1metros de anillas y tipos de alambre, sigue siendo el cabezal de grapado m\u00e1s flexible y vers\u00e1til del mercado actual, apto para velocidades m\u00e1ximas de hasta 20.000 grapas\/hora. &#8211; Diversidad extrema de alimentos b\u00e1sicos &#8211; Piezas intercambiables opcionales para ahorrar costes &#8211; Ajuste [&hellip;]<\/p>\n","protected":false},"featured_media":68455,"template":"","meta":[],"product_brand":[],"product_cat":[2905],"product_tag":[],"class_list":{"0":"post-92053","1":"product","2":"type-product","3":"status-publish","4":"has-post-thumbnail","6":"product_cat-engrapadora","7":"pa_baujahr-140","8":"pa_hersteller-heidelberg-oem-hohner","9":"pa_typ-52-8-s-l6-hk-52-8","11":"first","12":"instock","13":"sold-individually","14":"taxable","15":"shipping-taxable","16":"purchasable","17":"product-type-simple"},"jetpack_sharing_enabled":true,"_links":{"self":[{"href":"https:\/\/www.3p-gmbh.de\/es\/wp-json\/wp\/v2\/product\/92053","targetHints":{"allow":["GET"]}}],"collection":[{"href":"https:\/\/www.3p-gmbh.de\/es\/wp-json\/wp\/v2\/product"}],"about":[{"href":"https:\/\/www.3p-gmbh.de\/es\/wp-json\/wp\/v2\/types\/product"}],"wp:featuredmedia":[{"embeddable":true,"href":"https:\/\/www.3p-gmbh.de\/es\/wp-json\/wp\/v2\/media\/68455"}],"wp:attachment":[{"href":"https:\/\/www.3p-gmbh.de\/es\/wp-json\/wp\/v2\/media?parent=92053"}],"wp:term":[{"taxonomy":"product_brand","embeddable":true,"href":"https:\/\/www.3p-gmbh.de\/es\/wp-json\/wp\/v2\/product_brand?post=92053"},{"taxonomy":"product_cat","embeddable":true,"href":"https:\/\/www.3p-gmbh.de\/es\/wp-json\/wp\/v2\/product_cat?post=92053"},{"taxonomy":"product_tag","embeddable":true,"href":"https:\/\/www.3p-gmbh.de\/es\/wp-json\/wp\/v2\/product_tag?post=92053"}],"curies":[{"name":"wp","href":"https:\/\/api.w.org\/{rel}","templated":true}]}}