{"id":91998,"date":"2019-07-11T13:57:54","date_gmt":"2019-07-11T13:57:54","guid":{"rendered":"https:\/\/www.3p-gmbh.de\/produkt\/gerhard-busch-kf-145-chip-transportador\/"},"modified":"2019-07-11T13:57:54","modified_gmt":"2019-07-11T13:57:54","slug":"spaenabtransport","status":"publish","type":"product","link":"https:\/\/www.3p-gmbh.de\/es\/produkt\/spaenabtransport\/","title":{"rendered":"Gerhard Busch KF 145 Chip transportador"},"content":{"rendered":"<p>Las cintas transportadoras de virutas son adecuadas para su conexi\u00f3n a cosedoras de grapas, encuadernadoras perfectas y guillotinas de tres cuchillas, en cuyo caso las virutas se transportan fuera de la guillotina de tres cuchillas en \u00e1ngulo recto. La combinaci\u00f3n de transportador auxiliar (HF) y transportador de virutas (KF) puede configurarse en funci\u00f3n de las condiciones espaciales, es decir, a la izquierda o a la derecha de la guillotina de tres cuchillas.<\/p>\n","protected":false},"excerpt":{"rendered":"<p>Las cintas transportadoras de virutas son adecuadas para su conexi\u00f3n a cosedoras de grapas, encuadernadoras perfectas y guillotinas de tres cuchillas, en cuyo caso las virutas se transportan fuera de la guillotina de tres cuchillas en \u00e1ngulo recto. La combinaci\u00f3n de transportador auxiliar (HF) y transportador de virutas (KF) puede configurarse en funci\u00f3n de las [&hellip;]<\/p>\n","protected":false},"featured_media":70906,"template":"","meta":[],"product_brand":[],"product_cat":[2905],"product_tag":[],"class_list":{"0":"post-91998","1":"product","2":"type-product","3":"status-publish","4":"has-post-thumbnail","6":"product_cat-engrapadora","7":"pa_baujahr-452","8":"pa_hersteller-gerhard-busch","9":"pa_typ-buschgraph-kf-145-mit-hf-35","11":"first","12":"instock","13":"sold-individually","14":"taxable","15":"shipping-taxable","16":"purchasable","17":"product-type-simple"},"jetpack_sharing_enabled":true,"_links":{"self":[{"href":"https:\/\/www.3p-gmbh.de\/es\/wp-json\/wp\/v2\/product\/91998","targetHints":{"allow":["GET"]}}],"collection":[{"href":"https:\/\/www.3p-gmbh.de\/es\/wp-json\/wp\/v2\/product"}],"about":[{"href":"https:\/\/www.3p-gmbh.de\/es\/wp-json\/wp\/v2\/types\/product"}],"wp:featuredmedia":[{"embeddable":true,"href":"https:\/\/www.3p-gmbh.de\/es\/wp-json\/wp\/v2\/media\/70906"}],"wp:attachment":[{"href":"https:\/\/www.3p-gmbh.de\/es\/wp-json\/wp\/v2\/media?parent=91998"}],"wp:term":[{"taxonomy":"product_brand","embeddable":true,"href":"https:\/\/www.3p-gmbh.de\/es\/wp-json\/wp\/v2\/product_brand?post=91998"},{"taxonomy":"product_cat","embeddable":true,"href":"https:\/\/www.3p-gmbh.de\/es\/wp-json\/wp\/v2\/product_cat?post=91998"},{"taxonomy":"product_tag","embeddable":true,"href":"https:\/\/www.3p-gmbh.de\/es\/wp-json\/wp\/v2\/product_tag?post=91998"}],"curies":[{"name":"wp","href":"https:\/\/api.w.org\/{rel}","templated":true}]}}