{"id":91969,"date":"2019-07-11T13:57:54","date_gmt":"2019-07-11T13:57:54","guid":{"rendered":"https:\/\/www.3p-gmbh.de\/produkt\/cabezales-de-pespunte-heidelberg-52-l6-con-anillas\/"},"modified":"2019-07-11T13:57:54","modified_gmt":"2019-07-11T13:57:54","slug":"ringoesenheftkoepfe-2","status":"publish","type":"product","link":"https:\/\/www.3p-gmbh.de\/es\/produkt\/ringoesenheftkoepfe-2\/","title":{"rendered":"Cabezales de pespunte Heidelberg 52-L6 con anillas"},"content":{"rendered":"<ul>\n<li>Cabezales para coser ojetes de anillas di\u00e1metro 6m Hohner \/ acero para ojetes de anillas modelo 52-L6 con caja de clincher y empujador plegable<\/li>\n<li>con sus juegos de piezas intercambiables opcionales para diferentes longitudes de grapas, di\u00e1metros de anillas y tipos de alambre, sigue siendo el cabezal de grapado m\u00e1s flexible y vers\u00e1til del mercado.<\/li>\n<li>Adecuada para velocidades m\u00e1ximas de hasta 20.000 grapas\/hora<\/li>\n<li>Diversidad extrema de alimentos b\u00e1sicos<\/li>\n<li>M\u00e1xima flexibilidad gracias a la disponibilidad de piezas intercambiables opcionales para una amplia gama de tipos de grapado e hilo, con el consiguiente ahorro de costes.<\/li>\n<li>Ajuste centralizado de la longitud del alambre y la fuerza de la grapa en segundos<\/li>\n<li>con carcasa de aluminio<\/li>\n<li>Ajuste sencillo y sin herramientas de la longitud del cable<\/li>\n<li>Dispositivo de sujeci\u00f3n atornillable extremadamente estrecho y robusto<\/li>\n<\/ul>\n","protected":false},"excerpt":{"rendered":"<p>Cabezales para coser ojetes de anillas di\u00e1metro 6m Hohner \/ acero para ojetes de anillas modelo 52-L6 con caja de clincher y empujador plegable con sus juegos de piezas intercambiables opcionales para diferentes longitudes de grapas, di\u00e1metros de anillas y tipos de alambre, sigue siendo el cabezal de grapado m\u00e1s flexible y vers\u00e1til del mercado. [&hellip;]<\/p>\n","protected":false},"featured_media":68581,"template":"","meta":[],"product_brand":[],"product_cat":[2905],"product_tag":[],"class_list":{"0":"post-91969","1":"product","2":"type-product","3":"status-publish","4":"has-post-thumbnail","6":"product_cat-engrapadora","7":"pa_baujahr-205","8":"pa_hersteller-heidelberg-stahl","9":"pa_typ-st-350-modell-52-l6","11":"first","12":"instock","13":"sold-individually","14":"taxable","15":"shipping-taxable","16":"purchasable","17":"product-type-simple"},"jetpack_sharing_enabled":true,"_links":{"self":[{"href":"https:\/\/www.3p-gmbh.de\/es\/wp-json\/wp\/v2\/product\/91969","targetHints":{"allow":["GET"]}}],"collection":[{"href":"https:\/\/www.3p-gmbh.de\/es\/wp-json\/wp\/v2\/product"}],"about":[{"href":"https:\/\/www.3p-gmbh.de\/es\/wp-json\/wp\/v2\/types\/product"}],"wp:featuredmedia":[{"embeddable":true,"href":"https:\/\/www.3p-gmbh.de\/es\/wp-json\/wp\/v2\/media\/68581"}],"wp:attachment":[{"href":"https:\/\/www.3p-gmbh.de\/es\/wp-json\/wp\/v2\/media?parent=91969"}],"wp:term":[{"taxonomy":"product_brand","embeddable":true,"href":"https:\/\/www.3p-gmbh.de\/es\/wp-json\/wp\/v2\/product_brand?post=91969"},{"taxonomy":"product_cat","embeddable":true,"href":"https:\/\/www.3p-gmbh.de\/es\/wp-json\/wp\/v2\/product_cat?post=91969"},{"taxonomy":"product_tag","embeddable":true,"href":"https:\/\/www.3p-gmbh.de\/es\/wp-json\/wp\/v2\/product_tag?post=91969"}],"curies":[{"name":"wp","href":"https:\/\/api.w.org\/{rel}","templated":true}]}}