{"id":91968,"date":"2019-07-11T13:57:54","date_gmt":"2019-07-11T13:57:54","guid":{"rendered":"https:\/\/www.3p-gmbh.de\/produkt\/grapadora-de-alambre-hohner-exact\/"},"modified":"2019-07-11T13:57:54","modified_gmt":"2019-07-11T13:57:54","slug":"grapadora-de-alambre-3","status":"publish","type":"product","link":"https:\/\/www.3p-gmbh.de\/es\/produkt\/grapadora-de-alambre-3\/","title":{"rendered":"Grapadora de alambre Hohner Exact"},"content":{"rendered":"<ul>\n<li>Instalaci\u00f3n de hasta cuatro cabezales de cosido estrechos Hohner Universal 52\/8 para cosido normal, cosido de ojales anulares o aplicaci\u00f3n mixta<\/li>\n<li>Adecuada como m\u00e1quina independiente o como unidad integrada<\/li>\n<li>Espesor m\u00e1ximo de grapa de 8 mm para grapado normal<\/li>\n<li>Mesa de grapado f\u00e1cilmente ajustable: recta para blocs, en \u00e1ngulo para folletos<\/li>\n<li>La fuerza de la grapa y la longitud del alambre se ajustan de forma simult\u00e1nea y centralizada para todos los cabezales mediante una sola palanca<\/li>\n<li>Un tope trasero y dos laterales, todos ajustables, garantizan que las pinzas est\u00e9n siempre colocadas en el lugar deseado<\/li>\n<li>Los cabezales de cosido pueden quitarse o ponerse r\u00e1pidamente, desplazarse lateralmente o simplemente desconectarse temporalmente<\/li>\n<li>Capacidad m\u00e1xima de grapado: 206 grapas \/ min por cabezal<\/li>\n<li>Liberaci\u00f3n del pie<\/li>\n<li>Tama\u00f1o de la mesa: 550 x 280 mm<\/li>\n<li>Profundidad de inserci\u00f3n desde la caja de la campana 165 mm<\/li>\n<li>Distancia entre abrazaderas m\u00e1x. 330 mm<\/li>\n<li>Distancia entre abrazaderas m\u00edn. 52-62 mm<\/li>\n<\/ul>\n","protected":false},"excerpt":{"rendered":"<p>Instalaci\u00f3n de hasta cuatro cabezales de cosido estrechos Hohner Universal 52\/8 para cosido normal, cosido de ojales anulares o aplicaci\u00f3n mixta Adecuada como m\u00e1quina independiente o como unidad integrada Espesor m\u00e1ximo de grapa de 8 mm para grapado normal Mesa de grapado f\u00e1cilmente ajustable: recta para blocs, en \u00e1ngulo para folletos La fuerza de la [&hellip;]<\/p>\n","protected":false},"featured_media":68548,"template":"","meta":[],"product_brand":[],"product_cat":[2905],"product_tag":[],"class_list":{"0":"post-91968","1":"product","2":"type-product","3":"status-publish","4":"has-post-thumbnail","6":"product_cat-engrapadora","7":"pa_baujahr-188","8":"pa_hersteller-hohner","9":"pa_typ-exact","11":"first","12":"instock","13":"sold-individually","14":"taxable","15":"shipping-taxable","16":"purchasable","17":"product-type-simple"},"jetpack_sharing_enabled":true,"_links":{"self":[{"href":"https:\/\/www.3p-gmbh.de\/es\/wp-json\/wp\/v2\/product\/91968","targetHints":{"allow":["GET"]}}],"collection":[{"href":"https:\/\/www.3p-gmbh.de\/es\/wp-json\/wp\/v2\/product"}],"about":[{"href":"https:\/\/www.3p-gmbh.de\/es\/wp-json\/wp\/v2\/types\/product"}],"wp:featuredmedia":[{"embeddable":true,"href":"https:\/\/www.3p-gmbh.de\/es\/wp-json\/wp\/v2\/media\/68548"}],"wp:attachment":[{"href":"https:\/\/www.3p-gmbh.de\/es\/wp-json\/wp\/v2\/media?parent=91968"}],"wp:term":[{"taxonomy":"product_brand","embeddable":true,"href":"https:\/\/www.3p-gmbh.de\/es\/wp-json\/wp\/v2\/product_brand?post=91968"},{"taxonomy":"product_cat","embeddable":true,"href":"https:\/\/www.3p-gmbh.de\/es\/wp-json\/wp\/v2\/product_cat?post=91968"},{"taxonomy":"product_tag","embeddable":true,"href":"https:\/\/www.3p-gmbh.de\/es\/wp-json\/wp\/v2\/product_tag?post=91968"}],"curies":[{"name":"wp","href":"https:\/\/api.w.org\/{rel}","templated":true}]}}