{"id":91964,"date":"2019-07-11T13:58:04","date_gmt":"2019-07-11T13:58:04","guid":{"rendered":"https:\/\/www.3p-gmbh.de\/produkt\/grapadora-automatica-ajustable-heidelberg-st-400\/"},"modified":"2019-07-11T13:58:04","modified_gmt":"2019-07-11T13:58:04","slug":"cosedora-automatica-ajustable","status":"publish","type":"product","link":"https:\/\/www.3p-gmbh.de\/es\/produkt\/cosedora-automatica-ajustable\/","title":{"rendered":"Grapadora autom\u00e1tica ajustable Heidelberg ST-400"},"content":{"rendered":"<p>A\u00f1o de fabricaci\u00f3n 9-2001<br \/>\naprox. 14920 horas de funcionamiento<br \/>\nPotencia (mec\u00e1nica) m\u00e1x. 14.000 ciclos\/h<br \/>\nFormato sin recortar min. 92 x 128 mm &#8211; m\u00e1x. 320 x 480 mm<br \/>\nFormato recortado min. 89 x 120 mm &#8211; m\u00e1x. 305 x 474 mm<br \/>\nFormatos para usos m\u00faltiples a petici\u00f3n<br \/>\nEspesor del producto: m\u00e1x. 12 mm<\/p>\n<p>Equipamiento:<br \/>\n1 x alimentador de carpetas de cubiertas (UFA)<br \/>\n4 x tambor alimentador vertical TAS<br \/>\n2 x tambor alimentador horizontal TAL<br \/>\n7 x bastidor inferior de cadena con espada (1 m)<br \/>\n1 x Entrega de cinta de hojas perdidas con control de intervalos<br \/>\n1 x Estaci\u00f3n de grapado ST 400<br \/>\n4 x cabezales de grapado Normal<br \/>\n4 x cabezales de costura Ringoese<br \/>\n1 x Control de grapas<br \/>\n1 x control de espesor<br \/>\n1 dispositivo de peque\u00f1o formato<br \/>\n1 x dispositivo de corte central<br \/>\n1 x mesa de marcado de transferencia con compuerta de desv\u00edo<br \/>\n1 x transportador de virutas inlog de 2007<br \/>\n1 x apilador compensador RIMA RS-12S<\/p>\n","protected":false},"excerpt":{"rendered":"<p>A\u00f1o de fabricaci\u00f3n 9-2001 aprox. 14920 horas de funcionamiento Potencia (mec\u00e1nica) m\u00e1x. 14.000 ciclos\/h Formato sin recortar min. 92 x 128 mm &#8211; m\u00e1x. 320 x 480 mm Formato recortado min. 89 x 120 mm &#8211; m\u00e1x. 305 x 474 mm Formatos para usos m\u00faltiples a petici\u00f3n Espesor del producto: m\u00e1x. 12 mm Equipamiento: 1 [&hellip;]<\/p>\n","protected":false},"featured_media":70807,"template":"","meta":[],"product_brand":[],"product_cat":[2905],"product_tag":[],"class_list":{"0":"post-91964","1":"product","2":"type-product","3":"status-publish","4":"has-post-thumbnail","6":"product_cat-engrapadora","7":"pa_baujahr-130","8":"pa_hersteller-heidelberg","9":"pa_typ-stitchmaster-st-400","11":"first","12":"instock","13":"sold-individually","14":"taxable","15":"shipping-taxable","16":"purchasable","17":"product-type-simple"},"jetpack_sharing_enabled":true,"_links":{"self":[{"href":"https:\/\/www.3p-gmbh.de\/es\/wp-json\/wp\/v2\/product\/91964","targetHints":{"allow":["GET"]}}],"collection":[{"href":"https:\/\/www.3p-gmbh.de\/es\/wp-json\/wp\/v2\/product"}],"about":[{"href":"https:\/\/www.3p-gmbh.de\/es\/wp-json\/wp\/v2\/types\/product"}],"wp:featuredmedia":[{"embeddable":true,"href":"https:\/\/www.3p-gmbh.de\/es\/wp-json\/wp\/v2\/media\/70807"}],"wp:attachment":[{"href":"https:\/\/www.3p-gmbh.de\/es\/wp-json\/wp\/v2\/media?parent=91964"}],"wp:term":[{"taxonomy":"product_brand","embeddable":true,"href":"https:\/\/www.3p-gmbh.de\/es\/wp-json\/wp\/v2\/product_brand?post=91964"},{"taxonomy":"product_cat","embeddable":true,"href":"https:\/\/www.3p-gmbh.de\/es\/wp-json\/wp\/v2\/product_cat?post=91964"},{"taxonomy":"product_tag","embeddable":true,"href":"https:\/\/www.3p-gmbh.de\/es\/wp-json\/wp\/v2\/product_tag?post=91964"}],"curies":[{"name":"wp","href":"https:\/\/api.w.org\/{rel}","templated":true}]}}