{"id":91933,"date":"2019-07-11T13:58:13","date_gmt":"2019-07-11T13:58:13","guid":{"rendered":"https:\/\/www.3p-gmbh.de\/produkt\/jogger-automatico-de-gran-formato-polar-mohr-rb-7\/"},"modified":"2019-07-11T13:58:13","modified_gmt":"2019-07-11T13:58:13","slug":"maquina-de-ruleta-de-gran-formato","status":"publish","type":"product","link":"https:\/\/www.3p-gmbh.de\/es\/produkt\/maquina-de-ruleta-de-gran-formato\/","title":{"rendered":"Jogger autom\u00e1tico de gran formato Polar Mohr RB-7"},"content":{"rendered":"<p>Mesa de aire con tope adicional para formatos m\u00e1s peque\u00f1os<br \/>\n\u00c1rea de formato (superficie \u00fatil de la mesa) aprox. 126 x 162 cm cm<br \/>\nAltura de la mesa (regulable sin escalonamientos) 86 &#8211; 95 cm<br \/>\nAletas laterales de accionamiento manual<\/p>\n","protected":false},"excerpt":{"rendered":"<p>Mesa de aire con tope adicional para formatos m\u00e1s peque\u00f1os \u00c1rea de formato (superficie \u00fatil de la mesa) aprox. 126 x 162 cm cm Altura de la mesa (regulable sin escalonamientos) 86 &#8211; 95 cm Aletas laterales de accionamiento manual<\/p>\n","protected":false},"featured_media":68854,"template":"","meta":[],"product_brand":[],"product_cat":[3070],"product_tag":[],"class_list":{"0":"post-91933","1":"product","2":"type-product","3":"status-publish","4":"has-post-thumbnail","6":"product_cat-mesas-vibratorias-es","7":"pa_baujahr-123","8":"pa_hersteller-polar-mohr-hofheim","9":"pa_typ-polar-rb-7","11":"first","12":"instock","13":"sold-individually","14":"taxable","15":"shipping-taxable","16":"purchasable","17":"product-type-simple"},"jetpack_sharing_enabled":true,"_links":{"self":[{"href":"https:\/\/www.3p-gmbh.de\/es\/wp-json\/wp\/v2\/product\/91933","targetHints":{"allow":["GET"]}}],"collection":[{"href":"https:\/\/www.3p-gmbh.de\/es\/wp-json\/wp\/v2\/product"}],"about":[{"href":"https:\/\/www.3p-gmbh.de\/es\/wp-json\/wp\/v2\/types\/product"}],"wp:featuredmedia":[{"embeddable":true,"href":"https:\/\/www.3p-gmbh.de\/es\/wp-json\/wp\/v2\/media\/68854"}],"wp:attachment":[{"href":"https:\/\/www.3p-gmbh.de\/es\/wp-json\/wp\/v2\/media?parent=91933"}],"wp:term":[{"taxonomy":"product_brand","embeddable":true,"href":"https:\/\/www.3p-gmbh.de\/es\/wp-json\/wp\/v2\/product_brand?post=91933"},{"taxonomy":"product_cat","embeddable":true,"href":"https:\/\/www.3p-gmbh.de\/es\/wp-json\/wp\/v2\/product_cat?post=91933"},{"taxonomy":"product_tag","embeddable":true,"href":"https:\/\/www.3p-gmbh.de\/es\/wp-json\/wp\/v2\/product_tag?post=91933"}],"curies":[{"name":"wp","href":"https:\/\/api.w.org\/{rel}","templated":true}]}}