{"id":91916,"date":"2019-07-11T13:58:15","date_gmt":"2019-07-11T13:58:15","guid":{"rendered":"https:\/\/www.3p-gmbh.de\/produkt\/maquina-de-aceite-doble-constantin-hang-87-05\/"},"modified":"2019-07-11T13:58:15","modified_gmt":"2019-07-11T13:58:15","slug":"maquina-de-doble-oe","status":"publish","type":"product","link":"https:\/\/www.3p-gmbh.de\/es\/produkt\/maquina-de-doble-oe\/","title":{"rendered":"M\u00e1quina de aceite doble Constantin Hang 87-05"},"content":{"rendered":"<p>&#8211; para insertar ojetes para series medias<br \/>\n&#8211; especialmente adecuado para redes de liberaci\u00f3n r\u00e1pida<br \/>\n&#8211; con ojales autoperforantes: hasta 30 hojas con papel de 80 g\/m\u00b2.<br \/>\n&#8211; con material preperforado: hasta 50 hojas<br \/>\n&#8211; con alimentadores de ojetes autom\u00e1ticos y f\u00e1cilmente sustituibles<br \/>\n&#8211; Distancia entre ojales ajustable mediante volante<br \/>\n&#8211; distancia m\u00e1xima entre los dos cabezales exteriores 320 mm<br \/>\n&#8211; Mesa de apoyo con respaldo ajustable y topes laterales<br \/>\n&#8211; Activado por interruptor de pedal el\u00e9ctrico<br \/>\n&#8211; Dispositivo de aspiraci\u00f3n de los residuos de aceite<br \/>\n&#8211; Profundidad de trabajo 300 mm<\/p>\n","protected":false},"excerpt":{"rendered":"<p>&#8211; para insertar ojetes para series medias &#8211; especialmente adecuado para redes de liberaci\u00f3n r\u00e1pida &#8211; con ojales autoperforantes: hasta 30 hojas con papel de 80 g\/m\u00b2. &#8211; con material preperforado: hasta 50 hojas &#8211; con alimentadores de ojetes autom\u00e1ticos y f\u00e1cilmente sustituibles &#8211; Distancia entre ojales ajustable mediante volante &#8211; distancia m\u00e1xima entre los [&hellip;]<\/p>\n","protected":false},"featured_media":68989,"template":"","meta":[],"product_brand":[],"product_cat":[3058],"product_tag":[],"class_list":{"0":"post-91916","1":"product","2":"type-product","3":"status-publish","4":"has-post-thumbnail","6":"product_cat-engrasadoras","7":"pa_hersteller-constantin-hang","8":"pa_typ-hang-87-05","10":"first","11":"instock","12":"sold-individually","13":"taxable","14":"shipping-taxable","15":"purchasable","16":"product-type-simple"},"jetpack_sharing_enabled":true,"_links":{"self":[{"href":"https:\/\/www.3p-gmbh.de\/es\/wp-json\/wp\/v2\/product\/91916","targetHints":{"allow":["GET"]}}],"collection":[{"href":"https:\/\/www.3p-gmbh.de\/es\/wp-json\/wp\/v2\/product"}],"about":[{"href":"https:\/\/www.3p-gmbh.de\/es\/wp-json\/wp\/v2\/types\/product"}],"wp:featuredmedia":[{"embeddable":true,"href":"https:\/\/www.3p-gmbh.de\/es\/wp-json\/wp\/v2\/media\/68989"}],"wp:attachment":[{"href":"https:\/\/www.3p-gmbh.de\/es\/wp-json\/wp\/v2\/media?parent=91916"}],"wp:term":[{"taxonomy":"product_brand","embeddable":true,"href":"https:\/\/www.3p-gmbh.de\/es\/wp-json\/wp\/v2\/product_brand?post=91916"},{"taxonomy":"product_cat","embeddable":true,"href":"https:\/\/www.3p-gmbh.de\/es\/wp-json\/wp\/v2\/product_cat?post=91916"},{"taxonomy":"product_tag","embeddable":true,"href":"https:\/\/www.3p-gmbh.de\/es\/wp-json\/wp\/v2\/product_tag?post=91916"}],"curies":[{"name":"wp","href":"https:\/\/api.w.org\/{rel}","templated":true}]}}