{"id":91895,"date":"2019-07-11T13:58:15","date_gmt":"2019-07-11T13:58:15","guid":{"rendered":"https:\/\/www.3p-gmbh.de\/produkt\/c-p-bourg-bdf-acabador-de-folletos\/"},"modified":"2019-07-11T13:58:15","modified_gmt":"2019-07-11T13:58:15","slug":"finalizador-de-folletos","status":"publish","type":"product","link":"https:\/\/www.3p-gmbh.de\/es\/produkt\/finalizador-de-folletos\/","title":{"rendered":"c. p. Bourg BDF acabador de folletos"},"content":{"rendered":"<p>2 torres BST 10N<br \/>\ncon aire de aspiraci\u00f3n, manejo mediante pantalla t\u00e1ctil,<br \/>\nFormato m\u00e1x. 35 x 52 cm<br \/>\nFormato min. 11,5 x 20 cm m\u00edn,<br \/>\nuna torre con salida a la izquierda para conjuntos agrupados<br \/>\ncon entrega compensada TD-d<br \/>\nConfeccionador de folletos BDF totalmente autom\u00e1tico con pantalla t\u00e1ctil<br \/>\n(Grapado, plegado y corte)<br \/>\n2 cabezales de costura Hohner Standard,<br \/>\n2 kits de conversi\u00f3n de anillas Hohner<br \/>\nVisualizaci\u00f3n de la cinta<\/p>\n","protected":false},"excerpt":{"rendered":"<p>2 torres BST 10N con aire de aspiraci\u00f3n, manejo mediante pantalla t\u00e1ctil, Formato m\u00e1x. 35 x 52 cm Formato min. 11,5 x 20 cm m\u00edn, una torre con salida a la izquierda para conjuntos agrupados con entrega compensada TD-d Confeccionador de folletos BDF totalmente autom\u00e1tico con pantalla t\u00e1ctil (Grapado, plegado y corte) 2 cabezales de [&hellip;]<\/p>\n","protected":false},"featured_media":68914,"template":"","meta":[],"product_brand":[],"product_cat":[2940],"product_tag":[],"class_list":{"0":"post-91895","1":"product","2":"type-product","3":"status-publish","4":"has-post-thumbnail","6":"product_cat-sistemas-de-elaboracion-de-folletos","7":"pa_baujahr-198","8":"pa_hersteller-c-p-bourg","9":"pa_typ-bdf","11":"first","12":"instock","13":"sold-individually","14":"taxable","15":"shipping-taxable","16":"purchasable","17":"product-type-simple"},"jetpack_sharing_enabled":true,"_links":{"self":[{"href":"https:\/\/www.3p-gmbh.de\/es\/wp-json\/wp\/v2\/product\/91895","targetHints":{"allow":["GET"]}}],"collection":[{"href":"https:\/\/www.3p-gmbh.de\/es\/wp-json\/wp\/v2\/product"}],"about":[{"href":"https:\/\/www.3p-gmbh.de\/es\/wp-json\/wp\/v2\/types\/product"}],"wp:featuredmedia":[{"embeddable":true,"href":"https:\/\/www.3p-gmbh.de\/es\/wp-json\/wp\/v2\/media\/68914"}],"wp:attachment":[{"href":"https:\/\/www.3p-gmbh.de\/es\/wp-json\/wp\/v2\/media?parent=91895"}],"wp:term":[{"taxonomy":"product_brand","embeddable":true,"href":"https:\/\/www.3p-gmbh.de\/es\/wp-json\/wp\/v2\/product_brand?post=91895"},{"taxonomy":"product_cat","embeddable":true,"href":"https:\/\/www.3p-gmbh.de\/es\/wp-json\/wp\/v2\/product_cat?post=91895"},{"taxonomy":"product_tag","embeddable":true,"href":"https:\/\/www.3p-gmbh.de\/es\/wp-json\/wp\/v2\/product_tag?post=91895"}],"curies":[{"name":"wp","href":"https:\/\/api.w.org\/{rel}","templated":true}]}}