{"id":91888,"date":"2019-07-11T13:58:15","date_gmt":"2019-07-11T13:58:15","guid":{"rendered":"https:\/\/www.3p-gmbh.de\/produkt\/punzonadora-automatica-gbc-ap-2\/"},"modified":"2019-07-11T13:58:15","modified_gmt":"2019-07-11T13:58:15","slug":"punzonadora-automatica","status":"publish","type":"product","link":"https:\/\/www.3p-gmbh.de\/es\/produkt\/punzonadora-automatica\/","title":{"rendered":"Punzonadora autom\u00e1tica GBC AP-2"},"content":{"rendered":"<p>con una herramienta rect\u00e1ngulo 8,3x3mm para encuadernaci\u00f3n en pl\u00e1stico<\/p>\n","protected":false},"excerpt":{"rendered":"<p>con una herramienta rect\u00e1ngulo 8,3x3mm para encuadernaci\u00f3n en pl\u00e1stico<\/p>\n","protected":false},"featured_media":68884,"template":"","meta":[],"product_brand":[],"product_cat":[2910],"product_tag":[],"class_list":{"0":"post-91888","1":"product","2":"type-product","3":"status-publish","4":"has-post-thumbnail","6":"product_cat-perforacion","7":"pa_baujahr-130","8":"pa_hersteller-gbc","9":"pa_typ-ap-2-ultra","11":"first","12":"instock","13":"sold-individually","14":"taxable","15":"shipping-taxable","16":"purchasable","17":"product-type-simple"},"jetpack_sharing_enabled":true,"_links":{"self":[{"href":"https:\/\/www.3p-gmbh.de\/es\/wp-json\/wp\/v2\/product\/91888","targetHints":{"allow":["GET"]}}],"collection":[{"href":"https:\/\/www.3p-gmbh.de\/es\/wp-json\/wp\/v2\/product"}],"about":[{"href":"https:\/\/www.3p-gmbh.de\/es\/wp-json\/wp\/v2\/types\/product"}],"wp:featuredmedia":[{"embeddable":true,"href":"https:\/\/www.3p-gmbh.de\/es\/wp-json\/wp\/v2\/media\/68884"}],"wp:attachment":[{"href":"https:\/\/www.3p-gmbh.de\/es\/wp-json\/wp\/v2\/media?parent=91888"}],"wp:term":[{"taxonomy":"product_brand","embeddable":true,"href":"https:\/\/www.3p-gmbh.de\/es\/wp-json\/wp\/v2\/product_brand?post=91888"},{"taxonomy":"product_cat","embeddable":true,"href":"https:\/\/www.3p-gmbh.de\/es\/wp-json\/wp\/v2\/product_cat?post=91888"},{"taxonomy":"product_tag","embeddable":true,"href":"https:\/\/www.3p-gmbh.de\/es\/wp-json\/wp\/v2\/product_tag?post=91888"}],"curies":[{"name":"wp","href":"https:\/\/api.w.org\/{rel}","templated":true}]}}