{"id":91875,"date":"2019-07-11T13:58:29","date_gmt":"2019-07-11T13:58:29","guid":{"rendered":"https:\/\/www.3p-gmbh.de\/produkt\/schoen-cie-modelo-n-1-1-4-1-punzonadora-hidraulica-de-brazo-movil\/"},"modified":"2019-07-11T13:58:29","modified_gmt":"2019-07-11T13:58:29","slug":"punzon-hidraulico-de-brazo-movil","status":"publish","type":"product","link":"https:\/\/www.3p-gmbh.de\/es\/produkt\/punzon-hidraulico-de-brazo-movil\/","title":{"rendered":"Schoen &amp; Cie Modelo N 1.1\/4-1 Punzonadora hidr\u00e1ulica de brazo m\u00f3vil"},"content":{"rendered":"<p>Las punzonadoras de carga manual de material y utillaje son especialmente adecuadas para lotes peque\u00f1os o piezas de dimensiones reducidas.<\/p>\n<p>Tama\u00f1o de perforaci\u00f3n 32 x 55 cm<br \/>\nSuperficie de perforaci\u00f3n giratoria<br \/>\nMesa de apoyo aprox.50x93cm<br \/>\nA\u00f1o de fabricaci\u00f3n 1981<\/p>\n","protected":false},"excerpt":{"rendered":"<p>Las punzonadoras de carga manual de material y utillaje son especialmente adecuadas para lotes peque\u00f1os o piezas de dimensiones reducidas. Tama\u00f1o de perforaci\u00f3n 32 x 55 cm Superficie de perforaci\u00f3n giratoria Mesa de apoyo aprox.50x93cm A\u00f1o de fabricaci\u00f3n 1981<\/p>\n","protected":false},"featured_media":70726,"template":"","meta":[],"product_brand":[],"product_cat":[2910],"product_tag":[],"class_list":{"0":"post-91875","1":"product","2":"type-product","3":"status-publish","4":"has-post-thumbnail","6":"product_cat-perforacion","7":"pa_baujahr-1234","8":"pa_hersteller-schoen-cie","9":"pa_typ-schwenkarm-stanzmaschinen-1-1-4-1","11":"first","12":"instock","13":"sold-individually","14":"taxable","15":"shipping-taxable","16":"purchasable","17":"product-type-simple"},"jetpack_sharing_enabled":true,"_links":{"self":[{"href":"https:\/\/www.3p-gmbh.de\/es\/wp-json\/wp\/v2\/product\/91875","targetHints":{"allow":["GET"]}}],"collection":[{"href":"https:\/\/www.3p-gmbh.de\/es\/wp-json\/wp\/v2\/product"}],"about":[{"href":"https:\/\/www.3p-gmbh.de\/es\/wp-json\/wp\/v2\/types\/product"}],"wp:featuredmedia":[{"embeddable":true,"href":"https:\/\/www.3p-gmbh.de\/es\/wp-json\/wp\/v2\/media\/70726"}],"wp:attachment":[{"href":"https:\/\/www.3p-gmbh.de\/es\/wp-json\/wp\/v2\/media?parent=91875"}],"wp:term":[{"taxonomy":"product_brand","embeddable":true,"href":"https:\/\/www.3p-gmbh.de\/es\/wp-json\/wp\/v2\/product_brand?post=91875"},{"taxonomy":"product_cat","embeddable":true,"href":"https:\/\/www.3p-gmbh.de\/es\/wp-json\/wp\/v2\/product_cat?post=91875"},{"taxonomy":"product_tag","embeddable":true,"href":"https:\/\/www.3p-gmbh.de\/es\/wp-json\/wp\/v2\/product_tag?post=91875"}],"curies":[{"name":"wp","href":"https:\/\/api.w.org\/{rel}","templated":true}]}}