{"id":91871,"date":"2019-07-11T13:58:29","date_gmt":"2019-07-11T13:58:29","guid":{"rendered":"https:\/\/www.3p-gmbh.de\/produkt\/taladradora-de-papel-de-4-husillos-josef-foellmer-iram-12\/"},"modified":"2019-07-11T13:58:29","modified_gmt":"2019-07-11T13:58:29","slug":"taladradora-de-papel-de-4-husillos-2","status":"publish","type":"product","link":"https:\/\/www.3p-gmbh.de\/es\/produkt\/taladradora-de-papel-de-4-husillos-2\/","title":{"rendered":"Taladradora de papel de 4 husillos Josef Foellmer IRAM 12"},"content":{"rendered":"<p>taladradora de papel autom\u00e1tica de cuatro husillos de accionamiento hidr\u00e1ulico<\/p>\n<p>4 husillos<br \/>\nDistancia entre agujeros m\u00edn. 3 mm<br \/>\nDistancia entre agujeros m\u00e1x. 800 mm<br \/>\nProfundidad de perforaci\u00f3n m\u00e1x. 70 mm<br \/>\nMango de broca 11mm<br \/>\nDi\u00e1metros de perforaci\u00f3n de 3 a 10 mm<br \/>\nRegulaci\u00f3n de la velocidad<br \/>\ncon regulaci\u00f3n de la velocidad de elevaci\u00f3n<\/p>\n","protected":false},"excerpt":{"rendered":"<p>taladradora de papel autom\u00e1tica de cuatro husillos de accionamiento hidr\u00e1ulico 4 husillos Distancia entre agujeros m\u00edn. 3 mm Distancia entre agujeros m\u00e1x. 800 mm Profundidad de perforaci\u00f3n m\u00e1x. 70 mm Mango de broca 11mm Di\u00e1metros de perforaci\u00f3n de 3 a 10 mm Regulaci\u00f3n de la velocidad con regulaci\u00f3n de la velocidad de elevaci\u00f3n<\/p>\n","protected":false},"featured_media":69148,"template":"","meta":[],"product_brand":[],"product_cat":[2956],"product_tag":[],"class_list":{"0":"post-91871","1":"product","2":"type-product","3":"status-publish","4":"has-post-thumbnail","6":"product_cat-taladros-de-papel","7":"pa_baujahr-188","8":"pa_hersteller-josef-foellmer","9":"pa_typ-iram-12","11":"first","12":"instock","13":"sold-individually","14":"taxable","15":"shipping-taxable","16":"purchasable","17":"product-type-simple"},"jetpack_sharing_enabled":true,"_links":{"self":[{"href":"https:\/\/www.3p-gmbh.de\/es\/wp-json\/wp\/v2\/product\/91871","targetHints":{"allow":["GET"]}}],"collection":[{"href":"https:\/\/www.3p-gmbh.de\/es\/wp-json\/wp\/v2\/product"}],"about":[{"href":"https:\/\/www.3p-gmbh.de\/es\/wp-json\/wp\/v2\/types\/product"}],"wp:featuredmedia":[{"embeddable":true,"href":"https:\/\/www.3p-gmbh.de\/es\/wp-json\/wp\/v2\/media\/69148"}],"wp:attachment":[{"href":"https:\/\/www.3p-gmbh.de\/es\/wp-json\/wp\/v2\/media?parent=91871"}],"wp:term":[{"taxonomy":"product_brand","embeddable":true,"href":"https:\/\/www.3p-gmbh.de\/es\/wp-json\/wp\/v2\/product_brand?post=91871"},{"taxonomy":"product_cat","embeddable":true,"href":"https:\/\/www.3p-gmbh.de\/es\/wp-json\/wp\/v2\/product_cat?post=91871"},{"taxonomy":"product_tag","embeddable":true,"href":"https:\/\/www.3p-gmbh.de\/es\/wp-json\/wp\/v2\/product_tag?post=91871"}],"curies":[{"name":"wp","href":"https:\/\/api.w.org\/{rel}","templated":true}]}}