{"id":91862,"date":"2019-07-11T13:58:29","date_gmt":"2019-07-11T13:58:29","guid":{"rendered":"https:\/\/www.3p-gmbh.de\/produkt\/taladradora-de-papel-de-4-husillos-ernst-nagel-citoborma-480-ab\/"},"modified":"2019-07-11T13:58:29","modified_gmt":"2019-07-11T13:58:29","slug":"taladradora-de-papel-de-cuatro-husillos-2","status":"publish","type":"product","link":"https:\/\/www.3p-gmbh.de\/es\/produkt\/taladradora-de-papel-de-cuatro-husillos-2\/","title":{"rendered":"Taladradora de papel de 4 husillos Ernst Nagel Citoborma 480 AB"},"content":{"rendered":"<p>&#8211; P\u00f3rtico resistente a la torsi\u00f3n para mayor precisi\u00f3n y durabilidad<br \/>\n&#8211; Liberaci\u00f3n del pie<br \/>\n&#8211; Altura de apilado 60 mm<br \/>\n&#8211; Profundidad de inserci\u00f3n aprox. 100 mm detr\u00e1s de las brocas<br \/>\n&#8211; Anchura de inserci\u00f3n 480 mm<br \/>\n&#8211; Compensaci\u00f3n de la longitud de perforaci\u00f3n<br \/>\n&#8211; Di\u00e1metro del orificio 2 &#8211; 20 mm<br \/>\n&#8211; De 1 a 4 cabezales de perforaci\u00f3n<br \/>\n&#8211; Elevaci\u00f3n autom\u00e1tica de la mesa<\/p>\n","protected":false},"excerpt":{"rendered":"<p>&#8211; P\u00f3rtico resistente a la torsi\u00f3n para mayor precisi\u00f3n y durabilidad &#8211; Liberaci\u00f3n del pie &#8211; Altura de apilado 60 mm &#8211; Profundidad de inserci\u00f3n aprox. 100 mm detr\u00e1s de las brocas &#8211; Anchura de inserci\u00f3n 480 mm &#8211; Compensaci\u00f3n de la longitud de perforaci\u00f3n &#8211; Di\u00e1metro del orificio 2 &#8211; 20 mm &#8211; De [&hellip;]<\/p>\n","protected":false},"featured_media":69124,"template":"","meta":[],"product_brand":[],"product_cat":[2956],"product_tag":[],"class_list":{"0":"post-91862","1":"product","2":"type-product","3":"status-publish","4":"has-post-thumbnail","6":"product_cat-taladros-de-papel","7":"pa_baujahr-158","8":"pa_hersteller-ernst-nagel","9":"pa_typ-citoborma-480-ab","11":"first","12":"instock","13":"sold-individually","14":"taxable","15":"shipping-taxable","16":"purchasable","17":"product-type-simple"},"jetpack_sharing_enabled":true,"_links":{"self":[{"href":"https:\/\/www.3p-gmbh.de\/es\/wp-json\/wp\/v2\/product\/91862","targetHints":{"allow":["GET"]}}],"collection":[{"href":"https:\/\/www.3p-gmbh.de\/es\/wp-json\/wp\/v2\/product"}],"about":[{"href":"https:\/\/www.3p-gmbh.de\/es\/wp-json\/wp\/v2\/types\/product"}],"wp:featuredmedia":[{"embeddable":true,"href":"https:\/\/www.3p-gmbh.de\/es\/wp-json\/wp\/v2\/media\/69124"}],"wp:attachment":[{"href":"https:\/\/www.3p-gmbh.de\/es\/wp-json\/wp\/v2\/media?parent=91862"}],"wp:term":[{"taxonomy":"product_brand","embeddable":true,"href":"https:\/\/www.3p-gmbh.de\/es\/wp-json\/wp\/v2\/product_brand?post=91862"},{"taxonomy":"product_cat","embeddable":true,"href":"https:\/\/www.3p-gmbh.de\/es\/wp-json\/wp\/v2\/product_cat?post=91862"},{"taxonomy":"product_tag","embeddable":true,"href":"https:\/\/www.3p-gmbh.de\/es\/wp-json\/wp\/v2\/product_tag?post=91862"}],"curies":[{"name":"wp","href":"https:\/\/api.w.org\/{rel}","templated":true}]}}