{"id":91860,"date":"2019-07-11T13:58:29","date_gmt":"2019-07-11T13:58:29","guid":{"rendered":"https:\/\/www.3p-gmbh.de\/produkt\/taladradora-de-papel-multihusillo-constantin-hang-107-30\/"},"modified":"2019-07-11T13:58:29","modified_gmt":"2019-07-11T13:58:29","slug":"taladradora-multihusillo-para-papel","status":"publish","type":"product","link":"https:\/\/www.3p-gmbh.de\/es\/produkt\/taladradora-multihusillo-para-papel\/","title":{"rendered":"Taladradora de papel multihusillo Constantin Hang 107-30"},"content":{"rendered":"<p>taladradora autom\u00e1tica multihusillo para papel Hang 107 &#8211; 30<br \/>\ndel a\u00f1o de fabricaci\u00f3n 1992, completamente revisado por nosotros en el taller en 2015.<\/p>\n<p>&#8211; con 4 cabezales de perforaci\u00f3n<br \/>\n&#8211; Alimentaci\u00f3n por ciclos de la cinta de perforaci\u00f3n de cart\u00f3n<br \/>\n&#8211; Di\u00e1metro de la broca 3 &#8211; 14 mm<br \/>\n&#8211; Margen de ajuste de los husillos de perforaci\u00f3n de 36 &#8211; 420 mm<br \/>\n&#8211; Profundidad de trabajo muy grande 300 mm<br \/>\n&#8211; Sujeci\u00f3n r\u00e1pida de las brocas de papel<br \/>\n&#8211; Velocidad de perforaci\u00f3n y velocidad de desplazamiento de la mesa regulables sin escalonamiento<br \/>\n&#8211; Modo Jog para ajustar la m\u00e1quina<br \/>\n&#8211; M\u00e1quina m\u00f3vil sobre rodillos orientables<br \/>\n&#8211; Topes de profundidad y laterales<br \/>\n&#8211; con motor trif\u00e1sico 380 V<br \/>\n&#8211; Desbloqueo mediante interruptor de pedal el\u00e9ctrico, circuito inversor<\/p>\n","protected":false},"excerpt":{"rendered":"<p>taladradora autom\u00e1tica multihusillo para papel Hang 107 &#8211; 30 del a\u00f1o de fabricaci\u00f3n 1992, completamente revisado por nosotros en el taller en 2015. &#8211; con 4 cabezales de perforaci\u00f3n &#8211; Alimentaci\u00f3n por ciclos de la cinta de perforaci\u00f3n de cart\u00f3n &#8211; Di\u00e1metro de la broca 3 &#8211; 14 mm &#8211; Margen de ajuste de los [&hellip;]<\/p>\n","protected":false},"featured_media":69133,"template":"","meta":[],"product_brand":[],"product_cat":[2956],"product_tag":[],"class_list":{"0":"post-91860","1":"product","2":"type-product","3":"status-publish","4":"has-post-thumbnail","6":"product_cat-taladros-de-papel","7":"pa_baujahr-272","8":"pa_hersteller-constantin-hang","9":"pa_typ-107-30","11":"first","12":"instock","13":"sold-individually","14":"taxable","15":"shipping-taxable","16":"purchasable","17":"product-type-simple"},"jetpack_sharing_enabled":true,"_links":{"self":[{"href":"https:\/\/www.3p-gmbh.de\/es\/wp-json\/wp\/v2\/product\/91860","targetHints":{"allow":["GET"]}}],"collection":[{"href":"https:\/\/www.3p-gmbh.de\/es\/wp-json\/wp\/v2\/product"}],"about":[{"href":"https:\/\/www.3p-gmbh.de\/es\/wp-json\/wp\/v2\/types\/product"}],"wp:featuredmedia":[{"embeddable":true,"href":"https:\/\/www.3p-gmbh.de\/es\/wp-json\/wp\/v2\/media\/69133"}],"wp:attachment":[{"href":"https:\/\/www.3p-gmbh.de\/es\/wp-json\/wp\/v2\/media?parent=91860"}],"wp:term":[{"taxonomy":"product_brand","embeddable":true,"href":"https:\/\/www.3p-gmbh.de\/es\/wp-json\/wp\/v2\/product_brand?post=91860"},{"taxonomy":"product_cat","embeddable":true,"href":"https:\/\/www.3p-gmbh.de\/es\/wp-json\/wp\/v2\/product_cat?post=91860"},{"taxonomy":"product_tag","embeddable":true,"href":"https:\/\/www.3p-gmbh.de\/es\/wp-json\/wp\/v2\/product_tag?post=91860"}],"curies":[{"name":"wp","href":"https:\/\/api.w.org\/{rel}","templated":true}]}}