{"id":91849,"date":"2019-07-11T13:58:29","date_gmt":"2019-07-11T13:58:29","guid":{"rendered":"https:\/\/www.3p-gmbh.de\/produkt\/agitador-automatico-perfecta-sa-110-apk\/"},"modified":"2019-07-11T13:58:29","modified_gmt":"2019-07-11T13:58:29","slug":"maquina-expendedora-shuette","status":"publish","type":"product","link":"https:\/\/www.3p-gmbh.de\/es\/produkt\/maquina-expendedora-shuette\/","title":{"rendered":"Agitador autom\u00e1tico Perfecta SA 110 APK"},"content":{"rendered":"<p>&#8211; A\u00f1o de fabricaci\u00f3n 2007<br \/>\n&#8211; Mesa de aire chapada en acero inoxidable Superficie de la mesa 765 x 1090 mm<br \/>\n&#8211; rodillo de cuchillas de aire<br \/>\n&#8211; Topes neum\u00e1ticos autom\u00e1ticos de plegado<\/p>\n","protected":false},"excerpt":{"rendered":"<p>&#8211; A\u00f1o de fabricaci\u00f3n 2007 &#8211; Mesa de aire chapada en acero inoxidable Superficie de la mesa 765 x 1090 mm &#8211; rodillo de cuchillas de aire &#8211; Topes neum\u00e1ticos autom\u00e1ticos de plegado<\/p>\n","protected":false},"featured_media":70702,"template":"","meta":[],"product_brand":[],"product_cat":[3070],"product_tag":[],"class_list":{"0":"post-91849","1":"product","2":"type-product","3":"status-publish","4":"has-post-thumbnail","6":"product_cat-mesas-vibratorias-es","7":"pa_baujahr-140","8":"pa_hersteller-perfecta","9":"pa_typ-sa-110-apk","11":"first","12":"instock","13":"sold-individually","14":"taxable","15":"shipping-taxable","16":"purchasable","17":"product-type-simple"},"jetpack_sharing_enabled":true,"_links":{"self":[{"href":"https:\/\/www.3p-gmbh.de\/es\/wp-json\/wp\/v2\/product\/91849","targetHints":{"allow":["GET"]}}],"collection":[{"href":"https:\/\/www.3p-gmbh.de\/es\/wp-json\/wp\/v2\/product"}],"about":[{"href":"https:\/\/www.3p-gmbh.de\/es\/wp-json\/wp\/v2\/types\/product"}],"wp:featuredmedia":[{"embeddable":true,"href":"https:\/\/www.3p-gmbh.de\/es\/wp-json\/wp\/v2\/media\/70702"}],"wp:attachment":[{"href":"https:\/\/www.3p-gmbh.de\/es\/wp-json\/wp\/v2\/media?parent=91849"}],"wp:term":[{"taxonomy":"product_brand","embeddable":true,"href":"https:\/\/www.3p-gmbh.de\/es\/wp-json\/wp\/v2\/product_brand?post=91849"},{"taxonomy":"product_cat","embeddable":true,"href":"https:\/\/www.3p-gmbh.de\/es\/wp-json\/wp\/v2\/product_cat?post=91849"},{"taxonomy":"product_tag","embeddable":true,"href":"https:\/\/www.3p-gmbh.de\/es\/wp-json\/wp\/v2\/product_tag?post=91849"}],"curies":[{"name":"wp","href":"https:\/\/api.w.org\/{rel}","templated":true}]}}