{"id":91837,"date":"2019-07-11T13:58:29","date_gmt":"2019-07-11T13:58:29","guid":{"rendered":"https:\/\/www.3p-gmbh.de\/produkt\/redondeadores-de-esquinas-beier-uer\/"},"modified":"2019-07-11T13:58:29","modified_gmt":"2019-07-11T13:58:29","slug":"punzonadora-y-redondeadora-de-esquinas","status":"publish","type":"product","link":"https:\/\/www.3p-gmbh.de\/es\/produkt\/punzonadora-y-redondeadora-de-esquinas\/","title":{"rendered":"Redondeadores de esquinas Beier UER"},"content":{"rendered":"<p>&#8211; Punzonado y redondeado de esquinas Beier UER con cuchilla superior e inferior<br \/>\n&#8211; apto para papel, cart\u00f3n, l\u00e1minas<br \/>\n&#8211; Altura de apilado: m\u00e1x. 65 mm<br \/>\n&#8211; Funcionamiento manual<br \/>\n&#8211; dispositivo autom\u00e1tico de prensado<br \/>\n&#8211; Radios disponibles: 3 &#8211; 40 mm (opci\u00f3n)<br \/>\n&#8211; Perforaciones: 1,5 &#8211; 25 mm (opcional)<br \/>\n&#8211; Dimensiones de la mesa en mm: longitud 220 x profundidad 260<br \/>\n&#8211; Cuchillas con radios diferentes bajo pedido<\/p>\n","protected":false},"excerpt":{"rendered":"<p>&#8211; Punzonado y redondeado de esquinas Beier UER con cuchilla superior e inferior &#8211; apto para papel, cart\u00f3n, l\u00e1minas &#8211; Altura de apilado: m\u00e1x. 65 mm &#8211; Funcionamiento manual &#8211; dispositivo autom\u00e1tico de prensado &#8211; Radios disponibles: 3 &#8211; 40 mm (opci\u00f3n) &#8211; Perforaciones: 1,5 &#8211; 25 mm (opcional) &#8211; Dimensiones de la mesa en [&hellip;]<\/p>\n","protected":false},"featured_media":69097,"template":"","meta":[],"product_brand":[],"product_cat":[2894],"product_tag":[],"class_list":{"0":"post-91837","1":"product","2":"type-product","3":"status-publish","4":"has-post-thumbnail","6":"product_cat-surtido-encuadernacion","7":"pa_baujahr-266","8":"pa_typ-beier-uer","10":"first","11":"instock","12":"sold-individually","13":"taxable","14":"shipping-taxable","15":"purchasable","16":"product-type-simple"},"jetpack_sharing_enabled":true,"_links":{"self":[{"href":"https:\/\/www.3p-gmbh.de\/es\/wp-json\/wp\/v2\/product\/91837","targetHints":{"allow":["GET"]}}],"collection":[{"href":"https:\/\/www.3p-gmbh.de\/es\/wp-json\/wp\/v2\/product"}],"about":[{"href":"https:\/\/www.3p-gmbh.de\/es\/wp-json\/wp\/v2\/types\/product"}],"wp:featuredmedia":[{"embeddable":true,"href":"https:\/\/www.3p-gmbh.de\/es\/wp-json\/wp\/v2\/media\/69097"}],"wp:attachment":[{"href":"https:\/\/www.3p-gmbh.de\/es\/wp-json\/wp\/v2\/media?parent=91837"}],"wp:term":[{"taxonomy":"product_brand","embeddable":true,"href":"https:\/\/www.3p-gmbh.de\/es\/wp-json\/wp\/v2\/product_brand?post=91837"},{"taxonomy":"product_cat","embeddable":true,"href":"https:\/\/www.3p-gmbh.de\/es\/wp-json\/wp\/v2\/product_cat?post=91837"},{"taxonomy":"product_tag","embeddable":true,"href":"https:\/\/www.3p-gmbh.de\/es\/wp-json\/wp\/v2\/product_tag?post=91837"}],"curies":[{"name":"wp","href":"https:\/\/api.w.org\/{rel}","templated":true}]}}