{"id":91835,"date":"2019-07-11T13:58:29","date_gmt":"2019-07-11T13:58:29","guid":{"rendered":"https:\/\/www.3p-gmbh.de\/produkt\/guk-sm-50-2-cortadora-con-alimentador\/"},"modified":"2019-07-11T13:58:29","modified_gmt":"2019-07-11T13:58:29","slug":"cortadora-guk-sm-50-2","status":"publish","type":"product","link":"https:\/\/www.3p-gmbh.de\/es\/produkt\/cortadora-guk-sm-50-2\/","title":{"rendered":"GUK SM 50-2 Cortadora con alimentador"},"content":{"rendered":"<p>GUK FL 50-2 Alimentador neum\u00e1tico por succi\u00f3n de pila plana OEM B\u00e4uerle tipo FL 50-2 con cabezal separador controlado neum\u00e1ticamente, por lo que se consigue una separaci\u00f3n exacta de las hojas incluso con el mayor rendimiento y contador de preselecci\u00f3n.<\/p>\n<p>M\u00e1quina de corte GUK SM 50-2 Estaci\u00f3n de hendido de corte<br \/>\nAnchura m\u00e1x. de entrada 540 mm y m\u00edn. 150 mm<br \/>\nLongitud de entrada m\u00e1x. 800 mm y m\u00edn. 210 mm<br \/>\nDos bloques de corte enchufables<br \/>\nAjuste autom\u00e1tico del rodillo mediante la banda de papel<br \/>\nAccionamiento s\u00edncrono mediante engranajes helicoidales templados y rectificados en flanco<br \/>\nconTechni Fold tools (evita la rotura de fibras en la rotura paralela con gramajes m\u00e1s altos)<\/p>\n<p>Tambi\u00e9n se pueden utilizar herramientas de perforaci\u00f3n para hacer cupones, sellos, etc.<br \/>\nser utilizado<br \/>\nExpositor m\u00f3vil GUK S-520<br \/>\ncruce con clip<\/p>\n","protected":false},"excerpt":{"rendered":"<p>GUK FL 50-2 Alimentador neum\u00e1tico por succi\u00f3n de pila plana OEM B\u00e4uerle tipo FL 50-2 con cabezal separador controlado neum\u00e1ticamente, por lo que se consigue una separaci\u00f3n exacta de las hojas incluso con el mayor rendimiento y contador de preselecci\u00f3n. M\u00e1quina de corte GUK SM 50-2 Estaci\u00f3n de hendido de corte Anchura m\u00e1x. de entrada [&hellip;]<\/p>\n","protected":false},"featured_media":70705,"template":"","meta":[],"product_brand":[],"product_cat":[2894],"product_tag":[],"class_list":{"0":"post-91835","1":"product","2":"type-product","3":"status-publish","4":"has-post-thumbnail","6":"product_cat-surtido-encuadernacion","7":"pa_baujahr-145","8":"pa_hersteller-grieser-kunzmann-guk","9":"pa_typ-sm-50-2-schneid-rill-perforierstation","11":"first","12":"instock","13":"sold-individually","14":"taxable","15":"shipping-taxable","16":"purchasable","17":"product-type-simple"},"jetpack_sharing_enabled":true,"_links":{"self":[{"href":"https:\/\/www.3p-gmbh.de\/es\/wp-json\/wp\/v2\/product\/91835","targetHints":{"allow":["GET"]}}],"collection":[{"href":"https:\/\/www.3p-gmbh.de\/es\/wp-json\/wp\/v2\/product"}],"about":[{"href":"https:\/\/www.3p-gmbh.de\/es\/wp-json\/wp\/v2\/types\/product"}],"wp:featuredmedia":[{"embeddable":true,"href":"https:\/\/www.3p-gmbh.de\/es\/wp-json\/wp\/v2\/media\/70705"}],"wp:attachment":[{"href":"https:\/\/www.3p-gmbh.de\/es\/wp-json\/wp\/v2\/media?parent=91835"}],"wp:term":[{"taxonomy":"product_brand","embeddable":true,"href":"https:\/\/www.3p-gmbh.de\/es\/wp-json\/wp\/v2\/product_brand?post=91835"},{"taxonomy":"product_cat","embeddable":true,"href":"https:\/\/www.3p-gmbh.de\/es\/wp-json\/wp\/v2\/product_cat?post=91835"},{"taxonomy":"product_tag","embeddable":true,"href":"https:\/\/www.3p-gmbh.de\/es\/wp-json\/wp\/v2\/product_tag?post=91835"}],"curies":[{"name":"wp","href":"https:\/\/api.w.org\/{rel}","templated":true}]}}