{"id":91828,"date":"2019-07-11T13:58:29","date_gmt":"2019-07-11T13:58:29","guid":{"rendered":"https:\/\/www.3p-gmbh.de\/produkt\/auto-creaser-pro-33-de-ernst-nagel\/"},"modified":"2019-07-11T13:58:29","modified_gmt":"2019-07-11T13:58:29","slug":"trituradora-profesional","status":"publish","type":"product","link":"https:\/\/www.3p-gmbh.de\/es\/produkt\/trituradora-profesional\/","title":{"rendered":"Auto Creaser Pro 33 de Ernst Nagel"},"content":{"rendered":"<p>Morgana AutoCreaser Pro 33 \/ Ernst Nagel Auto Creaser Pro 33<br \/>\nA\u00f1o de construcci\u00f3n 2014 &#8211; perfecto estado<br \/>\nEquipada con la nueva y pr\u00e1ctica pantalla t\u00e1ctil para un manejo sencillo, procesa formatos de papel con una anchura de entrada de 35 cm y una longitud de hasta 100 cm.<br \/>\nutilizando la probada tecnolog\u00eda de barra de hendido contra ranura de hendido. El material se compacta suavemente durante el proceso de hendido, lo que evita que la tinta se desprenda o que el material se rasgue.<br \/>\ndurante el plegado. El papel se alimenta mediante un sistema de soplado y succi\u00f3n de aire, que evita que se raye el material sensible. Manejo r\u00e1pido y sencillo mediante joystick y pantalla clara.<\/p>\n<p>Campo de aplicaci\u00f3n:<br \/>\nimpresiones digitales sensibles, papeles con revestimiento mate, cart\u00f3n, material con sentido de marcha equivocado,<br \/>\nimpresos lacados, material plastificado, cubiertas de folletos, etc.<\/p>\n<p>Es posible perforar y cortar a lo largo del sentido de marcha con herramientas auxiliares rotativas. (opci\u00f3n)<br \/>\nAccesorios opcionales: Cuchilla de perforaci\u00f3n 96\/56\/28\/20 dientes<\/p>\n<p>El panel de control con pantalla t\u00e1ctil controla las principales funciones de la m\u00e1quina. S\u00f3lo es necesario introducir la longitud del papel para el producto acabado (las dimensiones est\u00e1ndar del papel est\u00e1n preestablecidas). El resto de ajustes e informaci\u00f3n son asumidos por el software. La informaci\u00f3n sobre las columnas de plegado se muestra digitalmente en la pantalla t\u00e1ctil. Otra ventaja es que el software es independiente del idioma: s\u00f3lo se utilizan s\u00edmbolos, lo que hace superflua la configuraci\u00f3n de idioma. Adem\u00e1s, el manejo de la pantalla t\u00e1ctil es muy f\u00e1cil de aprender. La amplia memoria alfanum\u00e9rica permite almacenar un n\u00famero ilimitado de trabajos con su propio nombre.<\/p>\n<p>Anchura de trabajo 35 cm<br \/>\nLongitud de trabajo 100 cm<br \/>\ngramaje de papel recomendado 70 &#8211; 350 g\/m<br \/>\nMemoria de programa 9<br \/>\nPliegues por hoja m\u00e1x. 16<br \/>\nTama\u00f1o de papel m\u00e1x. &#8211; con alimentaci\u00f3n manual 1.000 x 330 mm<br \/>\nTama\u00f1o de papel m\u00e1x. &#8211; para autom. Alimentaci\u00f3n 700 x 330 mm<br \/>\nTama\u00f1o de papel m\u00edn. 140 x 210 mm<br \/>\nVelocidad de hasta 6.500 (hojas\/hora)<br \/>\nMin. Distancia de hendido 4 mm<br \/>\nMin. Distancia de hendido desde el borde anterior 25 mm<br \/>\nMin. Distancia de hendido desde el borde posterior de la hoja 20 mm<\/p>\n","protected":false},"excerpt":{"rendered":"<p>Morgana AutoCreaser Pro 33 \/ Ernst Nagel Auto Creaser Pro 33 A\u00f1o de construcci\u00f3n 2014 &#8211; perfecto estado Equipada con la nueva y pr\u00e1ctica pantalla t\u00e1ctil para un manejo sencillo, procesa formatos de papel con una anchura de entrada de 35 cm y una longitud de hasta 100 cm. utilizando la probada tecnolog\u00eda de barra [&hellip;]<\/p>\n","protected":false},"featured_media":69091,"template":"","meta":[],"product_brand":[],"product_cat":[2959],"product_tag":[],"class_list":{"0":"post-91828","1":"product","2":"type-product","3":"status-publish","4":"has-post-thumbnail","6":"product_cat-maquinas-ranuradoras-y-perforadoras","7":"pa_baujahr-452","8":"pa_hersteller-morgana-ernst-nagel","9":"pa_typ-auto-rillnak-pro-33","11":"first","12":"instock","13":"sold-individually","14":"taxable","15":"shipping-taxable","16":"purchasable","17":"product-type-simple"},"jetpack_sharing_enabled":true,"_links":{"self":[{"href":"https:\/\/www.3p-gmbh.de\/es\/wp-json\/wp\/v2\/product\/91828","targetHints":{"allow":["GET"]}}],"collection":[{"href":"https:\/\/www.3p-gmbh.de\/es\/wp-json\/wp\/v2\/product"}],"about":[{"href":"https:\/\/www.3p-gmbh.de\/es\/wp-json\/wp\/v2\/types\/product"}],"wp:featuredmedia":[{"embeddable":true,"href":"https:\/\/www.3p-gmbh.de\/es\/wp-json\/wp\/v2\/media\/69091"}],"wp:attachment":[{"href":"https:\/\/www.3p-gmbh.de\/es\/wp-json\/wp\/v2\/media?parent=91828"}],"wp:term":[{"taxonomy":"product_brand","embeddable":true,"href":"https:\/\/www.3p-gmbh.de\/es\/wp-json\/wp\/v2\/product_brand?post=91828"},{"taxonomy":"product_cat","embeddable":true,"href":"https:\/\/www.3p-gmbh.de\/es\/wp-json\/wp\/v2\/product_cat?post=91828"},{"taxonomy":"product_tag","embeddable":true,"href":"https:\/\/www.3p-gmbh.de\/es\/wp-json\/wp\/v2\/product_tag?post=91828"}],"curies":[{"name":"wp","href":"https:\/\/api.w.org\/{rel}","templated":true}]}}