{"id":91825,"date":"2019-07-11T13:58:39","date_gmt":"2019-07-11T13:58:39","guid":{"rendered":"https:\/\/www.3p-gmbh.de\/produkt\/maquina-ranuradora-y-perforadora-bickel-hk-3-61\/"},"modified":"2019-07-11T13:58:39","modified_gmt":"2019-07-11T13:58:39","slug":"ranura-perforador-4","status":"publish","type":"product","link":"https:\/\/www.3p-gmbh.de\/es\/produkt\/ranura-perforador-4\/","title":{"rendered":"M\u00e1quina ranuradora y perforadora Bickel HK 3-61"},"content":{"rendered":"<p>Esta m\u00e1quina con una anchura de trabajo de 61 cm se utiliza para trabajos econ\u00f3micos de perforaci\u00f3n o ranurado. El proceso de punzonado se realiza mediante un embrague accionado por el pie y controlado el\u00e9ctricamente. Esto deja ambas manos libres para aplicar y alinear los arcos. Los accesorios incluyen un peine ranurador, as\u00ed como una herramienta de ranurado integrada y varios topes.<\/p>\n","protected":false},"excerpt":{"rendered":"<p>Esta m\u00e1quina con una anchura de trabajo de 61 cm se utiliza para trabajos econ\u00f3micos de perforaci\u00f3n o ranurado. El proceso de punzonado se realiza mediante un embrague accionado por el pie y controlado el\u00e9ctricamente. Esto deja ambas manos libres para aplicar y alinear los arcos. Los accesorios incluyen un peine ranurador, as\u00ed como una [&hellip;]<\/p>\n","protected":false},"featured_media":69343,"template":"","meta":[],"product_brand":[],"product_cat":[2959],"product_tag":[],"class_list":{"0":"post-91825","1":"product","2":"type-product","3":"status-publish","4":"has-post-thumbnail","6":"product_cat-maquinas-ranuradoras-y-perforadoras","7":"pa_baujahr-1314","8":"pa_hersteller-bickel","9":"pa_typ-hk-3-61","11":"first","12":"instock","13":"sold-individually","14":"taxable","15":"shipping-taxable","16":"purchasable","17":"product-type-simple"},"jetpack_sharing_enabled":true,"_links":{"self":[{"href":"https:\/\/www.3p-gmbh.de\/es\/wp-json\/wp\/v2\/product\/91825","targetHints":{"allow":["GET"]}}],"collection":[{"href":"https:\/\/www.3p-gmbh.de\/es\/wp-json\/wp\/v2\/product"}],"about":[{"href":"https:\/\/www.3p-gmbh.de\/es\/wp-json\/wp\/v2\/types\/product"}],"wp:featuredmedia":[{"embeddable":true,"href":"https:\/\/www.3p-gmbh.de\/es\/wp-json\/wp\/v2\/media\/69343"}],"wp:attachment":[{"href":"https:\/\/www.3p-gmbh.de\/es\/wp-json\/wp\/v2\/media?parent=91825"}],"wp:term":[{"taxonomy":"product_brand","embeddable":true,"href":"https:\/\/www.3p-gmbh.de\/es\/wp-json\/wp\/v2\/product_brand?post=91825"},{"taxonomy":"product_cat","embeddable":true,"href":"https:\/\/www.3p-gmbh.de\/es\/wp-json\/wp\/v2\/product_cat?post=91825"},{"taxonomy":"product_tag","embeddable":true,"href":"https:\/\/www.3p-gmbh.de\/es\/wp-json\/wp\/v2\/product_tag?post=91825"}],"curies":[{"name":"wp","href":"https:\/\/api.w.org\/{rel}","templated":true}]}}