{"id":91822,"date":"2019-07-11T13:58:39","date_gmt":"2019-07-11T13:58:39","guid":{"rendered":"https:\/\/www.3p-gmbh.de\/produkt\/taladradora-de-papel-de-4-husillos-ernst-nagel-citoborma-490\/"},"modified":"2019-07-11T13:58:39","modified_gmt":"2019-07-11T13:58:39","slug":"taladradora-de-papel-de-4-husillos","status":"publish","type":"product","link":"https:\/\/www.3p-gmbh.de\/es\/produkt\/taladradora-de-papel-de-4-husillos\/","title":{"rendered":"Taladradora de papel de 4 husillos Ernst Nagel Citoborma 490"},"content":{"rendered":"<p><strong>&#8211; Taladradora de papel de husillo Nagel Citoborma 490  <\/strong><\/p>\n<p>&#8211; Se instalan 4 cabezales de perforaci\u00f3n tipo 45 para un di\u00e1metro de perforaci\u00f3n de 2 14 mm (ampliable a 6)<br \/>\n&#8211; Dos velocidades de perforaci\u00f3n<br \/>\n&#8211; P\u00f3rtico resistente a la torsi\u00f3n para mayor precisi\u00f3n y durabilidad<br \/>\n&#8211; Seguridad de trabajo \u00f3ptima gracias al desbloqueo a dos manos o con el pie<br \/>\n&#8211; Altura de apilado 60 mm<br \/>\n&#8211; Profundidad de inserci\u00f3n de hasta 270 mm, permite taladrar A3 en operaci\u00f3n de dos en dos<br \/>\n&#8211; Anchura de inserci\u00f3n 460 mm<br \/>\n&#8211; El f\u00e1cil cambio de cabezal y broca garantiza un tiempo de preparaci\u00f3n m\u00ednimo<\/p>\n<p><a href=\"https:\/\/www.3p-gmbh.de\/wp-content\/uploads\/2019\/07\/Citob490_dt.pdf\">Citob490_dt<\/a><\/p>\n","protected":false},"excerpt":{"rendered":"<p>&#8211; Taladradora de papel de husillo Nagel Citoborma 490 &#8211; Se instalan 4 cabezales de perforaci\u00f3n tipo 45 para un di\u00e1metro de perforaci\u00f3n de 2 14 mm (ampliable a 6) &#8211; Dos velocidades de perforaci\u00f3n &#8211; P\u00f3rtico resistente a la torsi\u00f3n para mayor precisi\u00f3n y durabilidad &#8211; Seguridad de trabajo \u00f3ptima gracias al desbloqueo a [&hellip;]<\/p>\n","protected":false},"featured_media":84434,"template":"","meta":[],"product_brand":[],"product_cat":[2956],"product_tag":[],"class_list":{"0":"post-91822","1":"product","2":"type-product","3":"status-publish","4":"has-post-thumbnail","6":"product_cat-taladros-de-papel","7":"pa_baujahr-153","8":"pa_hersteller-ernst-nagel","9":"pa_typ-citoborma-490","11":"first","12":"instock","13":"sold-individually","14":"taxable","15":"shipping-taxable","16":"purchasable","17":"product-type-simple"},"jetpack_sharing_enabled":true,"_links":{"self":[{"href":"https:\/\/www.3p-gmbh.de\/es\/wp-json\/wp\/v2\/product\/91822","targetHints":{"allow":["GET"]}}],"collection":[{"href":"https:\/\/www.3p-gmbh.de\/es\/wp-json\/wp\/v2\/product"}],"about":[{"href":"https:\/\/www.3p-gmbh.de\/es\/wp-json\/wp\/v2\/types\/product"}],"wp:featuredmedia":[{"embeddable":true,"href":"https:\/\/www.3p-gmbh.de\/es\/wp-json\/wp\/v2\/media\/84434"}],"wp:attachment":[{"href":"https:\/\/www.3p-gmbh.de\/es\/wp-json\/wp\/v2\/media?parent=91822"}],"wp:term":[{"taxonomy":"product_brand","embeddable":true,"href":"https:\/\/www.3p-gmbh.de\/es\/wp-json\/wp\/v2\/product_brand?post=91822"},{"taxonomy":"product_cat","embeddable":true,"href":"https:\/\/www.3p-gmbh.de\/es\/wp-json\/wp\/v2\/product_cat?post=91822"},{"taxonomy":"product_tag","embeddable":true,"href":"https:\/\/www.3p-gmbh.de\/es\/wp-json\/wp\/v2\/product_tag?post=91822"}],"curies":[{"name":"wp","href":"https:\/\/api.w.org\/{rel}","templated":true}]}}