{"id":91810,"date":"2019-07-11T13:58:39","date_gmt":"2019-07-11T13:58:39","guid":{"rendered":"https:\/\/www.3p-gmbh.de\/produkt\/polar-knorr-lw-450-we-apilador-elevador\/"},"modified":"2019-07-11T13:58:39","modified_gmt":"2019-07-11T13:58:39","slug":"elevadores-de-dos-pilas","status":"publish","type":"product","link":"https:\/\/www.3p-gmbh.de\/es\/produkt\/elevadores-de-dos-pilas\/","title":{"rendered":"Polar \/ Knorr LW 450 WE Apilador elevador"},"content":{"rendered":"<p>Mediante la elevaci\u00f3n autom\u00e1tica del material a cortar, el operario puede cargar el material en el vibrador autom\u00e1tico o directamente en la m\u00e1quina de corte a una altura de trabajo ergon\u00f3micamente favorable. Sin embargo, el elevador apilador tambi\u00e9n puede utilizarse para apilar material cortado. El elevador apilable no tiene que anclarse en el suelo, por lo que puede desplazarse f\u00e1cilmente.<\/p>\n<p>Ba\u00f1era (dimensiones interiores) cm 70 x 90<br \/>\nCarrera hasta 85 cm<br \/>\nCapacidad de carga m\u00e1xima kg 600<\/p>\n","protected":false},"excerpt":{"rendered":"<p>Mediante la elevaci\u00f3n autom\u00e1tica del material a cortar, el operario puede cargar el material en el vibrador autom\u00e1tico o directamente en la m\u00e1quina de corte a una altura de trabajo ergon\u00f3micamente favorable. Sin embargo, el elevador apilador tambi\u00e9n puede utilizarse para apilar material cortado. El elevador apilable no tiene que anclarse en el suelo, por [&hellip;]<\/p>\n","protected":false},"featured_media":70699,"template":"","meta":[],"product_brand":[],"product_cat":[2975],"product_tag":[],"class_list":{"0":"post-91810","1":"product","2":"type-product","3":"status-publish","4":"has-post-thumbnail","6":"product_cat-elevadores-y-apiladores","7":"pa_baujahr-127","8":"pa_hersteller-polar-mohr-knorr","9":"pa_typ-lw-450-we","11":"first","12":"instock","13":"sold-individually","14":"taxable","15":"shipping-taxable","16":"purchasable","17":"product-type-simple"},"jetpack_sharing_enabled":true,"_links":{"self":[{"href":"https:\/\/www.3p-gmbh.de\/es\/wp-json\/wp\/v2\/product\/91810","targetHints":{"allow":["GET"]}}],"collection":[{"href":"https:\/\/www.3p-gmbh.de\/es\/wp-json\/wp\/v2\/product"}],"about":[{"href":"https:\/\/www.3p-gmbh.de\/es\/wp-json\/wp\/v2\/types\/product"}],"wp:featuredmedia":[{"embeddable":true,"href":"https:\/\/www.3p-gmbh.de\/es\/wp-json\/wp\/v2\/media\/70699"}],"wp:attachment":[{"href":"https:\/\/www.3p-gmbh.de\/es\/wp-json\/wp\/v2\/media?parent=91810"}],"wp:term":[{"taxonomy":"product_brand","embeddable":true,"href":"https:\/\/www.3p-gmbh.de\/es\/wp-json\/wp\/v2\/product_brand?post=91810"},{"taxonomy":"product_cat","embeddable":true,"href":"https:\/\/www.3p-gmbh.de\/es\/wp-json\/wp\/v2\/product_cat?post=91810"},{"taxonomy":"product_tag","embeddable":true,"href":"https:\/\/www.3p-gmbh.de\/es\/wp-json\/wp\/v2\/product_tag?post=91810"}],"curies":[{"name":"wp","href":"https:\/\/api.w.org\/{rel}","templated":true}]}}