{"id":91801,"date":"2019-07-11T13:58:39","date_gmt":"2019-07-11T13:58:39","guid":{"rendered":"https:\/\/www.3p-gmbh.de\/produkt\/maquina-de-hendido-y-perforacion-ernst-nagel-morgana-auto-creaser-33\/"},"modified":"2019-07-11T13:58:39","modified_gmt":"2019-07-11T13:58:39","slug":"maquina-automatica-de-ranurado-y-perforacion","status":"publish","type":"product","link":"https:\/\/www.3p-gmbh.de\/es\/produkt\/maquina-automatica-de-ranurado-y-perforacion\/","title":{"rendered":"M\u00e1quina de hendido y perforaci\u00f3n Ernst Nagel\/Morgana Auto Creaser 33"},"content":{"rendered":"<p>La m\u00e1quina procesa formatos de papel con una anchura de entrada de 33 cm y una longitud de hasta 100 cm utilizando la probada tecnolog\u00eda de barra de hendido contra ranura de hendido. El material se comprime suavemente durante el proceso de hendido, lo que evita que la tinta se desprenda o que el material se rasgue durante el plegado. El papel se alimenta mediante un sistema de soplado y succi\u00f3n de aire, que evita que se raye el material sensible.<\/p>\n<p>\u00c1mbito de aplicaci\u00f3n: impresiones digitales sensibles, papeles estucados mate, cart\u00f3n, material con sentido de marcha incorrecto, impresos lacados, material laminado, cubiertas de folletos y muchos m\u00e1s.<\/p>\n<p>Es posible perforar y cortar a lo largo del sentido de marcha con herramientas auxiliares rotativas.<\/p>\n<p>Datos t\u00e9cnicos<br \/>\nAnchura de trabajo 35 cm<br \/>\nLongitud de trabajo 100 cm<br \/>\nGramaje de papel recomendado 70 &#8211; 350 g\/m2<br \/>\nMemoria de programa 9<br \/>\nPliegues por hoja m\u00e1x. 16<br \/>\nTama\u00f1o de papel m\u00e1x. &#8211; con alimentaci\u00f3n manual 1.000 x 520 mm<br \/>\nTama\u00f1o de papel m\u00e1x. &#8211; para autom. Alimentaci\u00f3n 700 x 520 mm<br \/>\nTama\u00f1o de papel m\u00edn. 140 x 210 mm<br \/>\nVelocidad de hasta 6.500 (hojas\/hora)<br \/>\nMin. Distancia de hendido 4 mm<br \/>\nMin. Distancia de hendido desde el borde anterior 25 mm<br \/>\nMin. Distancia de hendido desde el borde posterior de la hoja 20 mm<\/p>\n","protected":false},"excerpt":{"rendered":"<p>La m\u00e1quina procesa formatos de papel con una anchura de entrada de 33 cm y una longitud de hasta 100 cm utilizando la probada tecnolog\u00eda de barra de hendido contra ranura de hendido. El material se comprime suavemente durante el proceso de hendido, lo que evita que la tinta se desprenda o que el material [&hellip;]<\/p>\n","protected":false},"featured_media":69319,"template":"","meta":[],"product_brand":[],"product_cat":[2959],"product_tag":[],"class_list":{"0":"post-91801","1":"product","2":"type-product","3":"status-publish","4":"has-post-thumbnail","6":"product_cat-maquinas-ranuradoras-y-perforadoras","7":"pa_baujahr-182","8":"pa_hersteller-ernst-nagel-morgana","9":"pa_typ-auto-rillnak-33","11":"first","12":"instock","13":"sold-individually","14":"taxable","15":"shipping-taxable","16":"purchasable","17":"product-type-simple"},"jetpack_sharing_enabled":true,"_links":{"self":[{"href":"https:\/\/www.3p-gmbh.de\/es\/wp-json\/wp\/v2\/product\/91801","targetHints":{"allow":["GET"]}}],"collection":[{"href":"https:\/\/www.3p-gmbh.de\/es\/wp-json\/wp\/v2\/product"}],"about":[{"href":"https:\/\/www.3p-gmbh.de\/es\/wp-json\/wp\/v2\/types\/product"}],"wp:featuredmedia":[{"embeddable":true,"href":"https:\/\/www.3p-gmbh.de\/es\/wp-json\/wp\/v2\/media\/69319"}],"wp:attachment":[{"href":"https:\/\/www.3p-gmbh.de\/es\/wp-json\/wp\/v2\/media?parent=91801"}],"wp:term":[{"taxonomy":"product_brand","embeddable":true,"href":"https:\/\/www.3p-gmbh.de\/es\/wp-json\/wp\/v2\/product_brand?post=91801"},{"taxonomy":"product_cat","embeddable":true,"href":"https:\/\/www.3p-gmbh.de\/es\/wp-json\/wp\/v2\/product_cat?post=91801"},{"taxonomy":"product_tag","embeddable":true,"href":"https:\/\/www.3p-gmbh.de\/es\/wp-json\/wp\/v2\/product_tag?post=91801"}],"curies":[{"name":"wp","href":"https:\/\/api.w.org\/{rel}","templated":true}]}}